{"id":2735,"date":"2017-03-01T12:14:46","date_gmt":"2017-03-01T12:14:46","guid":{"rendered":"http:\/\/ed.aislinthemes.com\/?page_id=1568"},"modified":"2020-03-03T15:10:44","modified_gmt":"2020-03-03T13:10:44","slug":"sasniegumi","status":"publish","type":"page","link":"https:\/\/www.rchv.lv\/web\/par-mums\/sasniegumi","title":{"rendered":"Sasniegumi"},"content":{"rendered":"<div class=\"vc_row wpb_row vc_row-fluid vc_custom_1501152596112\"><div class=\"wpb_column vc_column_container vc_col-sm-12\"><div class=\"vc_column-inner vc_custom_1491469743240\"><div class=\"wpb_wrapper\"><h1 style=\"text-align: left\" class=\"vc_custom_heading vc_custom_1581888402219\" >Sasniegumi<\/h1><\/div><\/div><\/div><\/div><div class=\"vc_row wpb_row vc_row-fluid vc_custom_1583183596814\"><div class=\"wpb_column vc_column_container vc_col-sm-12\"><div class=\"vc_column-inner vc_custom_1491469743240\"><div class=\"wpb_wrapper\">\t\t<div class=\"linp-post-list  layout_2\">\n\t\t\t\t\t\t\t<div class=\"vc_row\">\n\t\t\t\t\t\t\t\t\t\t\t\t\t\t\t\t\t\t<div class=\"item one third\">\n\t<div class=\"inner-wrap\">\n\t\t\t\t<div class=\"data\">\n\t\t\t<h3>\n\t\t\t\t<a title=\"Runas konkursa laure\u0101ti!\"\n\t\t\t\t   href=\"https:\/\/www.rchv.lv\/web\/archives\/13465\">\n\t\t\t\t\tRunas konkursa laure\u0101ti!\t\t\t\t<\/a>\n\t\t\t<\/h3>\n\n\t\t\t<div class=\"meta-data\">\n\t\t\t\t<div class=\"date\">\n\t\t\t\t\t\t\t\t\t\t\tmarts 16\t\t\t\t\t\t\t\t\t<\/div>\n\t\t\t\t\t\t\t\t\t\t\t<\/div>\n\t\t\t\n\t\t\t\t\t\t\t<div class=\"content\">\n\t\t\t\t\t\t\t\t\t\t<p><\/p>\n\t\t\t\t<\/div>\n\t\t\t\t\t\t\t\t<\/div>\n\t<\/div>\n<\/div>\t\t\t\t\t\t\n\t\t\t\t\t\t\t\t\t\t\t\t\t\t\t\t\t\t<div class=\"item one third\">\n\t<div class=\"inner-wrap\">\n\t\t\t\t<div class=\"data\">\n\t\t\t<h3>\n\t\t\t\t<a title=\"ZPD konferences laure\u0101ti!\"\n\t\t\t\t   href=\"https:\/\/www.rchv.lv\/web\/archives\/13444\">\n\t\t\t\t\tZPD konferences laure\u0101ti!\t\t\t\t<\/a>\n\t\t\t<\/h3>\n\n\t\t\t<div class=\"meta-data\">\n\t\t\t\t<div class=\"date\">\n\t\t\t\t\t\t\t\t\t\t\tmarts 11\t\t\t\t\t\t\t\t\t<\/div>\n\t\t\t\t\t\t\t\t\t\t\t<\/div>\n\t\t\t\n\t\t\t\t\t\t\t<div class=\"content\">\n\t\t\t\t\t\t\t\t\t\t<p><\/p>\n\t\t\t\t<\/div>\n\t\t\t\t\t\t\t\t<\/div>\n\t<\/div>\n<\/div>\t\t\t\t\t\t\n\t\t\t\t\t\t\t\t\t\t\t\t\t\t\t\t\t\t<div class=\"item one third\">\n\t<div class=\"inner-wrap\">\n\t\t\t\t<div class=\"data\">\n\t\t\t<h3>\n\t\t\t\t<a title=\"ZPD konferences laure\u0101ti!\"\n\t\t\t\t   href=\"https:\/\/www.rchv.lv\/web\/archives\/13441\">\n\t\t\t\t\tZPD konferences laure\u0101ti!\t\t\t\t<\/a>\n\t\t\t<\/h3>\n\n\t\t\t<div class=\"meta-data\">\n\t\t\t\t<div class=\"date\">\n\t\t\t\t\t\t\t\t\t\t\tmarts 11\t\t\t\t\t\t\t\t\t<\/div>\n\t\t\t\t\t\t\t\t\t\t\t<\/div>\n\t\t\t\n\t\t\t\t\t\t\t<div class=\"content\">\n\t\t\t\t\t\t\t\t\t\t<p><\/p>\n\t\t\t\t<\/div>\n\t\t\t\t\t\t\t\t<\/div>\n\t<\/div>\n<\/div>\t\t\t\t\t\t\n\t\t\t\t\t\t\t\t\t<\/div>\n\t\t\t\t\t\t\t<div class=\"vc_row\">\n\t\t\t\t\t\t\t\t\t\t\t\t\t\t\t\t\t\t<div class=\"item one third\">\n\t<div class=\"inner-wrap\">\n\t\t\t\t<div class=\"data\">\n\t\t\t<h3>\n\t\t\t\t<a title=\"Latvie\u0161u valodas olimpi\u0101des laure\u0101ti!\"\n\t\t\t\t   href=\"https:\/\/www.rchv.lv\/web\/archives\/13404\">\n\t\t\t\t\tLatvie\u0161u valodas olimpi\u0101des laure\u0101ti!\t\t\t\t<\/a>\n\t\t\t<\/h3>\n\n\t\t\t<div class=\"meta-data\">\n\t\t\t\t<div class=\"date\">\n\t\t\t\t\t\t\t\t\t\t\tmarts 10\t\t\t\t\t\t\t\t\t<\/div>\n\t\t\t\t\t\t\t\t\t\t\t<\/div>\n\t\t\t\n\t\t\t\t\t\t\t<div class=\"content\">\n\t\t\t\t\t\t\t\t\t\t<p><\/p>\n\t\t\t\t<\/div>\n\t\t\t\t\t\t\t\t<\/div>\n\t<\/div>\n<\/div>\t\t\t\t\t\t\n\t\t\t\t\t\t\t\t\t\t\t\t\t\t\t\t\t\t<div class=\"item one third\">\n\t<div class=\"inner-wrap\">\n\t\t\t\t<div class=\"data\">\n\t\t\t<h3>\n\t\t\t\t<a title=\"6. - 7. kla\u0161u z\u0113nu komandai 1. vieta!\"\n\t\t\t\t   href=\"https:\/\/www.rchv.lv\/web\/archives\/13376\">\n\t\t\t\t\t6. - 7. kla\u0161u z\u0113nu komandai 1. vieta!\t\t\t\t<\/a>\n\t\t\t<\/h3>\n\n\t\t\t<div class=\"meta-data\">\n\t\t\t\t<div class=\"date\">\n\t\t\t\t\t\t\t\t\t\t\tfebru\u0101ris 26\t\t\t\t\t\t\t\t\t<\/div>\n\t\t\t\t\t\t\t\t\t\t\t<\/div>\n\t\t\t\n\t\t\t\t\t\t\t<div class=\"content\">\n\t\t\t\t\t\t\t\t\t\t<p><\/p>\n\t\t\t\t<\/div>\n\t\t\t\t\t\t\t\t<\/div>\n\t<\/div>\n<\/div>\t\t\t\t\t\t\n\t\t\t\t\t\t\t\t\t\t\t\t\t\t\t\t\t\t<div class=\"item one third\">\n\t<div class=\"inner-wrap\">\n\t\t\t\t<div class=\"data\">\n\t\t\t<h3>\n\t\t\t\t<a title=\"6. - 7. kla\u0161u meite\u0146u komandai 2. vieta!\"\n\t\t\t\t   href=\"https:\/\/www.rchv.lv\/web\/archives\/13372\">\n\t\t\t\t\t6. - 7. kla\u0161u meite\u0146u komandai 2. vieta!\t\t\t\t<\/a>\n\t\t\t<\/h3>\n\n\t\t\t<div class=\"meta-data\">\n\t\t\t\t<div class=\"date\">\n\t\t\t\t\t\t\t\t\t\t\tfebru\u0101ris 26\t\t\t\t\t\t\t\t\t<\/div>\n\t\t\t\t\t\t\t\t\t\t\t<\/div>\n\t\t\t\n\t\t\t\t\t\t\t<div class=\"content\">\n\t\t\t\t\t\t\t\t\t\t<p><\/p>\n\t\t\t\t<\/div>\n\t\t\t\t\t\t\t\t<\/div>\n\t<\/div>\n<\/div>\t\t\t\t\t\t\n\t\t\t\t\t\t\t\t\t<\/div>\n\t\t\t\t\t\t\t<div class=\"vc_row\">\n\t\t\t\t\t\t\t\t\t\t\t\t\t\t\t\t\t\t<div class=\"item one third\">\n\t<div class=\"inner-wrap\">\n\t\t\t\t<div class=\"data\">\n\t\t\t<h3>\n\t\t\t\t<a title=\"\u0136\u012bmijas olimpi\u0101des laure\u0101ti\"\n\t\t\t\t   href=\"https:\/\/www.rchv.lv\/web\/archives\/13363\">\n\t\t\t\t\t\u0136\u012bmijas olimpi\u0101des laure\u0101ti\t\t\t\t<\/a>\n\t\t\t<\/h3>\n\n\t\t\t<div class=\"meta-data\">\n\t\t\t\t<div class=\"date\">\n\t\t\t\t\t\t\t\t\t\t\tfebru\u0101ris 23\t\t\t\t\t\t\t\t\t<\/div>\n\t\t\t\t\t\t\t\t\t\t\t<\/div>\n\t\t\t\n\t\t\t\t\t\t\t<div class=\"content\">\n\t\t\t\t\t\t\t\t\t\t<p><\/p>\n\t\t\t\t<\/div>\n\t\t\t\t\t\t\t\t<\/div>\n\t<\/div>\n<\/div>\t\t\t\t\t\t\n\t\t\t\t\t\t\t\t\t\t\t\t\t\t\t\t\t\t<div class=\"item one third\">\n\t<div class=\"inner-wrap\">\n\t\t\t\t<div class=\"data\">\n\t\t\t<h3>\n\t\t\t\t<a title=\"Dabaszin\u012bbu konkursa laure\u0101ti\"\n\t\t\t\t   href=\"https:\/\/www.rchv.lv\/web\/archives\/13360\">\n\t\t\t\t\tDabaszin\u012bbu konkursa laure\u0101ti\t\t\t\t<\/a>\n\t\t\t<\/h3>\n\n\t\t\t<div class=\"meta-data\">\n\t\t\t\t<div class=\"date\">\n\t\t\t\t\t\t\t\t\t\t\tfebru\u0101ris 23\t\t\t\t\t\t\t\t\t<\/div>\n\t\t\t\t\t\t\t\t\t\t\t<\/div>\n\t\t\t\n\t\t\t\t\t\t\t<div class=\"content\">\n\t\t\t\t\t\t\t\t\t\t<p>R\u012bgas 40.vidusskolas organiz\u0113taj\u0101 10. atkl\u0101taj\u0101 Dabaszin\u012bbu konkurs\u0101 2. vieta - Adrijai Lapi\u0146ai, atzin\u012bba - Katr\u012bnai Em\u012blijai Sili\u0146ai!<\/p>\n\t\t\t\t<\/div>\n\t\t\t\t\t\t\t\t<\/div>\n\t<\/div>\n<\/div>\t\t\t\t\t\t\n\t\t\t\t\t\t\t\t\t\t\t\t\t\t\t\t\t\t<div class=\"item one third\">\n\t<div class=\"inner-wrap\">\n\t\t\t\t<div class=\"data\">\n\t\t\t<h3>\n\t\t\t\t<a title=\"Latvie\u0161u valodas olimpi\u0101des laure\u0101ti 8. - 9. kla\u0161u grupa\"\n\t\t\t\t   href=\"https:\/\/www.rchv.lv\/web\/archives\/13357\">\n\t\t\t\t\tLatvie\u0161u valodas olimpi\u0101des laure\u0101ti 8. - 9. kla\u0161u grupa\t\t\t\t<\/a>\n\t\t\t<\/h3>\n\n\t\t\t<div class=\"meta-data\">\n\t\t\t\t<div class=\"date\">\n\t\t\t\t\t\t\t\t\t\t\tfebru\u0101ris 23\t\t\t\t\t\t\t\t\t<\/div>\n\t\t\t\t\t\t\t\t\t\t\t<\/div>\n\t\t\t\n\t\t\t\t\t\t\t<div class=\"content\">\n\t\t\t\t\t\t\t\t\t\t<p><\/p>\n\t\t\t\t<\/div>\n\t\t\t\t\t\t\t\t<\/div>\n\t<\/div>\n<\/div>\t\t\t\t\t\t\n\t\t\t\t\t\t\t\t\t<\/div>\n\t\t\t\t\t\t\t<div class=\"vc_row\">\n\t\t\t\t\t\t\t\t\t\t\t\t\t\t\t\t\t\t<div class=\"item one third\">\n\t<div class=\"inner-wrap\">\n\t\t\t\t<div class=\"data\">\n\t\t\t<h3>\n\t\t\t\t<a title=\"M\u016bzikas olimpi\u0101des laure\u0101ti\"\n\t\t\t\t   href=\"https:\/\/www.rchv.lv\/web\/archives\/13345\">\n\t\t\t\t\tM\u016bzikas olimpi\u0101des laure\u0101ti\t\t\t\t<\/a>\n\t\t\t<\/h3>\n\n\t\t\t<div class=\"meta-data\">\n\t\t\t\t<div class=\"date\">\n\t\t\t\t\t\t\t\t\t\t\tfebru\u0101ris 18\t\t\t\t\t\t\t\t\t<\/div>\n\t\t\t\t\t\t\t\t\t\t\t<\/div>\n\t\t\t\n\t\t\t\t\t\t\t<div class=\"content\">\n\t\t\t\t\t\t\t\t\t\t<p><\/p>\n\t\t\t\t<\/div>\n\t\t\t\t\t\t\t\t<\/div>\n\t<\/div>\n<\/div>\t\t\t\t\t\t\n\t\t\t\t\t\t\t\t\t\t\t\t\t\t\t\t\t\t<div class=\"item one third\">\n\t<div class=\"inner-wrap\">\n\t\t\t\t<div class=\"data\">\n\t\t\t<h3>\n\t\t\t\t<a title=\"Latvie\u0161u valodas un literat\u016bras olimpi\u0101de 11. - 12. klas\u0113m\"\n\t\t\t\t   href=\"https:\/\/www.rchv.lv\/web\/archives\/13342\">\n\t\t\t\t\tLatvie\u0161u valodas un literat\u016bras olimpi\u0101de 11. - 12. klas\u0113m\t\t\t\t<\/a>\n\t\t\t<\/h3>\n\n\t\t\t<div class=\"meta-data\">\n\t\t\t\t<div class=\"date\">\n\t\t\t\t\t\t\t\t\t\t\tfebru\u0101ris 18\t\t\t\t\t\t\t\t\t<\/div>\n\t\t\t\t\t\t\t\t\t\t\t<\/div>\n\t\t\t\n\t\t\t\t\t\t\t<div class=\"content\">\n\t\t\t\t\t\t\t\t\t\t<p><\/p>\n\t\t\t\t<\/div>\n\t\t\t\t\t\t\t\t<\/div>\n\t<\/div>\n<\/div>\t\t\t\t\t\t\n\t\t\t\t\t\t\t\t\t\t\t\t\t\t\t\t\t\t<div class=\"item one third\">\n\t<div class=\"inner-wrap\">\n\t\t\t\t<div class=\"data\">\n\t\t\t<h3>\n\t\t\t\t<a title=\"Tautas bumb\u0101 2. vieta!\"\n\t\t\t\t   href=\"https:\/\/www.rchv.lv\/web\/archives\/13324\">\n\t\t\t\t\tTautas bumb\u0101 2. vieta!\t\t\t\t<\/a>\n\t\t\t<\/h3>\n\n\t\t\t<div class=\"meta-data\">\n\t\t\t\t<div class=\"date\">\n\t\t\t\t\t\t\t\t\t\t\tfebru\u0101ris 13\t\t\t\t\t\t\t\t\t<\/div>\n\t\t\t\t\t\t\t\t\t\t\t<\/div>\n\t\t\t\n\t\t\t\t\t\t\t<div class=\"content\">\n\t\t\t\t\t\t\t\t\t\t<p>Sveicam RCHV 5. kla\u0161u z\u0113nu komandu ar izc\u012bn\u012bto 2. vietu Centra rajona starpskolu sacens\u012bb\u0101s tautas bumb\u0101!<\/p>\n\t\t\t\t<\/div>\n\t\t\t\t\t\t\t\t<\/div>\n\t<\/div>\n<\/div>\t\t\t\t\t\t\n\t\t\t\t\t\t\t\t\t<\/div>\n\t\t\t\t\t\t\t\t<\/div>\n\t\t<\/div><\/div><\/div><\/div>\n","protected":false},"excerpt":{"rendered":"Sasniegumi Runas konkursa laure\u0101ti! marts 16 ZPD konferences laure\u0101ti! marts 11 ZPD konferences laure\u0101ti! marts 11 Latvie\u0161u valodas olimpi\u0101des laure\u0101ti!&nbsp;<a href=\"https:\/\/www.rchv.lv\/web\/par-mums\/sasniegumi\">&hellip;<\/a>","protected":false},"author":1,"featured_media":0,"parent":2758,"menu_order":0,"comment_status":"closed","ping_status":"closed","template":"template-sidebar-right-childpages.php","meta":{"inline_featured_image":false,"footnotes":""},"class_list":["post-2735","page","type-page","status-publish","hentry","odd"],"_links":{"self":[{"href":"https:\/\/www.rchv.lv\/web\/wp-json\/wp\/v2\/pages\/2735","targetHints":{"allow":["GET"]}}],"collection":[{"href":"https:\/\/www.rchv.lv\/web\/wp-json\/wp\/v2\/pages"}],"about":[{"href":"https:\/\/www.rchv.lv\/web\/wp-json\/wp\/v2\/types\/page"}],"author":[{"embeddable":true,"href":"https:\/\/www.rchv.lv\/web\/wp-json\/wp\/v2\/users\/1"}],"replies":[{"embeddable":true,"href":"https:\/\/www.rchv.lv\/web\/wp-json\/wp\/v2\/comments?post=2735"}],"version-history":[{"count":31,"href":"https:\/\/www.rchv.lv\/web\/wp-json\/wp\/v2\/pages\/2735\/revisions"}],"predecessor-version":[{"id":5015,"href":"https:\/\/www.rchv.lv\/web\/wp-json\/wp\/v2\/pages\/2735\/revisions\/5015"}],"up":[{"embeddable":true,"href":"https:\/\/www.rchv.lv\/web\/wp-json\/wp\/v2\/pages\/2758"}],"wp:attachment":[{"href":"https:\/\/www.rchv.lv\/web\/wp-json\/wp\/v2\/media?parent=2735"}],"curies":[{"name":"wp","href":"https:\/\/api.w.org\/{rel}","templated":true}]}}