{"id":2744,"date":"2017-02-16T13:12:20","date_gmt":"2017-02-16T13:12:20","guid":{"rendered":"http:\/\/ed.aislinthemes.com\/?page_id=881"},"modified":"2026-02-04T08:30:53","modified_gmt":"2026-02-04T06:30:53","slug":"fakultativas-nodarbibas","status":"publish","type":"page","link":"https:\/\/www.rchv.lv\/web\/atrodi\/fakultativas-nodarbibas","title":{"rendered":"Konsult\u0101ciju saraksts"},"content":{"rendered":"<div class=\"vc_row wpb_row vc_row-fluid\"><div class=\"wpb_column vc_column_container vc_col-sm-12\"><div class=\"vc_column-inner\"><div class=\"wpb_wrapper\"><h1 style=\"text-align: left\" class=\"vc_custom_heading vc_custom_1663827850329\" >Konsult\u0101cijas 1. - 4. klas\u0113m<\/h1>\n\t<div  class=\"wpb_single_image wpb_content_element vc_align_left\">\n\t\t\n\t\t<figure class=\"wpb_wrapper vc_figure\">\n\t\t\t<a href=\"https:\/\/www.rchv.lv\/web\/wp-content\/uploads\/2025\/10\/Konsultacijas25_26.pdf\" target=\"_self\" class=\"vc_single_image-wrapper   vc_box_border_grey\"><img loading=\"lazy\" decoding=\"async\" class=\"vc_single_image-img \" src=\"https:\/\/www.rchv.lv\/web\/wp-content\/uploads\/2020\/02\/pdf-1-100x121.png\" width=\"100\" height=\"121\" alt=\"pdf\" title=\"pdf\" \/><\/a>\n\t\t<\/figure>\n\t<\/div>\n<\/div><\/div><\/div><\/div><div class=\"vc_row wpb_row vc_row-fluid\"><div class=\"wpb_column vc_column_container vc_col-sm-12\"><div class=\"vc_column-inner\"><div class=\"wpb_wrapper\"><h1 style=\"text-align: left\" class=\"vc_custom_heading vc_custom_1663586366978\" >Konsult\u0101cijas 5. - 12. klas\u0113m<\/h1>\n\t<div  class=\"wpb_single_image wpb_content_element vc_align_left\">\n\t\t\n\t\t<figure class=\"wpb_wrapper vc_figure\">\n\t\t\t<a href=\"https:\/\/www.rchv.lv\/web\/wp-content\/uploads\/2026\/02\/Konsultaciju-grafiks-2.sem-no-02.02...pdf\" target=\"_self\" class=\"vc_single_image-wrapper   vc_box_border_grey\"><img loading=\"lazy\" decoding=\"async\" class=\"vc_single_image-img \" src=\"https:\/\/www.rchv.lv\/web\/wp-content\/uploads\/2020\/02\/pdf-1-100x121.png\" width=\"100\" height=\"121\" alt=\"pdf\" title=\"pdf\" \/><\/a>\n\t\t<\/figure>\n\t<\/div>\n<\/div><\/div><\/div><\/div>\n","protected":false},"excerpt":{"rendered":"Konsult\u0101cijas 1. - 4. klas\u0113m Konsult\u0101cijas 5. - 12. klas\u0113m","protected":false},"author":1,"featured_media":0,"parent":2734,"menu_order":1,"comment_status":"closed","ping_status":"closed","template":"template-sidebar-right-childpages.php","meta":{"inline_featured_image":false,"footnotes":""},"class_list":["post-2744","page","type-page","status-publish","hentry","odd"],"_links":{"self":[{"href":"https:\/\/www.rchv.lv\/web\/wp-json\/wp\/v2\/pages\/2744","targetHints":{"allow":["GET"]}}],"collection":[{"href":"https:\/\/www.rchv.lv\/web\/wp-json\/wp\/v2\/pages"}],"about":[{"href":"https:\/\/www.rchv.lv\/web\/wp-json\/wp\/v2\/types\/page"}],"author":[{"embeddable":true,"href":"https:\/\/www.rchv.lv\/web\/wp-json\/wp\/v2\/users\/1"}],"replies":[{"embeddable":true,"href":"https:\/\/www.rchv.lv\/web\/wp-json\/wp\/v2\/comments?post=2744"}],"version-history":[{"count":91,"href":"https:\/\/www.rchv.lv\/web\/wp-json\/wp\/v2\/pages\/2744\/revisions"}],"predecessor-version":[{"id":13259,"href":"https:\/\/www.rchv.lv\/web\/wp-json\/wp\/v2\/pages\/2744\/revisions\/13259"}],"up":[{"embeddable":true,"href":"https:\/\/www.rchv.lv\/web\/wp-json\/wp\/v2\/pages\/2734"}],"wp:attachment":[{"href":"https:\/\/www.rchv.lv\/web\/wp-json\/wp\/v2\/media?parent=2744"}],"curies":[{"name":"wp","href":"https:\/\/api.w.org\/{rel}","templated":true}]}}