{"id":2747,"date":"2017-02-14T08:33:21","date_gmt":"2017-02-14T06:33:21","guid":{"rendered":"http:\/\/ed.aislinthemes.com\/?page_id=661"},"modified":"2026-04-21T14:51:38","modified_gmt":"2026-04-21T12:51:38","slug":"vakances","status":"publish","type":"page","link":"https:\/\/www.rchv.lv\/web\/noderigi\/vakances","title":{"rendered":"Vakances"},"content":{"rendered":"<div class=\"vc_row wpb_row vc_row-fluid\"><div class=\"wpb_column vc_column_container vc_col-sm-12\"><div class=\"vc_column-inner vc_custom_1491470918309\"><div class=\"wpb_wrapper\"><h1 style=\"text-align: left\" class=\"vc_custom_heading vc_custom_1581896767889\" >Vakances<\/h1><\/div><\/div><\/div><\/div><div class=\"vc_row wpb_row vc_row-fluid\"><div class=\"wpb_column vc_column_container vc_col-sm-3\"><div class=\"vc_column-inner\"><div class=\"wpb_wrapper\">\n\t<div  class=\"wpb_single_image wpb_content_element vc_align_left  vc_custom_1583236263150\">\n\t\t\n\t\t<figure class=\"wpb_wrapper vc_figure\">\n\t\t\t<div class=\"vc_single_image-wrapper   vc_box_border_grey\"><img loading=\"lazy\" decoding=\"async\" class=\"vc_single_image-img \" src=\"https:\/\/www.rchv.lv\/web\/wp-content\/uploads\/2020\/02\/color-grey-200x20.png\" width=\"200\" height=\"20\" alt=\"color-grey\" title=\"color-grey\" \/><\/div>\n\t\t<\/figure>\n\t<\/div>\n<\/div><\/div><\/div><div class=\"wpb_column vc_column_container vc_col-sm-9\"><div class=\"vc_column-inner vc_custom_1490018219588\"><div class=\"wpb_wrapper\"><h4 style=\"text-align: left\" class=\"vc_custom_heading vc_custom_1776775822890\" >Biroja administrators<\/h4><p style=\"font-size: 14px;line-height: 21px;text-align: left\" class=\"vc_custom_heading vc_custom_1776775849849\" >R\u012bgas Centra humanit\u0101r\u0101 vidusskola<\/p><div class=\"vc_separator wpb_content_element vc_separator_align_center vc_sep_width_100 vc_sep_border_width_4 vc_sep_pos_align_center vc_separator_no_text vc_sep_color_grey vc_custom_1490017998048  vc_custom_1490017998048\" ><span class=\"vc_sep_holder vc_sep_holder_l\"><span  class=\"vc_sep_line\"><\/span><\/span><span class=\"vc_sep_holder vc_sep_holder_r\"><span  class=\"vc_sep_line\"><\/span><\/span>\n<\/div>\n\t<div class=\"wpb_text_column wpb_content_element  vc_custom_1776775866595\" >\n\t\t<div class=\"wpb_wrapper\">\n\t\t\t<p><strong>Darba pien\u0101kumi:<\/strong><\/p>\n<p>Nodro\u0161in\u0101t iest\u0101des dokumentu p\u0101rvald\u012bbu un apriti sist\u0113m\u0101s ELISS, ARH\u012aVI, UDV, VIIS atbilsto\u0161i normat\u012bvo aktu pras\u012bb\u0101m saska\u0146\u0101 ar amata aprakstu.<\/p>\n<p><strong>Pras\u012bbas kandid\u0101tiem:<\/strong><\/p>\n<p>Vid\u0113j\u0101 speci\u0101l\u0101 vai augst\u0101k\u0101 izgl\u012bt\u012bba, zin\u0101\u0161anas\/ prasmes lietved\u012bbas jaut\u0101jumos, prasme str\u0101d\u0101t ar biroja tehniku, datu b\u0101z\u0113m, valsts valodas prasme augst\u0101kaj\u0101 l\u012bmen\u012b. V\u0113lama pieredze darb\u0101 ar sist\u0113mu ELISS.<\/p>\n<p><strong>Pied\u0101v\u0101jums:<\/strong> pilna slodze, m\u0113ne\u0161alga no 1500 EUR pirms nodok\u013cu nomaksas.<\/p>\n\n\t\t<\/div>\n\t<\/div>\n\n\t<div class=\"wpb_text_column wpb_content_element \" >\n\t\t<div class=\"wpb_wrapper\">\n\t\t\t<p>Piez\u012bmes: L\u016bgums s\u016bt\u012bt motiv\u0101cijas v\u0113stuli un CV uz e-pastu: <a href=\"mailto:chvs@riga.lv\">chvs@riga.lv<\/a>. Pieteik\u0161an\u0101s l\u012bdz 27.04.2026. Sazin\u0101simies ar tiem pretendentiem, kuri tiks aicin\u0101ti uz sarunu kl\u0101tien\u0113.<\/p>\n\n\t\t<\/div>\n\t<\/div>\n<div class=\"vc_empty_space\"   style=\"height: 32px\"><span class=\"vc_empty_space_inner\"><\/span><\/div><\/div><\/div><\/div><\/div><div class=\"vc_row wpb_row vc_row-fluid\"><div class=\"wpb_column vc_column_container vc_col-sm-3\"><div class=\"vc_column-inner\"><div class=\"wpb_wrapper\">\n\t<div  class=\"wpb_single_image wpb_content_element vc_align_left  vc_custom_1583236263150\">\n\t\t\n\t\t<figure class=\"wpb_wrapper vc_figure\">\n\t\t\t<div class=\"vc_single_image-wrapper   vc_box_border_grey\"><img loading=\"lazy\" decoding=\"async\" class=\"vc_single_image-img \" src=\"https:\/\/www.rchv.lv\/web\/wp-content\/uploads\/2020\/02\/color-grey-200x20.png\" width=\"200\" height=\"20\" alt=\"color-grey\" title=\"color-grey\" \/><\/div>\n\t\t<\/figure>\n\t<\/div>\n<\/div><\/div><\/div><div class=\"wpb_column vc_column_container vc_col-sm-9\"><div class=\"vc_column-inner vc_custom_1490018219588\"><div class=\"wpb_wrapper\"><h4 style=\"text-align: left\" class=\"vc_custom_heading vc_custom_1588741065137\" >S\u0113tnieks<\/h4><p style=\"font-size: 14px;line-height: 21px;text-align: left\" class=\"vc_custom_heading vc_custom_1582402939520\" >R\u012bgas Centra humanit\u0101r\u0101 vidusskolas sporta komplekss<\/p><div class=\"vc_separator wpb_content_element vc_separator_align_center vc_sep_width_100 vc_sep_border_width_4 vc_sep_pos_align_center vc_separator_no_text vc_sep_color_grey vc_custom_1490017998048  vc_custom_1490017998048\" ><span class=\"vc_sep_holder vc_sep_holder_l\"><span  class=\"vc_sep_line\"><\/span><\/span><span class=\"vc_sep_holder vc_sep_holder_r\"><span  class=\"vc_sep_line\"><\/span><\/span>\n<\/div>\n\t<div class=\"wpb_text_column wpb_content_element  vc_custom_1773392115488\" >\n\t\t<div class=\"wpb_wrapper\">\n\t\t\t<p>R\u012bgas Centra humanit\u0101r\u0101s vidusskolas sporta komplekss \u201cCentra sporta kvart\u0101ls\u201d aicina pieteikties S\u0112TNIEKA (profesijas kods 961301) vakancei uz pilnu slodzi sporta kompleks\u0101. Galvenie amata pien\u0101kumi: kopt un uztur\u0113t k\u0101rt\u012bb\u0101 sporta kompleksa kop\u0113jo plat\u012bbu, k\u0101 ar\u012b citi pien\u0101kumi saska\u0146\u0101 ar amata aprakstu.<\/p>\n<p>Atalgojums 780 EUR pirms nodok\u013cu nomaksas.<\/p>\n\n\t\t<\/div>\n\t<\/div>\n\n\t<div class=\"wpb_text_column wpb_content_element \" >\n\t\t<div class=\"wpb_wrapper\">\n\t\t\t<p style=\"font-weight: 400;\">S\u016btiet CV un motiv\u0101cijas v\u0113stuli uz <span style=\"text-decoration: underline;\"><a href=\"mailto:chvs@riga.lv\">chvs@riga.lv<\/a><\/span> vai zvaniet 26551606.<\/p>\n\n\t\t<\/div>\n\t<\/div>\n<div class=\"vc_empty_space\"   style=\"height: 32px\"><span class=\"vc_empty_space_inner\"><\/span><\/div><\/div><\/div><\/div><\/div>\n","protected":false},"excerpt":{"rendered":"Vakances Biroja administratorsR\u012bgas Centra humanit\u0101r\u0101 vidusskola Darba pien\u0101kumi: Nodro\u0161in\u0101t iest\u0101des dokumentu p\u0101rvald\u012bbu un apriti sist\u0113m\u0101s ELISS, ARH\u012aVI, UDV, VIIS atbilsto\u0161i&nbsp;<a href=\"https:\/\/www.rchv.lv\/web\/noderigi\/vakances\">&hellip;<\/a>","protected":false},"author":1,"featured_media":0,"parent":3000,"menu_order":5,"comment_status":"closed","ping_status":"closed","template":"template-sidebar-right-childpages.php","meta":{"inline_featured_image":false,"footnotes":""},"class_list":["post-2747","page","type-page","status-publish","hentry","odd"],"_links":{"self":[{"href":"https:\/\/www.rchv.lv\/web\/wp-json\/wp\/v2\/pages\/2747","targetHints":{"allow":["GET"]}}],"collection":[{"href":"https:\/\/www.rchv.lv\/web\/wp-json\/wp\/v2\/pages"}],"about":[{"href":"https:\/\/www.rchv.lv\/web\/wp-json\/wp\/v2\/types\/page"}],"author":[{"embeddable":true,"href":"https:\/\/www.rchv.lv\/web\/wp-json\/wp\/v2\/users\/1"}],"replies":[{"embeddable":true,"href":"https:\/\/www.rchv.lv\/web\/wp-json\/wp\/v2\/comments?post=2747"}],"version-history":[{"count":67,"href":"https:\/\/www.rchv.lv\/web\/wp-json\/wp\/v2\/pages\/2747\/revisions"}],"predecessor-version":[{"id":13487,"href":"https:\/\/www.rchv.lv\/web\/wp-json\/wp\/v2\/pages\/2747\/revisions\/13487"}],"up":[{"embeddable":true,"href":"https:\/\/www.rchv.lv\/web\/wp-json\/wp\/v2\/pages\/3000"}],"wp:attachment":[{"href":"https:\/\/www.rchv.lv\/web\/wp-json\/wp\/v2\/media?parent=2747"}],"curies":[{"name":"wp","href":"https:\/\/api.w.org\/{rel}","templated":true}]}}