{"id":2753,"date":"2017-02-13T11:46:42","date_gmt":"2017-02-13T09:46:42","guid":{"rendered":"http:\/\/ed.aislinthemes.com\/?page_id=504"},"modified":"2024-09-17T09:04:41","modified_gmt":"2024-09-17T07:04:41","slug":"galerijas","status":"publish","type":"page","link":"https:\/\/www.rchv.lv\/web\/noderigi\/galerijas","title":{"rendered":"Galerijas"},"content":{"rendered":"<div class=\"vc_row wpb_row vc_row-fluid\"><div class=\"wpb_column vc_column_container vc_col-sm-12\"><div class=\"vc_column-inner\"><div class=\"wpb_wrapper\"><div class=\"wpb_gallery wpb_content_element vc_clearfix\" ><div class=\"wpb_wrapper\"><h2 class=\"wpb_heading wpb_gallery_heading\">Ziemassv\u0113tku labdar\u012bbas akcija<\/h2><div class=\"wpb_gallery_slides wpb_flexslider flexslider_fade flexslider\" data-interval=\"3\" data-flex_fx=\"fade\"><ul class=\"slides\"><li><a class=\"prettyphoto\" href=\"\" data-rel=\"prettyPhoto[rel-2753-54279052]\"><\/a><\/li><li><a class=\"prettyphoto\" href=\"\" data-rel=\"prettyPhoto[rel-2753-54279052]\"><\/a><\/li><li><a class=\"prettyphoto\" href=\"\" data-rel=\"prettyPhoto[rel-2753-54279052]\"><\/a><\/li><li><a class=\"prettyphoto\" href=\"\" data-rel=\"prettyPhoto[rel-2753-54279052]\"><\/a><\/li><li><a class=\"prettyphoto\" href=\"\" data-rel=\"prettyPhoto[rel-2753-54279052]\"><\/a><\/li><li><a class=\"prettyphoto\" href=\"\" data-rel=\"prettyPhoto[rel-2753-54279052]\"><\/a><\/li><li><a class=\"prettyphoto\" href=\"\" data-rel=\"prettyPhoto[rel-2753-54279052]\"><\/a><\/li><li><a class=\"prettyphoto\" href=\"\" data-rel=\"prettyPhoto[rel-2753-54279052]\"><\/a><\/li><li><a class=\"prettyphoto\" href=\"\" data-rel=\"prettyPhoto[rel-2753-54279052]\"><\/a><\/li><li><a class=\"prettyphoto\" href=\"\" data-rel=\"prettyPhoto[rel-2753-54279052]\"><\/a><\/li><li><a class=\"prettyphoto\" href=\"\" data-rel=\"prettyPhoto[rel-2753-54279052]\"><\/a><\/li><li><a class=\"prettyphoto\" href=\"\" data-rel=\"prettyPhoto[rel-2753-54279052]\"><\/a><\/li><li><a class=\"prettyphoto\" href=\"\" data-rel=\"prettyPhoto[rel-2753-54279052]\"><\/a><\/li><li><a class=\"prettyphoto\" href=\"\" data-rel=\"prettyPhoto[rel-2753-54279052]\"><\/a><\/li><li><a class=\"prettyphoto\" href=\"\" data-rel=\"prettyPhoto[rel-2753-54279052]\"><\/a><\/li><li><a class=\"prettyphoto\" href=\"\" data-rel=\"prettyPhoto[rel-2753-54279052]\"><\/a><\/li><li><a class=\"prettyphoto\" href=\"\" data-rel=\"prettyPhoto[rel-2753-54279052]\"><\/a><\/li><li><a class=\"prettyphoto\" href=\"\" data-rel=\"prettyPhoto[rel-2753-54279052]\"><\/a><\/li><li><a class=\"prettyphoto\" href=\"\" data-rel=\"prettyPhoto[rel-2753-54279052]\"><\/a><\/li><li><a class=\"prettyphoto\" href=\"\" data-rel=\"prettyPhoto[rel-2753-54279052]\"><\/a><\/li><li><a class=\"prettyphoto\" href=\"\" data-rel=\"prettyPhoto[rel-2753-54279052]\"><\/a><\/li><\/ul><\/div><\/div><\/div><\/div><\/div><\/div><\/div><div class=\"vc_row wpb_row vc_row-fluid\"><div class=\"wpb_column vc_column_container vc_col-sm-12\"><div class=\"vc_column-inner\"><div class=\"wpb_wrapper\"><div class=\"wpb_gallery wpb_content_element vc_clearfix\" ><div class=\"wpb_wrapper\"><h2 class=\"wpb_heading wpb_gallery_heading\">Piepog\u0101jos savai skolai! Esmu sav\u0113jais!<\/h2><div class=\"wpb_gallery_slides wpb_flexslider flexslider_fade flexslider\" data-interval=\"3\" data-flex_fx=\"fade\"><ul class=\"slides\"><li><a class=\"prettyphoto\" href=\"\" data-rel=\"prettyPhoto[rel-2753-3384924632]\"><\/a><\/li><li><a class=\"prettyphoto\" href=\"\" data-rel=\"prettyPhoto[rel-2753-3384924632]\"><\/a><\/li><li><a class=\"prettyphoto\" href=\"\" data-rel=\"prettyPhoto[rel-2753-3384924632]\"><\/a><\/li><\/ul><\/div><\/div><\/div><\/div><\/div><\/div><\/div><div class=\"vc_row wpb_row vc_row-fluid\"><div class=\"wpb_column vc_column_container vc_col-sm-12\"><div class=\"vc_column-inner\"><div class=\"wpb_wrapper\"><\/div><\/div><\/div><\/div>\n","protected":false},"excerpt":{"rendered":"Ziemassv\u0113tku labdar\u012bbas akcijaPiepog\u0101jos savai skolai! Esmu sav\u0113jais!","protected":false},"author":1,"featured_media":0,"parent":3000,"menu_order":6,"comment_status":"closed","ping_status":"closed","template":"template-sidebar-right-childpages.php","meta":{"inline_featured_image":false,"footnotes":""},"class_list":["post-2753","page","type-page","status-publish","hentry","odd"],"_links":{"self":[{"href":"https:\/\/www.rchv.lv\/web\/wp-json\/wp\/v2\/pages\/2753","targetHints":{"allow":["GET"]}}],"collection":[{"href":"https:\/\/www.rchv.lv\/web\/wp-json\/wp\/v2\/pages"}],"about":[{"href":"https:\/\/www.rchv.lv\/web\/wp-json\/wp\/v2\/types\/page"}],"author":[{"embeddable":true,"href":"https:\/\/www.rchv.lv\/web\/wp-json\/wp\/v2\/users\/1"}],"replies":[{"embeddable":true,"href":"https:\/\/www.rchv.lv\/web\/wp-json\/wp\/v2\/comments?post=2753"}],"version-history":[{"count":41,"href":"https:\/\/www.rchv.lv\/web\/wp-json\/wp\/v2\/pages\/2753\/revisions"}],"predecessor-version":[{"id":11716,"href":"https:\/\/www.rchv.lv\/web\/wp-json\/wp\/v2\/pages\/2753\/revisions\/11716"}],"up":[{"embeddable":true,"href":"https:\/\/www.rchv.lv\/web\/wp-json\/wp\/v2\/pages\/3000"}],"wp:attachment":[{"href":"https:\/\/www.rchv.lv\/web\/wp-json\/wp\/v2\/media?parent=2753"}],"curies":[{"name":"wp","href":"https:\/\/api.w.org\/{rel}","templated":true}]}}