{"id":2755,"date":"2017-02-09T12:56:16","date_gmt":"2017-02-09T12:56:16","guid":{"rendered":"http:\/\/ed.aislinthemes.com\/?page_id=348"},"modified":"2026-02-05T12:10:30","modified_gmt":"2026-02-05T10:10:30","slug":"dokumenti","status":"publish","type":"page","link":"https:\/\/www.rchv.lv\/web\/par-mums\/dokumenti","title":{"rendered":"Dokumenti"},"content":{"rendered":"<div class=\"vc_row wpb_row vc_row-fluid\"><div class=\"wpb_column vc_column_container vc_col-sm-12\"><div class=\"vc_column-inner\"><div class=\"wpb_wrapper\"><h1 style=\"text-align: left\" class=\"vc_custom_heading vc_custom_1581894989137\" >Dokumenti<\/h1><h4 style=\"color: #000000;text-align: left\" class=\"vc_custom_heading\" >Jums var\u0113tu noder\u0113t \u0161\u0101di dokumenti<\/h4><div class=\"vc_empty_space\"   style=\"height: 30px\"><span class=\"vc_empty_space_inner\"><\/span><\/div><\/div><\/div><\/div><\/div><div class=\"vc_row wpb_row vc_row-fluid vc_custom_1487773030229\"><div class=\"wpb_column vc_column_container vc_col-sm-12\"><div class=\"vc_column-inner\"><div class=\"wpb_wrapper\">\n\t<div  class=\"wpb_single_image wpb_content_element vc_align_center\">\n\t\t\n\t\t<figure class=\"wpb_wrapper vc_figure\">\n\t\t\t<div class=\"vc_single_image-wrapper   vc_box_border_grey\"><img loading=\"lazy\" decoding=\"async\" width=\"1024\" height=\"696\" src=\"https:\/\/www.rchv.lv\/web\/wp-content\/uploads\/2023\/05\/shema-1024x696.jpg\" class=\"vc_single_image-img attachment-large\" alt=\"\" srcset=\"https:\/\/www.rchv.lv\/web\/wp-content\/uploads\/2023\/05\/shema-1024x696.jpg 1024w, https:\/\/www.rchv.lv\/web\/wp-content\/uploads\/2023\/05\/shema-300x204.jpg 300w, https:\/\/www.rchv.lv\/web\/wp-content\/uploads\/2023\/05\/shema-18x12.jpg 18w, https:\/\/www.rchv.lv\/web\/wp-content\/uploads\/2023\/05\/shema.jpg 1183w\" sizes=\"auto, (max-width: 1024px) 100vw, 1024px\" \/><\/div>\n\t\t<\/figure>\n\t<\/div>\n<\/div><\/div><\/div><\/div><div class=\"vc_row wpb_row vc_row-fluid vc_custom_1487773030229\"><div class=\"wpb_column vc_column_container vc_col-sm-6\"><div class=\"vc_column-inner\"><div class=\"wpb_wrapper\"><h5 style=\"text-align: left\" class=\"vc_custom_heading\" >RCHV pas\u0101kumu pl\u0101ns 2025.\/2026.m.g.<\/h5>\n\t<div  class=\"wpb_single_image wpb_content_element vc_align_left\">\n\t\t\n\t\t<figure class=\"wpb_wrapper vc_figure\">\n\t\t\t<a href=\"https:\/\/www.rchv.lv\/web\/wp-content\/uploads\/2026\/01\/Pasakumu-plans-2_sem_-2025_-2026_m_g_1.pdf\" target=\"_blank\" class=\"vc_single_image-wrapper   vc_box_border_grey\"><img loading=\"lazy\" decoding=\"async\" class=\"vc_single_image-img \" src=\"https:\/\/www.rchv.lv\/web\/wp-content\/uploads\/2020\/02\/pdf-1-100x121.png\" width=\"100\" height=\"121\" alt=\"pdf\" title=\"pdf\" \/><\/a>\n\t\t<\/figure>\n\t<\/div>\n<\/div><\/div><\/div><div class=\"wpb_column vc_column_container vc_col-sm-6\"><div class=\"vc_column-inner\"><div class=\"wpb_wrapper\"><h5 style=\"text-align: left\" class=\"vc_custom_heading\" >RCHV iek\u0161\u0113j\u0101s k\u0101rt\u012bbas noteikumi<\/h5>\n\t<div  class=\"wpb_single_image wpb_content_element vc_align_left\">\n\t\t\n\t\t<figure class=\"wpb_wrapper vc_figure\">\n\t\t\t<a href=\"https:\/\/www.rchv.lv\/web\/wp-content\/uploads\/2025\/09\/RCHV-Ieksejas-kartibas-noteikumi-1.pdf\" target=\"_blank\" class=\"vc_single_image-wrapper   vc_box_border_grey\"><img loading=\"lazy\" decoding=\"async\" class=\"vc_single_image-img \" src=\"https:\/\/www.rchv.lv\/web\/wp-content\/uploads\/2020\/02\/pdf-1-100x121.png\" width=\"100\" height=\"121\" alt=\"pdf\" title=\"pdf\" \/><\/a>\n\t\t<\/figure>\n\t<\/div>\n<\/div><\/div><\/div><\/div><div class=\"vc_row wpb_row vc_row-fluid vc_custom_1487773030229\"><div class=\"wpb_column vc_column_container vc_col-sm-6\"><div class=\"vc_column-inner\"><div class=\"wpb_wrapper\"><h5 style=\"text-align: left\" class=\"vc_custom_heading\" >Audzin\u0101\u0161anas darba programma<\/h5>\n\t<div  class=\"wpb_single_image wpb_content_element vc_align_left\">\n\t\t\n\t\t<figure class=\"wpb_wrapper vc_figure\">\n\t\t\t<a href=\"https:\/\/www.rchv.lv\/web\/wp-content\/uploads\/2024\/01\/Audzinasanas-DARBA-PROGRAMMA.pdf\" target=\"_blank\" class=\"vc_single_image-wrapper   vc_box_border_grey\"><img loading=\"lazy\" decoding=\"async\" class=\"vc_single_image-img \" src=\"https:\/\/www.rchv.lv\/web\/wp-content\/uploads\/2020\/02\/pdf-1-100x121.png\" width=\"100\" height=\"121\" alt=\"pdf\" title=\"pdf\" \/><\/a>\n\t\t<\/figure>\n\t<\/div>\n<\/div><\/div><\/div><div class=\"wpb_column vc_column_container vc_col-sm-6\"><div class=\"vc_column-inner\"><div class=\"wpb_wrapper\"><h5 style=\"text-align: left\" class=\"vc_custom_heading\" >K\u0101rt\u012bba, k\u0101d\u0101 re\u0123istr\u0113 skol\u0113nu neiera\u0161anos izgl\u012bt\u012bbas iest\u0101d\u0113<\/h5>\n\t<div  class=\"wpb_single_image wpb_content_element vc_align_left\">\n\t\t\n\t\t<figure class=\"wpb_wrapper vc_figure\">\n\t\t\t<a href=\"https:\/\/www.rchv.lv\/web\/wp-content\/uploads\/2026\/02\/VSCH-23-28-nts-Kartiba-kada-registre-skolenu-neierasanos.pdf\" target=\"_blank\" class=\"vc_single_image-wrapper   vc_box_border_grey\"><img loading=\"lazy\" decoding=\"async\" class=\"vc_single_image-img \" src=\"https:\/\/www.rchv.lv\/web\/wp-content\/uploads\/2020\/02\/pdf-1-100x121.png\" width=\"100\" height=\"121\" alt=\"pdf\" title=\"pdf\" \/><\/a>\n\t\t<\/figure>\n\t<\/div>\n<\/div><\/div><\/div><\/div><div class=\"vc_row wpb_row vc_row-fluid vc_custom_1487773030229\"><div class=\"wpb_column vc_column_container vc_col-sm-6\"><div class=\"vc_column-inner\"><div class=\"wpb_wrapper\"><h5 style=\"text-align: left\" class=\"vc_custom_heading\" >B\u0113rnu s\u016bdz\u012bbu iesnieg\u0161anas un izskat\u012b\u0161anas k\u0101rt\u012bba<\/h5>\n\t<div  class=\"wpb_single_image wpb_content_element vc_align_left\">\n\t\t\n\t\t<figure class=\"wpb_wrapper vc_figure\">\n\t\t\t<a href=\"http:\/\/www.rchv.lv\/web\/wp-content\/uploads\/2020\/03\/4-nts-2017-B\u0113rnu-s\u016bdz\u012bbu-iesnieg\u0161anas-un-izskat\u012b\u0161anas-k\u0101rt\u012bba.pdf\" target=\"_blank\" class=\"vc_single_image-wrapper   vc_box_border_grey\"><img loading=\"lazy\" decoding=\"async\" class=\"vc_single_image-img \" src=\"https:\/\/www.rchv.lv\/web\/wp-content\/uploads\/2020\/02\/pdf-1-100x121.png\" width=\"100\" height=\"121\" alt=\"pdf\" title=\"pdf\" \/><\/a>\n\t\t<\/figure>\n\t<\/div>\n<\/div><\/div><\/div><div class=\"wpb_column vc_column_container vc_col-sm-6\"><div class=\"vc_column-inner\"><div class=\"wpb_wrapper\"><h5 style=\"text-align: left\" class=\"vc_custom_heading\" >K\u0101rt\u012bba k\u0101d\u0101 skol\u0101 uzturas skol\u0113nu vec\u0101ki un citas personas<\/h5>\n\t<div  class=\"wpb_single_image wpb_content_element vc_align_left\">\n\t\t\n\t\t<figure class=\"wpb_wrapper vc_figure\">\n\t\t\t<a href=\"https:\/\/www.rchv.lv\/web\/wp-content\/uploads\/2023\/04\/VSCH-23-5-nts_31_03_2023__Kartiba_par_skolen_vecaku_citu_pers_uzturesanos_skola.pdf\" target=\"_blank\" class=\"vc_single_image-wrapper   vc_box_border_grey\"><img loading=\"lazy\" decoding=\"async\" class=\"vc_single_image-img \" src=\"https:\/\/www.rchv.lv\/web\/wp-content\/uploads\/2020\/02\/pdf-1-100x121.png\" width=\"100\" height=\"121\" alt=\"pdf\" title=\"pdf\" \/><\/a>\n\t\t<\/figure>\n\t<\/div>\n<\/div><\/div><\/div><\/div><div class=\"vc_row wpb_row vc_row-fluid vc_custom_1487773030229\"><div class=\"wpb_column vc_column_container vc_col-sm-6\"><div class=\"vc_column-inner\"><div class=\"wpb_wrapper\"><h5 style=\"text-align: left\" class=\"vc_custom_heading\" >Skol\u0113nu m\u0101c\u012bbu sasnieguma v\u0113rt\u0113\u0161ana<\/h5>\n\t<div  class=\"wpb_single_image wpb_content_element vc_align_left\">\n\t\t\n\t\t<figure class=\"wpb_wrapper vc_figure\">\n\t\t\t<a href=\"https:\/\/www.rchv.lv\/web\/wp-content\/uploads\/2025\/09\/VSCH-24-7-nts_Vertesanas-kartiba.pdf\" target=\"_blank\" class=\"vc_single_image-wrapper   vc_box_border_grey\"><img loading=\"lazy\" decoding=\"async\" class=\"vc_single_image-img \" src=\"https:\/\/www.rchv.lv\/web\/wp-content\/uploads\/2020\/02\/pdf-1-100x121.png\" width=\"100\" height=\"121\" alt=\"pdf\" title=\"pdf\" \/><\/a>\n\t\t<\/figure>\n\t<\/div>\n<\/div><\/div><\/div><div class=\"wpb_column vc_column_container vc_col-sm-6\"><div class=\"vc_column-inner\"><div class=\"wpb_wrapper\"><h5 style=\"text-align: left\" class=\"vc_custom_heading\" >RCHV Att\u012bst\u012bbas pl\u0101ns<\/h5>\n\t<div  class=\"wpb_single_image wpb_content_element vc_align_left\">\n\t\t\n\t\t<figure class=\"wpb_wrapper vc_figure\">\n\t\t\t<a href=\"https:\/\/www.rchv.lv\/web\/wp-content\/uploads\/2023\/10\/RCHV_Attistibas_plans_2023-2026-.pdf\" target=\"_blank\" class=\"vc_single_image-wrapper   vc_box_border_grey\"><img loading=\"lazy\" decoding=\"async\" class=\"vc_single_image-img \" src=\"https:\/\/www.rchv.lv\/web\/wp-content\/uploads\/2020\/02\/pdf-1-100x121.png\" width=\"100\" height=\"121\" alt=\"pdf\" title=\"pdf\" \/><\/a>\n\t\t<\/figure>\n\t<\/div>\n<\/div><\/div><\/div><\/div><div class=\"vc_row wpb_row vc_row-fluid vc_custom_1487773030229\"><div class=\"wpb_column vc_column_container vc_col-sm-6\"><div class=\"vc_column-inner\"><div class=\"wpb_wrapper\"><h5 style=\"text-align: left\" class=\"vc_custom_heading\" >RCHV Pa\u0161nov\u0113rt\u0113juma zi\u0146ojums 2024.\/2025.<\/h5>\n\t<div  class=\"wpb_single_image wpb_content_element vc_align_left\">\n\t\t\n\t\t<figure class=\"wpb_wrapper vc_figure\">\n\t\t\t<a href=\"https:\/\/www.rchv.lv\/web\/wp-content\/uploads\/2025\/10\/RCHV_pasvertejums_2024_2025.pdf\" target=\"_blank\" class=\"vc_single_image-wrapper   vc_box_border_grey\"><img loading=\"lazy\" decoding=\"async\" class=\"vc_single_image-img \" src=\"https:\/\/www.rchv.lv\/web\/wp-content\/uploads\/2020\/02\/pdf-1-100x121.png\" width=\"100\" height=\"121\" alt=\"pdf\" title=\"pdf\" \/><\/a>\n\t\t<\/figure>\n\t<\/div>\n<\/div><\/div><\/div><div class=\"wpb_column vc_column_container vc_col-sm-6\"><div class=\"vc_column-inner\"><div class=\"wpb_wrapper\"><h5 style=\"text-align: left\" class=\"vc_custom_heading\" >RCHV Pa\u0161nov\u0113rt\u0113juma zi\u0146ojums 2023.\/2024.<\/h5>\n\t<div  class=\"wpb_single_image wpb_content_element vc_align_left\">\n\t\t\n\t\t<figure class=\"wpb_wrapper vc_figure\">\n\t\t\t<a href=\"https:\/\/www.rchv.lv\/web\/wp-content\/uploads\/2024\/10\/RCHV_pasnovertejums_2023_2024.pdf\" target=\"_blank\" class=\"vc_single_image-wrapper   vc_box_border_grey\"><img loading=\"lazy\" decoding=\"async\" class=\"vc_single_image-img \" src=\"https:\/\/www.rchv.lv\/web\/wp-content\/uploads\/2020\/02\/pdf-1-100x121.png\" width=\"100\" height=\"121\" alt=\"pdf\" title=\"pdf\" \/><\/a>\n\t\t<\/figure>\n\t<\/div>\n<\/div><\/div><\/div><\/div><div class=\"vc_row wpb_row vc_row-fluid vc_custom_1487773030229\"><div class=\"wpb_column vc_column_container vc_col-sm-6\"><div class=\"vc_column-inner\"><div class=\"wpb_wrapper\"><h5 style=\"text-align: left\" class=\"vc_custom_heading\" >RCHV Pa\u0161nov\u0113rt\u0113juma zi\u0146ojums 2022.\/2023.<\/h5>\n\t<div  class=\"wpb_single_image wpb_content_element vc_align_left\">\n\t\t\n\t\t<figure class=\"wpb_wrapper vc_figure\">\n\t\t\t<a href=\"https:\/\/www.rchv.lv\/web\/wp-content\/uploads\/2023\/10\/RCHV-pasnovertejuma-zinojums-2023.pdf\" target=\"_blank\" class=\"vc_single_image-wrapper   vc_box_border_grey\"><img loading=\"lazy\" decoding=\"async\" class=\"vc_single_image-img \" src=\"https:\/\/www.rchv.lv\/web\/wp-content\/uploads\/2020\/02\/pdf-1-100x121.png\" width=\"100\" height=\"121\" alt=\"pdf\" title=\"pdf\" \/><\/a>\n\t\t<\/figure>\n\t<\/div>\n<\/div><\/div><\/div><div class=\"wpb_column vc_column_container vc_col-sm-6\"><div class=\"vc_column-inner\"><div class=\"wpb_wrapper\"><h5 style=\"text-align: left\" class=\"vc_custom_heading\" >RCHV Pa\u0161nov\u0113rt\u0113juma zi\u0146ojums 2021.\/2022.<\/h5>\n\t<div  class=\"wpb_single_image wpb_content_element vc_align_left\">\n\t\t\n\t\t<figure class=\"wpb_wrapper vc_figure\">\n\t\t\t<a href=\"https:\/\/www.rchv.lv\/web\/wp-content\/uploads\/2024\/01\/RCHV-pasnovertejums_2022.pdf\" target=\"_blank\" class=\"vc_single_image-wrapper   vc_box_border_grey\"><img loading=\"lazy\" decoding=\"async\" class=\"vc_single_image-img \" src=\"https:\/\/www.rchv.lv\/web\/wp-content\/uploads\/2020\/02\/pdf-1-100x121.png\" width=\"100\" height=\"121\" alt=\"pdf\" title=\"pdf\" \/><\/a>\n\t\t<\/figure>\n\t<\/div>\n<\/div><\/div><\/div><\/div><div class=\"vc_row wpb_row vc_row-fluid vc_custom_1487773030229\"><div class=\"wpb_column vc_column_container vc_col-sm-6\"><div class=\"vc_column-inner\"><div class=\"wpb_wrapper\"><h5 style=\"text-align: left\" class=\"vc_custom_heading\" >RCHV Pa\u0161nov\u0113rt\u0113juma zi\u0146ojums 2020.\/2021.<\/h5>\n\t<div  class=\"wpb_single_image wpb_content_element vc_align_left\">\n\t\t\n\t\t<figure class=\"wpb_wrapper vc_figure\">\n\t\t\t<a href=\"https:\/\/www.rchv.lv\/web\/wp-content\/uploads\/2024\/01\/RCHV_pasvertejums_2021.pdf\" target=\"_blank\" class=\"vc_single_image-wrapper   vc_box_border_grey\"><img loading=\"lazy\" decoding=\"async\" class=\"vc_single_image-img \" src=\"https:\/\/www.rchv.lv\/web\/wp-content\/uploads\/2020\/02\/pdf-1-100x121.png\" width=\"100\" height=\"121\" alt=\"pdf\" title=\"pdf\" \/><\/a>\n\t\t<\/figure>\n\t<\/div>\n<\/div><\/div><\/div><div class=\"wpb_column vc_column_container vc_col-sm-6\"><div class=\"vc_column-inner\"><div class=\"wpb_wrapper\"><h5 style=\"text-align: left\" class=\"vc_custom_heading\" >RCHV Priv\u0101tuma politika<\/h5>\n\t<div  class=\"wpb_single_image wpb_content_element vc_align_left\">\n\t\t\n\t\t<figure class=\"wpb_wrapper vc_figure\">\n\t\t\t<a href=\"https:\/\/www.rchv.lv\/web\/wp-content\/uploads\/2024\/10\/VSCH-24-8-nts_23102024.pdf\" target=\"_blank\" class=\"vc_single_image-wrapper   vc_box_border_grey\"><img loading=\"lazy\" decoding=\"async\" class=\"vc_single_image-img \" src=\"https:\/\/www.rchv.lv\/web\/wp-content\/uploads\/2020\/02\/pdf-1-100x121.png\" width=\"100\" height=\"121\" alt=\"pdf\" title=\"pdf\" \/><\/a>\n\t\t<\/figure>\n\t<\/div>\n<\/div><\/div><\/div><\/div><div class=\"vc_row wpb_row vc_row-fluid vc_custom_1487773030229\"><div class=\"wpb_column vc_column_container vc_col-sm-6\"><div class=\"vc_column-inner\"><div class=\"wpb_wrapper\"><h5 style=\"text-align: left\" class=\"vc_custom_heading\" >Turpm\u0101ko att\u012bst\u012bbas vajadz\u012bbu realiz\u0101cija<\/h5>\n\t<div  class=\"wpb_single_image wpb_content_element vc_align_left\">\n\t\t<h2 class=\"wpb_heading wpb_singleimage_heading\">2021. - 2023. gads<\/h2>\n\t\t<figure class=\"wpb_wrapper vc_figure\">\n\t\t\t<a href=\"https:\/\/www.rchv.lv\/web\/wp-content\/uploads\/2024\/01\/RCHV_attistibas-vajadzibu-realizacija_2021_2023.pdf\" target=\"_blank\" class=\"vc_single_image-wrapper   vc_box_border_grey\"><img loading=\"lazy\" decoding=\"async\" class=\"vc_single_image-img \" src=\"https:\/\/www.rchv.lv\/web\/wp-content\/uploads\/2020\/02\/pdf-1-100x121.png\" width=\"100\" height=\"121\" alt=\"pdf\" title=\"pdf\" \/><\/a>\n\t\t<\/figure>\n\t<\/div>\n\n\t<div  class=\"wpb_single_image wpb_content_element vc_align_left\">\n\t\t<h2 class=\"wpb_heading wpb_singleimage_heading\">2022. - 2023. gads<\/h2>\n\t\t<figure class=\"wpb_wrapper vc_figure\">\n\t\t\t<a href=\"https:\/\/www.rchv.lv\/web\/wp-content\/uploads\/2024\/01\/RCHV_attistibas-vajadzibu-realizacija_2022-2023.pdf\" target=\"_blank\" class=\"vc_single_image-wrapper   vc_box_border_grey\"><img loading=\"lazy\" decoding=\"async\" class=\"vc_single_image-img \" src=\"https:\/\/www.rchv.lv\/web\/wp-content\/uploads\/2020\/02\/pdf-1-100x121.png\" width=\"100\" height=\"121\" alt=\"pdf\" title=\"pdf\" \/><\/a>\n\t\t<\/figure>\n\t<\/div>\n<\/div><\/div><\/div><div class=\"wpb_column vc_column_container vc_col-sm-6\"><div class=\"vc_column-inner\"><div class=\"wpb_wrapper\"><\/div><\/div><\/div><\/div><div class=\"vc_row wpb_row vc_row-fluid vc_custom_1487773030229\"><div class=\"wpb_column vc_column_container vc_col-sm-12\"><div class=\"vc_column-inner\"><div class=\"wpb_wrapper\"><\/div><\/div><\/div><\/div>\n","protected":false},"excerpt":{"rendered":"DokumentiJums var\u0113tu noder\u0113t \u0161\u0101di dokumenti RCHV pas\u0101kumu pl\u0101ns 2025.\/2026.m.g. RCHV iek\u0161\u0113j\u0101s k\u0101rt\u012bbas noteikumi Audzin\u0101\u0161anas darba programma K\u0101rt\u012bba, k\u0101d\u0101 re\u0123istr\u0113 skol\u0113nu&nbsp;<a href=\"https:\/\/www.rchv.lv\/web\/par-mums\/dokumenti\">&hellip;<\/a>","protected":false},"author":1,"featured_media":0,"parent":2758,"menu_order":4,"comment_status":"closed","ping_status":"closed","template":"template-sidebar-right-childpages.php","meta":{"inline_featured_image":false,"footnotes":""},"class_list":["post-2755","page","type-page","status-publish","hentry","odd"],"_links":{"self":[{"href":"https:\/\/www.rchv.lv\/web\/wp-json\/wp\/v2\/pages\/2755","targetHints":{"allow":["GET"]}}],"collection":[{"href":"https:\/\/www.rchv.lv\/web\/wp-json\/wp\/v2\/pages"}],"about":[{"href":"https:\/\/www.rchv.lv\/web\/wp-json\/wp\/v2\/types\/page"}],"author":[{"embeddable":true,"href":"https:\/\/www.rchv.lv\/web\/wp-json\/wp\/v2\/users\/1"}],"replies":[{"embeddable":true,"href":"https:\/\/www.rchv.lv\/web\/wp-json\/wp\/v2\/comments?post=2755"}],"version-history":[{"count":100,"href":"https:\/\/www.rchv.lv\/web\/wp-json\/wp\/v2\/pages\/2755\/revisions"}],"predecessor-version":[{"id":13311,"href":"https:\/\/www.rchv.lv\/web\/wp-json\/wp\/v2\/pages\/2755\/revisions\/13311"}],"up":[{"embeddable":true,"href":"https:\/\/www.rchv.lv\/web\/wp-json\/wp\/v2\/pages\/2758"}],"wp:attachment":[{"href":"https:\/\/www.rchv.lv\/web\/wp-json\/wp\/v2\/media?parent=2755"}],"curies":[{"name":"wp","href":"https:\/\/api.w.org\/{rel}","templated":true}]}}