{"id":2759,"date":"2017-01-30T10:16:30","date_gmt":"2017-01-30T10:16:30","guid":{"rendered":"http:\/\/ed.aislinthemes.com\/?page_id=2"},"modified":"2026-03-11T12:50:34","modified_gmt":"2026-03-11T10:50:34","slug":"sakums","status":"publish","type":"page","link":"https:\/\/www.rchv.lv\/web\/","title":{"rendered":"S\u0101kums"},"content":{"rendered":"<div class=\"vc_row wpb_row vc_row-fluid\"><div class=\"wpb_column vc_column_container vc_col-sm-12\"><div class=\"vc_column-inner\"><div class=\"wpb_wrapper\">\n\t\t\t<!-- START HighSchoolSlider REVOLUTION SLIDER 6.1.4 --><p class=\"rs-p-wp-fix\"><\/p>\n\t\t\t<rs-module-wrap id=\"getstarted_wrapper\" data-source=\"gallery\" style=\"background:transparent;padding:0;margin:0px auto;margin-top:0;margin-bottom:0;\">\n\t\t\t\t<rs-module id=\"getstarted\" style=\"display:none;\" data-version=\"6.1.4\">\n\t\t\t\t\t<rs-slides>\n\t\t\t\t\t\t<rs-slide data-key=\"rs-1\" data-title=\"Slide\" data-anim=\"ei:d;eo:d;s:800;r:0;t:fade;sl:d;\">\n\t\t\t\t\t\t\t<img loading=\"lazy\" decoding=\"async\" src=\"\/\/www.rchv.lv\/web\/wp-content\/uploads\/2020\/10\/jauns_labots.jpg\" title=\"jauns_labots\" width=\"794\" height=\"769\" data-bg=\"p:0% 10%;\" class=\"rev-slidebg\" data-no-retina>\n<!--\n\t\t\t\t\t\t\t--><rs-layer\n\t\t\t\t\t\t\t\tid=\"slider-1-slide-1-layer-3\" \n\t\t\t\t\t\t\t\tdata-type=\"text\"\n\t\t\t\t\t\t\t\tdata-color=\"rgba(255, 255, 255, 1)\"\n\t\t\t\t\t\t\t\tdata-xy=\"xo:49px,26px,65px,47px;yo:162px,83px,103px,43px;\"\n\t\t\t\t\t\t\t\tdata-text=\"s:57,36,35,30;l:68,45,42,38;fw:700,500,500,500;\"\n\t\t\t\t\t\t\t\tdata-rsp_o=\"off\"\n\t\t\t\t\t\t\t\tdata-rsp_bd=\"off\"\n\t\t\t\t\t\t\t\tdata-frame_0=\"y:27px;tp:600;\"\n\t\t\t\t\t\t\t\tdata-frame_1=\"tp:600;e:Power4.easeOut;st:500;sp:800;sR:500;\"\n\t\t\t\t\t\t\t\tdata-frame_999=\"y:-27px;o:0;tp:600;e:Power2.easeInOut;st:w;sR:7700;\"\n\t\t\t\t\t\t\t\tstyle=\"z-index:5;font-family:Noto Sans TC;\"\n\t\t\t\t\t\t\t>Skola ar izciliem<br>\nang\u013cu valodas<br>\nrezult\u0101tiem. \n\t\t\t\t\t\t\t<\/rs-layer><!--\n-->\t\t\t\t\t\t<\/rs-slide>\n\t\t\t\t\t<\/rs-slides>\n\t\t\t\t\t<rs-static-layers><!--\n\t\t\t\t\t--><\/rs-static-layers>\n\t\t\t\t\t<rs-progress class=\"rs-bottom\" style=\"visibility: hidden !important;\"><\/rs-progress>\n\t\t\t\t<\/rs-module>\n\t\t\t\t<script type=\"text\/javascript\">\n\t\t\t\t\tsetREVStartSize({c: 'getstarted',rl:[1240,1024,778,480],el:[600,500,500,350],gw:[1240,1024,778,480],gh:[600,500,500,350],layout:'fullwidth',mh:\"0\"});\n\t\t\t\t\tvar\trevapi1,\n\t\t\t\t\t\ttpj;\n\t\t\t\t\tjQuery(function() {\n\t\t\t\t\t\ttpj = jQuery;\n\t\t\t\t\t\tif(tpj(\"#getstarted\").revolution == undefined){\n\t\t\t\t\t\t\trevslider_showDoubleJqueryError(\"#getstarted\");\n\t\t\t\t\t\t}else{\n\t\t\t\t\t\t\trevapi1 = tpj(\"#getstarted\").show().revolution({\n\t\t\t\t\t\t\t\tjsFileLocation:\"\/\/www.rchv.lv\/web\/wp-content\/plugins\/revslider\/public\/assets\/js\/\",\n\t\t\t\t\t\t\t\tsliderLayout:\"fullwidth\",\n\t\t\t\t\t\t\t\tvisibilityLevels:\"1240,1024,778,480\",\n\t\t\t\t\t\t\t\tgridwidth:\"1240,1024,778,480\",\n\t\t\t\t\t\t\t\tgridheight:\"600,500,500,350\",\n\t\t\t\t\t\t\t\tminHeight:\"\",\n\t\t\t\t\t\t\t\teditorheight:\"600,500,500,350\",\n\t\t\t\t\t\t\t\tresponsiveLevels:\"1240,1024,778,480\",\n\t\t\t\t\t\t\t\tdisableProgressBar:\"on\",\n\t\t\t\t\t\t\t\tnavigation: {\n\t\t\t\t\t\t\t\t\tonHoverStop:false\n\t\t\t\t\t\t\t\t},\n\t\t\t\t\t\t\t\tviewPort: {\n\t\t\t\t\t\t\t\t\tenable:true,\n\t\t\t\t\t\t\t\t\tvisible_area:\"50%\"\n\t\t\t\t\t\t\t\t},\n\t\t\t\t\t\t\t\tfallbacks: {\n\t\t\t\t\t\t\t\t\tallowHTML5AutoPlayOnAndroid:true\n\t\t\t\t\t\t\t\t},\n\t\t\t\t\t\t\t});\n\t\t\t\t\t\t}\n\t\t\t\t\t\t\n\t\t\t\t\t});\n\t\t\t\t<\/script>\n\t\t\t<\/rs-module-wrap>\n\t\t\t<!-- END REVOLUTION SLIDER -->\n<\/div><\/div><\/div><\/div><div class=\"vc_row wpb_row vc_row-fluid row-relative info-box-row vc_custom_1583242925494 vc_row-has-fill vc_row-o-content-middle vc_row-flex\"><div class=\"info-box-column wpb_column vc_column_container vc_col-sm-4 vc_col-lg-offset-2 vc_col-has-fill\"><div class=\"vc_column-inner vc_custom_1572530622368\"><div class=\"wpb_wrapper\">\n\t\t\t\t\t<a\n\t\t\t\thref=\"https:\/\/ej.uz\/j4knz\"\n\t\t\t\tclass=\"wh-theme-icon icon-position-right scp_theme_icon-dc8341790e6df83ee8b698257e1ef206\"\n\t\t\t\t\t\t\t\t\ttitle=\" \"\n\t\t\t\t\t\t\t\t\t\t\t\t><i class=\"icon-edright-arrow2\"><\/i><\/a>\n\t\t\t\t<div class=\"vc_empty_space\"   style=\"height: 8px\"><span class=\"vc_empty_space_inner\"><\/span><\/div><h2 style=\"text-align: left\" class=\"vc_custom_heading\" ><a href=\"https:\/\/www.rchv.lv\/web\/par-mums\/rchv-140\">Ja Tev v\u0113l nav gr\u0101mata par skolu, tad pasteidzies ieg\u0101d\u0101ties!<\/a><\/h2>\n\t<div  class=\"wpb_single_image wpb_content_element vc_align_left\">\n\t\t\n\t\t<figure class=\"wpb_wrapper vc_figure\">\n\t\t\t<a href=\"https:\/\/www.rchv.lv\/web\/par-mums\/rchv-140\" target=\"_self\" class=\"vc_single_image-wrapper   vc_box_border_grey\"><img loading=\"lazy\" decoding=\"async\" width=\"300\" height=\"197\" src=\"https:\/\/www.rchv.lv\/web\/wp-content\/uploads\/2026\/03\/650245016_10241556814962998_801246335420405019_n-300x197.jpg\" class=\"vc_single_image-img attachment-medium\" alt=\"\" srcset=\"https:\/\/www.rchv.lv\/web\/wp-content\/uploads\/2026\/03\/650245016_10241556814962998_801246335420405019_n-300x197.jpg 300w, https:\/\/www.rchv.lv\/web\/wp-content\/uploads\/2026\/03\/650245016_10241556814962998_801246335420405019_n-1024x673.jpg 1024w, https:\/\/www.rchv.lv\/web\/wp-content\/uploads\/2026\/03\/650245016_10241556814962998_801246335420405019_n-18x12.jpg 18w, https:\/\/www.rchv.lv\/web\/wp-content\/uploads\/2026\/03\/650245016_10241556814962998_801246335420405019_n.jpg 2048w\" sizes=\"auto, (max-width: 300px) 100vw, 300px\" \/><\/a>\n\t\t<\/figure>\n\t<\/div>\n<\/div><\/div><\/div><div class=\"info-box-column wpb_column vc_column_container vc_col-sm-4 vc_col-has-fill\"><div class=\"vc_column-inner vc_custom_1572530594829\"><div class=\"wpb_wrapper\"><div class=\"vc_empty_space\"   style=\"height: 16px\"><span class=\"vc_empty_space_inner\"><\/span><\/div>\n\t\t\t\t\t<a\n\t\t\t\thref=\"https:\/\/www.rchv.lv\/web\/par-mums\/anglu-valoda\"\n\t\t\t\tclass=\"wh-theme-icon icon-position-right scp_theme_icon-7e8ab65cd671fea6a74ec6e13d97cb3b\"\n\t\t\t\t\t\t\t\t\t\t\t\t><i class=\"icon-edright-arrow2\"><\/i><\/a>\n\t\t\t\t<div class=\"vc_empty_space\"   style=\"height: 8px\"><span class=\"vc_empty_space_inner\"><\/span><\/div>\n\t<div  class=\"wpb_single_image wpb_content_element vc_align_left\">\n\t\t\n\t\t<figure class=\"wpb_wrapper vc_figure\">\n\t\t\t<a href=\"https:\/\/www.rchv.lv\/web\/par-mums\/anglu-valoda\" target=\"_self\" class=\"vc_single_image-wrapper   vc_box_border_grey\"><img loading=\"lazy\" decoding=\"async\" width=\"637\" height=\"912\" src=\"https:\/\/www.rchv.lv\/web\/wp-content\/uploads\/2026\/03\/afisa-637x912.jpg\" class=\"vc_single_image-img attachment-large\" alt=\"\" srcset=\"https:\/\/www.rchv.lv\/web\/wp-content\/uploads\/2026\/03\/afisa.jpg 637w, https:\/\/www.rchv.lv\/web\/wp-content\/uploads\/2026\/03\/afisa-210x300.jpg 210w, https:\/\/www.rchv.lv\/web\/wp-content\/uploads\/2026\/03\/afisa-8x12.jpg 8w\" sizes=\"auto, (max-width: 637px) 100vw, 637px\" \/><\/a>\n\t\t<\/figure>\n\t<\/div>\n<\/div><\/div><\/div><\/div><div data-vc-full-width=\"true\" data-vc-full-width-init=\"false\" class=\"vc_row wpb_row vc_row-fluid vc_custom_1581924353601 vc_row-has-fill\"><div class=\"wpb_column vc_column_container vc_col-sm-12\"><div class=\"vc_column-inner\"><div class=\"wpb_wrapper\"><h4 style=\"color: #333333;text-align: left\" class=\"vc_custom_heading two-fonts\" >Aktualit\u0101tes<\/h4><\/div><\/div><\/div><\/div><div class=\"vc_row-full-width vc_clearfix\"><\/div><div class=\"vc_row wpb_row vc_row-fluid news-tabs vc_custom_1583249290620 vc_row-o-equal-height vc_row-flex\"><div class=\"wpb_column vc_column_container vc_col-sm-12\"><div class=\"vc_column-inner\"><div class=\"wpb_wrapper\"><div class=\"vc_row wpb_row vc_inner vc_row-fluid vc_column-gap-30 vc_row-o-equal-height vc_row-flex\"><div class=\"wpb_column vc_column_container vc_col-sm-6 vc_col-has-fill\"><div class=\"vc_column-inner vc_custom_1583253997464\"><div class=\"wpb_wrapper\"><h3 style=\"color: #262628;text-align: left\" class=\"vc_custom_heading vc_custom_1611572998666\" ><a href=\"https:\/\/www.rchv.lv\/web\/atrodi\/jaunumi\" title=\"Jaunumi\">Jaunumi<\/a><\/h3>\t\t<div class=\"linp-post-list  layout_3\">\n\t\t\t\t\t\t\t<div class=\"vc_row\">\n\t\t\t\t\t\t\t\t\t\t\t\t\t\t\t\t\t\t\n<div class=\"item\">\n\t<div class=\"meta-data\">\n\t\t<div class=\"date\">\n\t\t\t\t\t\t\tmarts 11\t\t\t\t\t<\/div>\n\t\t\n\t<\/div>\n\t<h3>\n\t\t<a title=\"ZPD konferences laure\u0101ti!\"\n\t\t   href=\"https:\/\/www.rchv.lv\/web\/archives\/13444\">\n\t\t\tZPD konferences laure\u0101ti!\t\t<\/a>\n\t<\/h3>\n<\/div>\n\t\t\t\t\t\t\n\t\t\t\t\t\t\t\t\t<\/div>\n\t\t\t\t\t\t\t<div class=\"vc_row\">\n\t\t\t\t\t\t\t\t\t\t\t\t\t\t\t\t\t\t\n<div class=\"item\">\n\t<div class=\"meta-data\">\n\t\t<div class=\"date\">\n\t\t\t\t\t\t\tmarts 10\t\t\t\t\t<\/div>\n\t\t\n\t<\/div>\n\t<h3>\n\t\t<a title=\"RCHV-140!\"\n\t\t   href=\"https:\/\/www.rchv.lv\/web\/archives\/13407\">\n\t\t\tRCHV-140!\t\t<\/a>\n\t<\/h3>\n<\/div>\n\t\t\t\t\t\t\n\t\t\t\t\t\t\t\t\t<\/div>\n\t\t\t\t\t\t\t<div class=\"vc_row\">\n\t\t\t\t\t\t\t\t\t\t\t\t\t\t\t\t\t\t\n<div class=\"item\">\n\t<div class=\"meta-data\">\n\t\t<div class=\"date\">\n\t\t\t\t\t\t\tfebru\u0101ris 23\t\t\t\t\t<\/div>\n\t\t\n\t<\/div>\n\t<h3>\n\t\t<a title=\"\u0136\u012bmijas olimpi\u0101des laure\u0101ti\"\n\t\t   href=\"https:\/\/www.rchv.lv\/web\/archives\/13363\">\n\t\t\t\u0136\u012bmijas olimpi\u0101des laure\u0101ti\t\t<\/a>\n\t<\/h3>\n<\/div>\n\t\t\t\t\t\t\n\t\t\t\t\t\t\t\t\t<\/div>\n\t\t\t\t\t\t\t\t<\/div>\n\t\t<a href=\"http:\/\/www.rchv.lv\/web\/atrodi\/jaunumi\" class=\"wh-button vc_custom_1588168071312 hoverable scp_theme_button-75cf062cb2d4bdc2df6b60b5d9c74362\" title=\"Sasniegumi\"><span class=\"anim\"><\/span>VAIR\u0100K<\/a><\/div><\/div><\/div><div class=\"wpb_column vc_column_container vc_col-sm-6 vc_col-has-fill\"><div class=\"vc_column-inner vc_custom_1583253989712\"><div class=\"wpb_wrapper\"><h3 style=\"text-align: left\" class=\"vc_custom_heading vc_custom_1611573012223\" ><a href=\"https:\/\/www.rchv.lv\/web\/par-mums\/sasniegumi\" title=\"Sasniegumi\">Sasniegumi<\/a><\/h3>\t\t<div class=\"linp-post-list  layout_3\">\n\t\t\t\t\t\t\t<div class=\"vc_row\">\n\t\t\t\t\t\t\t\t\t\t\t\t\t\t\t\t\t\t\n<div class=\"item\">\n\t<div class=\"meta-data\">\n\t\t<div class=\"date\">\n\t\t\t\t\t\t\tmarts 16\t\t\t\t\t<\/div>\n\t\t\n\t<\/div>\n\t<h3>\n\t\t<a title=\"Runas konkursa laure\u0101ti!\"\n\t\t   href=\"https:\/\/www.rchv.lv\/web\/archives\/13465\">\n\t\t\tRunas konkursa laure\u0101ti!\t\t<\/a>\n\t<\/h3>\n<\/div>\n\t\t\t\t\t\t\n\t\t\t\t\t\t\t\t\t<\/div>\n\t\t\t\t\t\t\t<div class=\"vc_row\">\n\t\t\t\t\t\t\t\t\t\t\t\t\t\t\t\t\t\t\n<div class=\"item\">\n\t<div class=\"meta-data\">\n\t\t<div class=\"date\">\n\t\t\t\t\t\t\tmarts 11\t\t\t\t\t<\/div>\n\t\t\n\t<\/div>\n\t<h3>\n\t\t<a title=\"ZPD konferences laure\u0101ti!\"\n\t\t   href=\"https:\/\/www.rchv.lv\/web\/archives\/13444\">\n\t\t\tZPD konferences laure\u0101ti!\t\t<\/a>\n\t<\/h3>\n<\/div>\n\t\t\t\t\t\t\n\t\t\t\t\t\t\t\t\t<\/div>\n\t\t\t\t\t\t\t<div class=\"vc_row\">\n\t\t\t\t\t\t\t\t\t\t\t\t\t\t\t\t\t\t\n<div class=\"item\">\n\t<div class=\"meta-data\">\n\t\t<div class=\"date\">\n\t\t\t\t\t\t\tmarts 11\t\t\t\t\t<\/div>\n\t\t\n\t<\/div>\n\t<h3>\n\t\t<a title=\"ZPD konferences laure\u0101ti!\"\n\t\t   href=\"https:\/\/www.rchv.lv\/web\/archives\/13441\">\n\t\t\tZPD konferences laure\u0101ti!\t\t<\/a>\n\t<\/h3>\n<\/div>\n\t\t\t\t\t\t\n\t\t\t\t\t\t\t\t\t<\/div>\n\t\t\t\t\t\t\t\t<\/div>\n\t\t<a href=\"http:\/\/www.rchv.lv\/web\/atrodi\/jaunumi\" class=\"wh-button vc_custom_1583251684474 hoverable scp_theme_button-e198c3fb8411c5ef1e8a98c2c0b2e62e\" title=\"Jaunumi\"><span class=\"anim\"><\/span>VAIR\u0100K<\/a><\/div><\/div><\/div><\/div><\/div><\/div><\/div><\/div><div class=\"vc_row wpb_row vc_row-fluid\"><div class=\"wpb_column vc_column_container vc_col-sm-12\"><div class=\"vc_column-inner\"><div class=\"wpb_wrapper\"><div class=\"vc_empty_space\"   style=\"height: 44px\"><span class=\"vc_empty_space_inner\"><\/span><\/div><h4 style=\"color: #333333;text-align: left\" class=\"vc_custom_heading two-fonts\" ><a href=\"https:\/\/www.rchv.lv\/web\/noderigi\/galerijas\" title=\"Galerijas\">Galerijas<\/a><\/h4>\t\t<div class=\"linp-post-list  layout_2\">\n\t\t\t\t\t\t\t<div class=\"vc_row\">\n\t\t\t\t\t\t\t\t\t\t\t\t\t\t\t\t\t\t<div class=\"item one half\">\n\t<div class=\"inner-wrap\">\n\t\t\t\t<div class=\"data\">\n\t\t\t<h3>\n\t\t\t\t<a title=\"RCHV-140!\"\n\t\t\t\t   href=\"https:\/\/www.rchv.lv\/web\/archives\/13407\">\n\t\t\t\t\tRCHV-140!\t\t\t\t<\/a>\n\t\t\t<\/h3>\n\n\t\t\t<div class=\"meta-data\">\n\t\t\t\t<div class=\"date\">\n\t\t\t\t\t\t\t\t\t\t\t10 Mar\t\t\t\t\t\t\t\t\t<\/div>\n\t\t\t\t\t\t\t\t\t\t\t<\/div>\n\t\t\t\n\t\t\t\t\t\t\t\t<\/div>\n\t<\/div>\n<\/div>\t\t\t\t\t\t\n\t\t\t\t\t\t\t\t\t\t\t\t\t\t\t\t\t\t<div class=\"item one half\">\n\t<div class=\"inner-wrap\">\n\t\t\t\t<div class=\"data\">\n\t\t\t<h3>\n\t\t\t\t<a title=\"TDK &quot;\u0136imen\u012bte&quot; atkl\u0101j 2026.gada sezonu. Fotogr\u0101fe Agnese Irb\u012bte-Zvirgzdi\u0146a\"\n\t\t\t\t   href=\"https:\/\/www.rchv.lv\/web\/archives\/13232\">\n\t\t\t\t\tTDK &quot;\u0136imen\u012bte&quot; atkl\u0101j 2026.gada sezonu. Fotogr\u0101fe Agnese Irb\u012bte-Zvirgzdi\u0146a\t\t\t\t<\/a>\n\t\t\t<\/h3>\n\n\t\t\t<div class=\"meta-data\">\n\t\t\t\t<div class=\"date\">\n\t\t\t\t\t\t\t\t\t\t\t16 Jan\t\t\t\t\t\t\t\t\t<\/div>\n\t\t\t\t\t\t\t\t\t\t\t<\/div>\n\t\t\t\n\t\t\t\t\t\t\t\t<\/div>\n\t<\/div>\n<\/div>\t\t\t\t\t\t\n\t\t\t\t\t\t\t\t\t<\/div>\n\t\t\t\t\t\t\t\t<\/div>\n\t\t<div class=\"vc_empty_space\"   style=\"height: 60px\"><span class=\"vc_empty_space_inner\"><\/span><\/div><\/div><\/div><\/div><\/div><div class=\"vc_row wpb_row vc_row-fluid\"><div class=\"wpb_column vc_column_container vc_col-sm-12\"><div class=\"vc_column-inner\"><div class=\"wpb_wrapper\"><h4 style=\"color: #333333;text-align: left\" class=\"vc_custom_heading two-fonts\" >Partneri<\/h4><div class=\"vc_empty_space\"   style=\"height: 44px\"><span class=\"vc_empty_space_inner\"><\/span><\/div><\/div><\/div><\/div><\/div><div class=\"vc_row wpb_row vc_row-fluid\"><div class=\"wpb_column vc_column_container vc_col-sm-1\/5\"><div class=\"vc_column-inner vc_custom_1581934918104\"><div class=\"wpb_wrapper\">\n\t<div  class=\"wpb_single_image wpb_content_element vc_align_center\">\n\t\t\n\t\t<figure class=\"wpb_wrapper vc_figure\">\n\t\t\t<a href=\"https:\/\/www.e-klase.lv\/\" target=\"_blank\" class=\"vc_single_image-wrapper   vc_box_border_grey\"><img loading=\"lazy\" decoding=\"async\" class=\"vc_single_image-img \" src=\"https:\/\/www.rchv.lv\/web\/wp-content\/uploads\/2020\/02\/download-100x100.jpg\" width=\"100\" height=\"100\" alt=\"download\" title=\"download\" \/><\/a>\n\t\t<\/figure>\n\t<\/div>\n<p style=\"font-size: 17px;line-height: 20px;text-align: center;font-family:Source Sans Pro;font-weight:400;font-style:normal\" class=\"vc_custom_heading\" ><a href=\"https:\/\/www.e-klase.lv\/\" target=\" _blank\" title=\"e-klase.lv\">E-klase<\/a><\/p><\/div><\/div><\/div><div class=\"wpb_column vc_column_container vc_col-sm-1\/5\"><div class=\"vc_column-inner vc_custom_1581934924328\"><div class=\"wpb_wrapper\">\n\t<div  class=\"wpb_single_image wpb_content_element vc_align_center\">\n\t\t\n\t\t<figure class=\"wpb_wrapper vc_figure\">\n\t\t\t<a href=\"https:\/\/rchvab.lv\/\" target=\"_blank\" class=\"vc_single_image-wrapper   vc_box_border_grey\"><img loading=\"lazy\" decoding=\"async\" class=\"vc_single_image-img \" src=\"https:\/\/www.rchv.lv\/web\/wp-content\/uploads\/2020\/02\/logo-atbalsts-1-150x100.png\" width=\"150\" height=\"100\" alt=\"logo-atbalsts\" title=\"logo-atbalsts\" \/><\/a>\n\t\t<\/figure>\n\t<\/div>\n<p style=\"font-size: 17px;line-height: 20px;text-align: center;font-family:Source Sans Pro;font-weight:400;font-style:normal\" class=\"vc_custom_heading\" ><a href=\"https:\/\/rchvab.lv\/\" target=\" _blank\" title=\"rchvab.lv\">RCHV Atbalsta biedr\u012bba<\/a><\/p><\/div><\/div><\/div><div class=\"wpb_column vc_column_container vc_col-sm-1\/5\"><div class=\"vc_column-inner vc_custom_1581934929526\"><div class=\"wpb_wrapper\">\n\t<div  class=\"wpb_single_image wpb_content_element vc_align_center\">\n\t\t\n\t\t<figure class=\"wpb_wrapper vc_figure\">\n\t\t\t<a href=\"https:\/\/riimc.lv\/\" target=\"_blank\" class=\"vc_single_image-wrapper   vc_box_border_grey\"><img loading=\"lazy\" decoding=\"async\" class=\"vc_single_image-img \" src=\"https:\/\/www.rchv.lv\/web\/wp-content\/uploads\/2021\/02\/riimc-120x120.png\" width=\"120\" height=\"120\" alt=\"riimc\" title=\"riimc\" \/><\/a>\n\t\t<\/figure>\n\t<\/div>\n<p style=\"font-size: 17px;line-height: 20px;text-align: center;font-family:Source Sans Pro;font-weight:400;font-style:normal\" class=\"vc_custom_heading\" ><a href=\"https:\/\/riimc.lv\/\" target=\" _blank\" title=\"riimc.lv\">R\u012bgas Izgl\u012bt\u012bbas un informat\u012bvi metodiskais centrs<\/a><\/p><\/div><\/div><\/div><div class=\"wpb_column vc_column_container vc_col-sm-1\/5\"><div class=\"vc_column-inner\"><div class=\"wpb_wrapper\">\n\t<div  class=\"wpb_single_image wpb_content_element vc_align_center\">\n\t\t\n\t\t<figure class=\"wpb_wrapper vc_figure\">\n\t\t\t<a href=\"http:\/\/www.izm.gov.lv\/\" target=\"_blank\" class=\"vc_single_image-wrapper   vc_box_border_grey\"><img loading=\"lazy\" decoding=\"async\" class=\"vc_single_image-img \" src=\"https:\/\/www.rchv.lv\/web\/wp-content\/uploads\/2021\/02\/Capture-120x120.jpg\" width=\"120\" height=\"120\" alt=\"Capture\" title=\"Capture\" \/><\/a>\n\t\t<\/figure>\n\t<\/div>\n<p style=\"font-size: 17px;line-height: 20px;text-align: center;font-family:Source Sans Pro;font-weight:400;font-style:normal\" class=\"vc_custom_heading\" ><a href=\"http:\/\/www.izm.gov.lv\/\" target=\" _blank\" title=\"www.izm.gov.lv\">Izgl\u012bt\u012bbas un zin\u0101tnes ministrija<\/a><\/p><\/div><\/div><\/div><div class=\"wpb_column vc_column_container vc_col-sm-1\/5\"><div class=\"vc_column-inner\"><div class=\"wpb_wrapper\">\n\t<div  class=\"wpb_single_image wpb_content_element vc_align_center\">\n\t\t\n\t\t<figure class=\"wpb_wrapper vc_figure\">\n\t\t\t<a href=\"http:\/\/viaa.gov.lv\/lat\/\" target=\"_blank\" class=\"vc_single_image-wrapper   vc_box_border_grey\"><img loading=\"lazy\" decoding=\"async\" class=\"vc_single_image-img \" src=\"https:\/\/www.rchv.lv\/web\/wp-content\/uploads\/2020\/02\/logo-viaa-100x100.png\" width=\"100\" height=\"100\" alt=\"logo-viaa\" title=\"logo-viaa\" \/><\/a>\n\t\t<\/figure>\n\t<\/div>\n<p style=\"font-size: 17px;line-height: 20px;text-align: center;font-family:Source Sans Pro;font-weight:400;font-style:normal\" class=\"vc_custom_heading\" ><a href=\"http:\/\/viaa.gov.lv\/lat\/\" title=\"viaa.gov.lv\">Valsts izgl\u012bt\u012bbas att\u012bst\u012bbas a\u0123ent\u016bra<\/a><\/p><\/div><\/div><\/div><\/div><div class=\"vc_row wpb_row vc_row-fluid\"><div class=\"wpb_column vc_column_container vc_col-sm-12\"><div class=\"vc_column-inner\"><div class=\"wpb_wrapper\"><div class=\"vc_empty_space\"   style=\"height: 22px\"><span class=\"vc_empty_space_inner\"><\/span><\/div><\/div><\/div><\/div><\/div><div class=\"vc_row wpb_row vc_row-fluid\"><div class=\"wpb_column vc_column_container vc_col-sm-1\/5\"><div class=\"vc_column-inner\"><div class=\"wpb_wrapper\">\n\t<div  class=\"wpb_single_image wpb_content_element vc_align_center\">\n\t\t\n\t\t<figure class=\"wpb_wrapper vc_figure\">\n\t\t\t<a href=\"http:\/\/visc.gov.lv\" target=\"_blank\" class=\"vc_single_image-wrapper   vc_box_border_grey\"><img loading=\"lazy\" decoding=\"async\" class=\"vc_single_image-img \" src=\"https:\/\/www.rchv.lv\/web\/wp-content\/uploads\/2020\/02\/logo-visc-1-150x100.png\" width=\"150\" height=\"100\" alt=\"logo-visc\" title=\"logo-visc\" \/><\/a>\n\t\t<\/figure>\n\t<\/div>\n<p style=\"font-size: 17px;line-height: 20px;text-align: center;font-family:Source Sans Pro;font-weight:400;font-style:normal\" class=\"vc_custom_heading\" ><a href=\"https:\/\/visc.gov.lv\/\" target=\" _blank\" title=\"visc.gov.lv\">Valsts izgl\u012bt\u012bbas satura centrs<\/a><\/p><\/div><\/div><\/div><div class=\"wpb_column vc_column_container vc_col-sm-1\/5\"><div class=\"vc_column-inner\"><div class=\"wpb_wrapper\">\n\t<div  class=\"wpb_single_image wpb_content_element vc_align_center\">\n\t\t\n\t\t<figure class=\"wpb_wrapper vc_figure\">\n\t\t\t<a href=\"https:\/\/izglitiba.riga.lv\/lv\/izglitiba\" target=\"_blank\" class=\"vc_single_image-wrapper   vc_box_border_grey\"><img loading=\"lazy\" decoding=\"async\" class=\"vc_single_image-img \" src=\"https:\/\/www.rchv.lv\/web\/wp-content\/uploads\/2021\/02\/75NHS0YCE-100x100.png\" width=\"100\" height=\"100\" alt=\"75NHS0YCE\" title=\"75NHS0YCE\" \/><\/a>\n\t\t<\/figure>\n\t<\/div>\n<p style=\"font-size: 17px;line-height: 20px;text-align: center;font-family:Source Sans Pro;font-weight:400;font-style:normal\" class=\"vc_custom_heading\" ><a href=\"https:\/\/izglitiba.riga.lv\/lv\/izglitiba\">R\u012bgas domes Izgl\u012bt\u012bbas, kult\u016bras un sporta departaments<\/a><\/p><\/div><\/div><\/div><div class=\"wpb_column vc_column_container vc_col-sm-1\/5\"><div class=\"vc_column-inner\"><div class=\"wpb_wrapper\">\n\t<div  class=\"wpb_single_image wpb_content_element vc_align_center\">\n\t\t\n\t\t<figure class=\"wpb_wrapper vc_figure\">\n\t\t\t<a href=\"http:\/\/www.videsfonds.lv\/lv\/ekoskolas _blank\" target=\"_blank\" class=\"vc_single_image-wrapper   vc_box_border_grey\"><img loading=\"lazy\" decoding=\"async\" class=\"vc_single_image-img \" src=\"https:\/\/www.rchv.lv\/web\/wp-content\/uploads\/2020\/02\/logo-fee-100x100.png\" width=\"100\" height=\"100\" alt=\"logo-fee\" title=\"logo-fee\" \/><\/a>\n\t\t<\/figure>\n\t<\/div>\n<p style=\"font-size: 17px;line-height: 20px;text-align: center;font-family:Source Sans Pro;font-weight:400;font-style:normal\" class=\"vc_custom_heading\" ><a href=\"http:\/\/www.videsfonds.lv\/lv\/ekoskolas\" target=\" _blank\" title=\"www.videsfonds.lv\">Vides izgl\u012bt\u012bbas fonds<\/a><\/p><\/div><\/div><\/div><div class=\"wpb_column vc_column_container vc_col-sm-1\/5\"><div class=\"vc_column-inner\"><div class=\"wpb_wrapper\">\n\t<div  class=\"wpb_single_image wpb_content_element vc_align_center\">\n\t\t\n\t\t<figure class=\"wpb_wrapper vc_figure\">\n\t\t\t<a href=\"https:\/\/www.lvafa.gov.lv\/\" target=\"_blank\" class=\"vc_single_image-wrapper   vc_box_border_grey\"><img loading=\"lazy\" decoding=\"async\" class=\"vc_single_image-img \" src=\"https:\/\/www.rchv.lv\/web\/wp-content\/uploads\/2020\/02\/LVAF-logo-100x100.png\" width=\"100\" height=\"100\" alt=\"LVAF-logo\" title=\"LVAF-logo\" \/><\/a>\n\t\t<\/figure>\n\t<\/div>\n<p style=\"font-size: 17px;line-height: 20px;text-align: center;font-family:Source Sans Pro;font-weight:400;font-style:normal\" class=\"vc_custom_heading\" ><a href=\"https:\/\/www.lvafa.gov.lv\/\" title=\"www.lvafa.gov.lv\">Latvijas vides aizsardz\u012bbas fonds<\/a><\/p><\/div><\/div><\/div><\/div><div class=\"vc_row wpb_row vc_row-fluid\"><div class=\"wpb_column vc_column_container vc_col-sm-12\"><div class=\"vc_column-inner\"><div class=\"wpb_wrapper\"><div class=\"vc_empty_space\"   style=\"height: 111px\"><span class=\"vc_empty_space_inner\"><\/span><\/div><\/div><\/div><\/div><\/div>\n","protected":false},"excerpt":{"rendered":"Skola ar izciliem ang\u013cu valodas rezult\u0101tiem. Ja Tev v\u0113l nav gr\u0101mata par skolu, tad pasteidzies ieg\u0101d\u0101ties! Aktualit\u0101tesJaunumi marts 11 ZPD&nbsp;<a href=\"https:\/\/www.rchv.lv\/web\/\">&hellip;<\/a>","protected":false},"author":1,"featured_media":0,"parent":2753,"menu_order":0,"comment_status":"closed","ping_status":"closed","template":"template-home.php","meta":{"inline_featured_image":false,"footnotes":""},"class_list":["post-2759","page","type-page","status-publish","hentry","odd"],"_links":{"self":[{"href":"https:\/\/www.rchv.lv\/web\/wp-json\/wp\/v2\/pages\/2759","targetHints":{"allow":["GET"]}}],"collection":[{"href":"https:\/\/www.rchv.lv\/web\/wp-json\/wp\/v2\/pages"}],"about":[{"href":"https:\/\/www.rchv.lv\/web\/wp-json\/wp\/v2\/types\/page"}],"author":[{"embeddable":true,"href":"https:\/\/www.rchv.lv\/web\/wp-json\/wp\/v2\/users\/1"}],"replies":[{"embeddable":true,"href":"https:\/\/www.rchv.lv\/web\/wp-json\/wp\/v2\/comments?post=2759"}],"version-history":[{"count":395,"href":"https:\/\/www.rchv.lv\/web\/wp-json\/wp\/v2\/pages\/2759\/revisions"}],"predecessor-version":[{"id":13440,"href":"https:\/\/www.rchv.lv\/web\/wp-json\/wp\/v2\/pages\/2759\/revisions\/13440"}],"up":[{"embeddable":true,"href":"https:\/\/www.rchv.lv\/web\/wp-json\/wp\/v2\/pages\/2753"}],"wp:attachment":[{"href":"https:\/\/www.rchv.lv\/web\/wp-json\/wp\/v2\/media?parent=2759"}],"curies":[{"name":"wp","href":"https:\/\/api.w.org\/{rel}","templated":true}]}}