{"id":2775,"date":"2017-02-20T13:23:21","date_gmt":"2017-02-20T11:23:21","guid":{"rendered":"http:\/\/ed.aislinthemes.com\/?page_id=1009"},"modified":"2025-05-16T09:40:58","modified_gmt":"2025-05-16T07:40:58","slug":"programmas","status":"publish","type":"page","link":"https:\/\/www.rchv.lv\/web\/uzzini-par2\/programmas","title":{"rendered":"M\u0101c\u012bbu programmas"},"content":{"rendered":"<div class=\"vc_row wpb_row vc_row-fluid\"><div class=\"wpb_column vc_column_container vc_col-sm-12\"><div class=\"vc_column-inner\"><div class=\"wpb_wrapper\"><h1 style=\"text-align: left\" class=\"vc_custom_heading vc_custom_1581886478300\" >M\u0101c\u012bbu programmas<\/h1><h4 style=\"color: #000000;text-align: left\" class=\"vc_custom_heading\" >Pied\u0101v\u0101jam \u0161\u0101das m\u0101c\u012bbu programmas:<\/h4><div class=\"vc_empty_space\"   style=\"height: 30px\"><span class=\"vc_empty_space_inner\"><\/span><\/div><\/div><\/div><\/div><\/div><div class=\"vc_row wpb_row vc_row-fluid vc_custom_1487773030229\"><div class=\"wpb_column vc_column_container vc_col-sm-6\"><div class=\"vc_column-inner\"><div class=\"wpb_wrapper\">\n\t\t\t\t\t<div class=\"wh-theme-icon vc_custom_1486996662509  scp_theme_icon-96580b9a64dbb12137a2cd0035cc6501\">\n\t\t\t\t<i class=\"icon-edbook1\"><\/i>\n\t\t\t<\/div>\n\t\t\t\t<h5 style=\"color: #000000;text-align: left\" class=\"vc_custom_heading vc_custom_1581887128970\" >Ang\u013cu valoda<\/h5><p style=\"color: #aeafaf;text-align: left\" class=\"vc_custom_heading vc_custom_1683696853017\" >Pamatizgl\u012bt\u012bbas programma ar padzi\u013cin\u0101tu sve\u0161valodas (ang\u013cu valodas) apguvi.<\/p><\/div><\/div><\/div><div class=\"wpb_column vc_column_container vc_col-sm-6\"><div class=\"vc_column-inner vc_custom_1491471836694\"><div class=\"wpb_wrapper\">\n\t\t\t\t\t<a\n\t\t\t\thref=\"https:\/\/www.rchv.lv\/web\/wp-content\/uploads\/2025\/05\/Valodas.Vesture.Jaunrade.jpg\"\n\t\t\t\tclass=\"wh-theme-icon vc_custom_1747381151092  scp_theme_icon-e2edfff3efd8a24d26d981b6768b2fc5\"\n\t\t\t\t\t\t\t\t\t\t\t\t><i class=\"icon-edflask\"><\/i><\/a>\n\t\t\t\t<h5 style=\"color: #000000;text-align: left\" class=\"vc_custom_heading vc_custom_1747381156244\" ><a href=\"https:\/\/www.rchv.lv\/web\/wp-content\/uploads\/2025\/05\/Valodas.Vesture.Jaunrade.jpg\">Valodas. V\u0113sture. Jaunrade.<\/a><\/h5><p style=\"color: #aeafaf;text-align: left\" class=\"vc_custom_heading vc_custom_1747381162637\" ><a href=\"https:\/\/www.rchv.lv\/web\/wp-content\/uploads\/2025\/05\/Valodas.Vesture.Jaunrade.jpg\">Visp\u0101r\u0113j\u0101s vid\u0113j\u0101s izgl\u012bt\u012bbas programma, humanit\u0101rais virziens.<\/a><\/p><\/div><\/div><\/div><\/div><div class=\"vc_row wpb_row vc_row-fluid vc_custom_1487773030229\"><div class=\"wpb_column vc_column_container vc_col-sm-6\"><div class=\"vc_column-inner\"><div class=\"wpb_wrapper\">\n\t\t\t\t\t<a\n\t\t\t\thref=\"https:\/\/www.rchv.lv\/web\/wp-content\/uploads\/2025\/05\/Ekonomika.jpg\"\n\t\t\t\tclass=\"wh-theme-icon vc_custom_1747381175748  scp_theme_icon-c1d99f655ec70e0ebc89cafbac131b69\"\n\t\t\t\t\t\t\t\t\t\t\t\t><i class=\"icon-edtime\"><\/i><\/a>\n\t\t\t\t<h5 style=\"color: #000000;text-align: left\" class=\"vc_custom_heading vc_custom_1747381181171\" ><a href=\"https:\/\/www.rchv.lv\/web\/wp-content\/uploads\/2025\/05\/Ekonomika.jpg\">Uz\u0146\u0113m\u0113jdarb\u012bba. Politika. Sabiedr\u012bba.<\/a><\/h5><p style=\"color: #aeafaf;text-align: left\" class=\"vc_custom_heading vc_custom_1747381185875\" ><a href=\"https:\/\/www.rchv.lv\/web\/wp-content\/uploads\/2025\/05\/Ekonomika.jpg\">Visp\u0101r\u0113j\u0101s vid\u0113j\u0101s izgl\u012bt\u012bbas programma, ekonomikas virziens.<\/a><\/p><\/div><\/div><\/div><div class=\"wpb_column vc_column_container vc_col-sm-6\"><div class=\"vc_column-inner\"><div class=\"wpb_wrapper\">\n\t\t\t\t\t<a\n\t\t\t\thref=\"https:\/\/www.rchv.lv\/web\/wp-content\/uploads\/2025\/05\/Dabaszinatnes.jpg\"\n\t\t\t\tclass=\"wh-theme-icon vc_custom_1747381198387  scp_theme_icon-ccddabe515c4a0252c3741906063a6ec\"\n\t\t\t\t\t\t\t\t\t\t\t\t><i class=\"icon-edsnail\"><\/i><\/a>\n\t\t\t\t<h5 style=\"color: #000000;text-align: left\" class=\"vc_custom_heading vc_custom_1747381203355\" ><a href=\"https:\/\/www.rchv.lv\/web\/wp-content\/uploads\/2025\/05\/Dabaszinatnes.jpg\">Dabas zin\u0101tnes. Matem\u0101tika. P\u0113tniec\u012bba.<\/a><\/h5><p style=\"color: #aeafaf;text-align: left\" class=\"vc_custom_heading vc_custom_1747381208011\" ><a href=\"https:\/\/www.rchv.lv\/web\/wp-content\/uploads\/2025\/05\/Dabaszinatnes.jpg\">Visp\u0101r\u0113j\u0101s vid\u0113j\u0101s izgl\u012bt\u012bbas programma, dabaszin\u012bbu virziens.<\/a><\/p><\/div><\/div><\/div><\/div><div class=\"vc_row wpb_row vc_row-fluid vc_custom_1501154363855\"><div class=\"wpb_column vc_column_container vc_col-sm-12\"><div class=\"vc_column-inner\"><div class=\"wpb_wrapper\"><div class=\"vc_separator wpb_content_element vc_separator_align_center vc_sep_width_100 vc_sep_border_width_4 vc_sep_pos_align_center vc_separator_no_text vc_sep_color_grey vc_custom_1491471819352  vc_custom_1491471819352\" ><span class=\"vc_sep_holder vc_sep_holder_l\"><span  class=\"vc_sep_line\"><\/span><\/span><span class=\"vc_sep_holder vc_sep_holder_r\"><span  class=\"vc_sep_line\"><\/span><\/span>\n<\/div><\/div><\/div><\/div><\/div>\n","protected":false},"excerpt":{"rendered":"M\u0101c\u012bbu programmasPied\u0101v\u0101jam \u0161\u0101das m\u0101c\u012bbu programmas: Ang\u013cu valodaPamatizgl\u012bt\u012bbas programma ar padzi\u013cin\u0101tu sve\u0161valodas (ang\u013cu valodas) apguvi. Valodas. V\u0113sture. Jaunrade.Visp\u0101r\u0113j\u0101s vid\u0113j\u0101s izgl\u012bt\u012bbas programma,&nbsp;<a href=\"https:\/\/www.rchv.lv\/web\/uzzini-par2\/programmas\">&hellip;<\/a>","protected":false},"author":1,"featured_media":0,"parent":2812,"menu_order":1,"comment_status":"closed","ping_status":"closed","template":"template-sidebar-right-childpages.php","meta":{"inline_featured_image":false,"footnotes":""},"class_list":["post-2775","page","type-page","status-publish","hentry","odd"],"_links":{"self":[{"href":"https:\/\/www.rchv.lv\/web\/wp-json\/wp\/v2\/pages\/2775","targetHints":{"allow":["GET"]}}],"collection":[{"href":"https:\/\/www.rchv.lv\/web\/wp-json\/wp\/v2\/pages"}],"about":[{"href":"https:\/\/www.rchv.lv\/web\/wp-json\/wp\/v2\/types\/page"}],"author":[{"embeddable":true,"href":"https:\/\/www.rchv.lv\/web\/wp-json\/wp\/v2\/users\/1"}],"replies":[{"embeddable":true,"href":"https:\/\/www.rchv.lv\/web\/wp-json\/wp\/v2\/comments?post=2775"}],"version-history":[{"count":47,"href":"https:\/\/www.rchv.lv\/web\/wp-json\/wp\/v2\/pages\/2775\/revisions"}],"predecessor-version":[{"id":12664,"href":"https:\/\/www.rchv.lv\/web\/wp-json\/wp\/v2\/pages\/2775\/revisions\/12664"}],"up":[{"embeddable":true,"href":"https:\/\/www.rchv.lv\/web\/wp-json\/wp\/v2\/pages\/2812"}],"wp:attachment":[{"href":"https:\/\/www.rchv.lv\/web\/wp-json\/wp\/v2\/media?parent=2775"}],"curies":[{"name":"wp","href":"https:\/\/api.w.org\/{rel}","templated":true}]}}