{"id":2811,"date":"2017-02-21T12:45:01","date_gmt":"2017-02-21T10:45:01","guid":{"rendered":"http:\/\/ed.aislinthemes.com\/?page_id=1139"},"modified":"2026-01-30T13:10:12","modified_gmt":"2026-01-30T11:10:12","slug":"uznemsana","status":"publish","type":"page","link":"https:\/\/www.rchv.lv\/web\/uzzini-par2\/uznemsana","title":{"rendered":"Uz\u0146em\u0161ana"},"content":{"rendered":"<div class=\"vc_row wpb_row vc_row-fluid\"><div class=\"wpb_column vc_column_container vc_col-sm-12\"><div class=\"vc_column-inner\"><div class=\"wpb_wrapper\"><div class=\"vc_empty_space\"   style=\"height: 64px\"><span class=\"vc_empty_space_inner\"><\/span><\/div><h1 style=\"text-align: left\" class=\"vc_custom_heading\" >Uz\u0146em\u0161ana 1. klas\u0113<\/h1>\n\t<div class=\"wpb_text_column wpb_content_element \" >\n\t\t<div class=\"wpb_wrapper\">\n\t\t\t<h2><strong>B\u0113rna likumiskais p\u0101rst\u0101vis var pieteikt b\u0113rnu uz\u0146em\u0161anai 1. klas\u0113 ne vair\u0101k k\u0101 piec\u0101s m\u0101c\u012bbu iest\u0101d\u0113s.<\/strong><\/h2>\n\n\t\t<\/div>\n\t<\/div>\n\n\t<div class=\"wpb_text_column wpb_content_element  vc_custom_1769771410144\" >\n\t\t<div class=\"wpb_wrapper\">\n\t\t\t<div class=\"data-block\">\n<p>Inform\u0113jam, ka b\u0113rnu re\u0123istr\u0113\u0161ana uz\u0146em\u0161anai 1. klas\u0113\u00a0 2026.\/2027., 2027.\/2028. un 2028.\/2029. m\u0101c\u012bbu gadam notiek att\u0101lin\u0101ti.<\/p>\n<p>Iesniegumu pie\u0146em\u0161ana kl\u0101tien\u0113\u00a0 <strong>otrdien\u0101s no plkst. 8:00 l\u012bdz 15:00\u00a0 Kr.Barona iel\u0101 97A.<\/strong><\/p>\n<p>Pieteikumus adres\u0113tus R\u012bgas Centra humanit\u0101r\u0101s vidusskolas direktorei, saska\u0146\u0101 ar <strong>R\u012bgas domes 2023. gada 26.\u00a0apr\u012b\u013ca saisto\u0161ie noteikumi Nr.\u00a0199 \u201c<\/strong><strong>K\u0101rt\u012bba, k\u0101d\u0101 re\u0123istr\u0113jami un izskat\u0101mi iesniegumi par b\u0113rnu uz\u0146em\u0161anu 1.\u00a0klas\u0113 R\u012bgas valstspils\u0113tas pa\u0161vald\u012bbas izgl\u012bt\u012bbas iest\u0101d\u0113s<\/strong><strong>&#8220;<\/strong> 2.1 un 2.2. punktu\u00a0 &#8220;Iesnieguma par b\u0113rna uz\u0146em\u0161anu 1.klas\u0113 re\u0123istr\u0113\u0161ana , ierodoties Iest\u0101d\u0113 &#8221; un <u>\u201cIesnieguma par b\u0113rna uz\u0146em\u0161anu 1.klas\u0113 Iest\u0101d\u0113 iesnieg\u0161ana elektroniski\u201d, ies\u016bt\u012bt atsevi\u0161\u0137i parakst\u012btu iesniegumu, ar kl\u0101t pievienoto pielikumu \u2013 b\u0113rna dzim\u0161anas apliec\u012bbas vai b\u0113rna personu apliecino\u0161a dokumenta kopiju, nepiecie\u0161am\u012bbas gad\u012bjum\u0101 b\u0101ri\u0146tiesas l\u0113muma par b\u0113rna \u0101rpus\u0123imenes apr\u016bpi kopiju un\/vai pilnvaras kopiju<\/u>, uz skolas ofici\u0101lo e-adresi (<a href=\"https:\/\/www.latvija.lv\/lv\/Eaddress\/write?address=_default@40900010383\" target=\"_blank\" rel=\"noopener\">https:\/\/www.latvija.lv\/lv\/Eaddress\/write?address=_default@40900010383<\/a>) vai e-pasta adresi <a href=\"http:\/\/mailto:vsch@riga.lv\" target=\"_blank\" rel=\"noopener\">chvs@riga.lv<\/a> parakst\u012btus ar dro\u0161u elektronisko parakstu.<\/p>\n<p><strong>\u00a0<\/strong><\/p>\n<p><strong>Neskaidr\u012bbu gad\u012bjum\u0101 zvan\u012bt pa t\u0101lruni \u2013 67474239.<\/strong><\/p>\n<p>&nbsp;<\/p>\n<\/div>\n\n\t\t<\/div>\n\t<\/div>\n\n\t<div class=\"wpb_text_column wpb_content_element  vc_custom_1684434693970\" >\n\t\t<div class=\"wpb_wrapper\">\n\t\t\t<p><strong>R\u012bgas domes 2023. gada 26.\u00a0apr\u012b\u013ca saisto\u0161ie noteikumi Nr.\u00a0199 \u201cK\u0101rt\u012bba, k\u0101d\u0101 re\u0123istr\u0113jami un izskat\u0101mi iesniegumi par b\u0113rnu uz\u0146em\u0161anu 1.\u00a0klas\u0113 R\u012bgas valstspils\u0113tas pa\u0161vald\u012bbas izgl\u012bt\u012bbas iest\u0101d\u0113s&#8221;<br \/>\n<\/strong><\/p>\n<p><strong><a href=\"https:\/\/likumi.lv\/ta\/id\/341736-kartiba-kada-registrejami-un-izskatami-iesniegumi-par-bernu-uznemsanu-1nbspklase-rigas-valstspilsetas-pasvaldibas-izglitibas-iestades\" target=\"_blank\" rel=\"noopener\">https:\/\/likumi.lv\/ta\/id\/341736-kartiba-kada-registrejami-un-izskatami-iesniegumi-par-bernu-uznemsanu-1nbspklase-rigas-valstspilsetas-pasvaldibas-izglitibas-iestades<\/a> <\/strong><\/p>\n\n\t\t<\/div>\n\t<\/div>\n\n\t<div class=\"wpb_text_column wpb_content_element  vc_custom_1706165745496\" >\n\t\t<div class=\"wpb_wrapper\">\n\t\t\t<p>Skolu mikrorajonu mekl\u0113t\u0101js.<\/p>\n<p><a href=\"https:\/\/katalogs-iksd.riga.lv\/lv\">https:\/\/katalogs-iksd.riga.lv\/lv<\/a><\/p>\n\n\t\t<\/div>\n\t<\/div>\n\n\t<div  class=\"wpb_single_image wpb_content_element vc_align_left\">\n\t\t\n\t\t<figure class=\"wpb_wrapper vc_figure\">\n\t\t\t<div class=\"vc_single_image-wrapper   vc_box_border_grey\"><img loading=\"lazy\" decoding=\"async\" width=\"1024\" height=\"1024\" src=\"https:\/\/www.rchv.lv\/web\/wp-content\/uploads\/2025\/05\/Ka-pieteikt-bernu-1.-klase-Rigas-skolas_2-1024x1024.jpg\" class=\"vc_single_image-img attachment-large\" alt=\"\" srcset=\"https:\/\/www.rchv.lv\/web\/wp-content\/uploads\/2025\/05\/Ka-pieteikt-bernu-1.-klase-Rigas-skolas_2-1024x1024.jpg 1024w, https:\/\/www.rchv.lv\/web\/wp-content\/uploads\/2025\/05\/Ka-pieteikt-bernu-1.-klase-Rigas-skolas_2-150x150.jpg 150w, https:\/\/www.rchv.lv\/web\/wp-content\/uploads\/2025\/05\/Ka-pieteikt-bernu-1.-klase-Rigas-skolas_2-300x300.jpg 300w, https:\/\/www.rchv.lv\/web\/wp-content\/uploads\/2025\/05\/Ka-pieteikt-bernu-1.-klase-Rigas-skolas_2.jpg 1080w\" sizes=\"auto, (max-width: 1024px) 100vw, 1024px\" \/><\/div>\n\t\t<\/figure>\n\t<\/div>\n\n\t<div  class=\"wpb_single_image wpb_content_element vc_align_left\">\n\t\t\n\t\t<figure class=\"wpb_wrapper vc_figure\">\n\t\t\t<div class=\"vc_single_image-wrapper   vc_box_border_grey\"><img loading=\"lazy\" decoding=\"async\" width=\"1024\" height=\"1024\" src=\"https:\/\/www.rchv.lv\/web\/wp-content\/uploads\/2025\/05\/Ka-pieteikt-bernu-1.-klase-Rigas-skolas_4-1024x1024.jpg\" class=\"vc_single_image-img attachment-large\" alt=\"\" srcset=\"https:\/\/www.rchv.lv\/web\/wp-content\/uploads\/2025\/05\/Ka-pieteikt-bernu-1.-klase-Rigas-skolas_4-1024x1024.jpg 1024w, https:\/\/www.rchv.lv\/web\/wp-content\/uploads\/2025\/05\/Ka-pieteikt-bernu-1.-klase-Rigas-skolas_4-150x150.jpg 150w, https:\/\/www.rchv.lv\/web\/wp-content\/uploads\/2025\/05\/Ka-pieteikt-bernu-1.-klase-Rigas-skolas_4-300x300.jpg 300w, https:\/\/www.rchv.lv\/web\/wp-content\/uploads\/2025\/05\/Ka-pieteikt-bernu-1.-klase-Rigas-skolas_4.jpg 1080w\" sizes=\"auto, (max-width: 1024px) 100vw, 1024px\" \/><\/div>\n\t\t<\/figure>\n\t<\/div>\n<div class=\"vc_empty_space\"   style=\"height: 32px\"><span class=\"vc_empty_space_inner\"><\/span><\/div><\/div><\/div><\/div><\/div><div class=\"vc_row wpb_row vc_row-fluid\"><div class=\"wpb_column vc_column_container vc_col-sm-4\"><div class=\"vc_column-inner\"><div class=\"wpb_wrapper\">\n\t<div  class=\"wpb_single_image wpb_content_element vc_align_left  vc_custom_1583153845314\">\n\t\t\n\t\t<figure class=\"wpb_wrapper vc_figure\">\n\t\t\t<div class=\"vc_single_image-wrapper   vc_box_border_grey\"><img loading=\"lazy\" decoding=\"async\" class=\"vc_single_image-img \" src=\"https:\/\/www.rchv.lv\/web\/wp-content\/uploads\/2020\/02\/color-yellow-300x22.png\" width=\"300\" height=\"22\" alt=\"color-yellow\" title=\"color-yellow\" \/><\/div>\n\t\t<\/figure>\n\t<\/div>\n<h4 style=\"color: #020202;text-align: left\" class=\"vc_custom_heading vc_custom_1588495563749\" >Uz\u0146em\u0161ana 1. klas\u0113<\/h4>\n\t<div  class=\"wpb_single_image wpb_content_element vc_align_left\">\n\t\t\n\t\t<figure class=\"wpb_wrapper vc_figure\">\n\t\t\t<a href=\"https:\/\/www.rchv.lv\/web\/wp-content\/uploads\/2023\/05\/iesniegums_rindai.docx\" target=\"_self\" class=\"vc_single_image-wrapper   vc_box_border_grey\"><img loading=\"lazy\" decoding=\"async\" class=\"vc_single_image-img \" src=\"https:\/\/www.rchv.lv\/web\/wp-content\/uploads\/2020\/02\/pdf-1-100x121.png\" width=\"100\" height=\"121\" alt=\"pdf\" title=\"pdf\" \/><\/a>\n\t\t<\/figure>\n\t<\/div>\n<h2 style=\"text-align: left\" class=\"vc_custom_heading\" >Iesniegums<\/h2><\/div><\/div><\/div><div class=\"wpb_column vc_column_container vc_col-sm-4\"><div class=\"vc_column-inner vc_custom_1459416622945\"><div class=\"wpb_wrapper\">\n\t<div  class=\"wpb_single_image wpb_content_element vc_align_left  vc_custom_1583153890057\">\n\t\t\n\t\t<figure class=\"wpb_wrapper vc_figure\">\n\t\t\t<div class=\"vc_single_image-wrapper   vc_box_border_grey\"><img loading=\"lazy\" decoding=\"async\" class=\"vc_single_image-img \" src=\"https:\/\/www.rchv.lv\/web\/wp-content\/uploads\/2020\/02\/color-blue-300x22.png\" width=\"300\" height=\"22\" alt=\"color-blue\" title=\"color-blue\" \/><\/div>\n\t\t<\/figure>\n\t<\/div>\n<h4 style=\"color: #020202;text-align: left\" class=\"vc_custom_heading vc_custom_1588495570086\" >Uz\u0146em\u0161ana 10. klas\u0113<\/h4>\n\t<div  class=\"wpb_single_image wpb_content_element vc_align_left\">\n\t\t\n\t\t<figure class=\"wpb_wrapper vc_figure\">\n\t\t\t<a href=\"https:\/\/www.rchv.lv\/web\/wp-content\/uploads\/2025\/01\/humanitara.jpg\" target=\"_blank\" class=\"vc_single_image-wrapper   vc_box_border_grey\"><img loading=\"lazy\" decoding=\"async\" class=\"vc_single_image-img \" src=\"https:\/\/www.rchv.lv\/web\/wp-content\/uploads\/2020\/02\/pdf-1-100x121.png\" width=\"100\" height=\"121\" alt=\"pdf\" title=\"pdf\" \/><\/a>\n\t\t<\/figure>\n\t<\/div>\n<h4 style=\"text-align: left\" class=\"vc_custom_heading\" >Valodas. V\u0113sture. Jaunrade.<br \/>\nHumanit\u0101r\u0101 virziena klase<\/h4><div class=\"vc_empty_space\"   style=\"height: 32px\"><span class=\"vc_empty_space_inner\"><\/span><\/div>\n\t<div  class=\"wpb_single_image wpb_content_element vc_align_left\">\n\t\t\n\t\t<figure class=\"wpb_wrapper vc_figure\">\n\t\t\t<a href=\"https:\/\/www.rchv.lv\/web\/wp-content\/uploads\/2025\/01\/dabaszinibu-klase.jpg\" target=\"_blank\" class=\"vc_single_image-wrapper   vc_box_border_grey\"><img loading=\"lazy\" decoding=\"async\" class=\"vc_single_image-img \" src=\"https:\/\/www.rchv.lv\/web\/wp-content\/uploads\/2020\/02\/pdf-1-100x121.png\" width=\"100\" height=\"121\" alt=\"pdf\" title=\"pdf\" \/><\/a>\n\t\t<\/figure>\n\t<\/div>\n<h4 style=\"text-align: left\" class=\"vc_custom_heading\" >Dabas zin\u0101tnes. Matem\u0101tika. P\u0113tniec\u012bba.<br \/>\nDabaszin\u012bbu virziena klase<\/h4><div class=\"vc_empty_space\"   style=\"height: 32px\"><span class=\"vc_empty_space_inner\"><\/span><\/div>\n\t<div  class=\"wpb_single_image wpb_content_element vc_align_left\">\n\t\t\n\t\t<figure class=\"wpb_wrapper vc_figure\">\n\t\t\t<a href=\"https:\/\/www.rchv.lv\/web\/wp-content\/uploads\/2025\/01\/ekonomikas-klase.jpg\" target=\"_blank\" class=\"vc_single_image-wrapper   vc_box_border_grey\"><img loading=\"lazy\" decoding=\"async\" class=\"vc_single_image-img \" src=\"https:\/\/www.rchv.lv\/web\/wp-content\/uploads\/2020\/02\/pdf-1-100x121.png\" width=\"100\" height=\"121\" alt=\"pdf\" title=\"pdf\" \/><\/a>\n\t\t<\/figure>\n\t<\/div>\n<h4 style=\"text-align: left\" class=\"vc_custom_heading\" >Uz\u0146\u0113m\u0113jdarb\u012bba. Politika. Sabiedr\u012bba.<br \/>\nEkonomikas virziena klase<\/h4>\n\t<div class=\"wpb_text_column wpb_content_element  vc_custom_1585585041524\" >\n\t\t<div class=\"wpb_wrapper\">\n\t\t\t\n\t\t<\/div>\n\t<\/div>\n\n\t<div class=\"wpb_text_column wpb_content_element \" >\n\t\t<div class=\"wpb_wrapper\">\n\t\t\t\n\t\t<\/div>\n\t<\/div>\n<\/div><\/div><\/div><div class=\"wpb_column vc_column_container vc_col-sm-4\"><div class=\"vc_column-inner\"><div class=\"wpb_wrapper\">\n\t<div  class=\"wpb_single_image wpb_content_element vc_align_left  vc_custom_1583153899132\">\n\t\t\n\t\t<figure class=\"wpb_wrapper vc_figure\">\n\t\t\t<div class=\"vc_single_image-wrapper   vc_box_border_grey\"><img loading=\"lazy\" decoding=\"async\" class=\"vc_single_image-img \" src=\"https:\/\/www.rchv.lv\/web\/wp-content\/uploads\/2020\/02\/color-grey-300x22.png\" width=\"300\" height=\"22\" alt=\"color-grey\" title=\"color-grey\" \/><\/div>\n\t\t<\/figure>\n\t<\/div>\n<h4 style=\"color: #020202;text-align: left\" class=\"vc_custom_heading vc_custom_1748854050978\" >Pieteik\u0161an\u0101s uz br\u012bvaj\u0101m viet\u0101m<\/h4>\n\t<div class=\"wpb_text_column wpb_content_element  vc_custom_1585585052854\" >\n\t\t<div class=\"wpb_wrapper\">\n\t\t\t\n\t\t<\/div>\n\t<\/div>\n<\/div><\/div><\/div><\/div><div class=\"vc_row wpb_row vc_row-fluid\"><div class=\"wpb_column vc_column_container vc_col-sm-12\"><div class=\"vc_column-inner\"><div class=\"wpb_wrapper\"><div class=\"vc_empty_space\"   style=\"height: 32px\"><span class=\"vc_empty_space_inner\"><\/span><\/div><\/div><\/div><\/div><\/div>\n","protected":false},"excerpt":{"rendered":"Uz\u0146em\u0161ana 1. klas\u0113 B\u0113rna likumiskais p\u0101rst\u0101vis var pieteikt b\u0113rnu uz\u0146em\u0161anai 1. klas\u0113 ne vair\u0101k k\u0101 piec\u0101s m\u0101c\u012bbu iest\u0101d\u0113s. Inform\u0113jam, ka&nbsp;<a href=\"https:\/\/www.rchv.lv\/web\/uzzini-par2\/uznemsana\">&hellip;<\/a>","protected":false},"author":1,"featured_media":0,"parent":2812,"menu_order":0,"comment_status":"closed","ping_status":"closed","template":"template-sidebar-right-childpages.php","meta":{"inline_featured_image":false,"footnotes":""},"class_list":["post-2811","page","type-page","status-publish","hentry","odd"],"_links":{"self":[{"href":"https:\/\/www.rchv.lv\/web\/wp-json\/wp\/v2\/pages\/2811","targetHints":{"allow":["GET"]}}],"collection":[{"href":"https:\/\/www.rchv.lv\/web\/wp-json\/wp\/v2\/pages"}],"about":[{"href":"https:\/\/www.rchv.lv\/web\/wp-json\/wp\/v2\/types\/page"}],"author":[{"embeddable":true,"href":"https:\/\/www.rchv.lv\/web\/wp-json\/wp\/v2\/users\/1"}],"replies":[{"embeddable":true,"href":"https:\/\/www.rchv.lv\/web\/wp-json\/wp\/v2\/comments?post=2811"}],"version-history":[{"count":200,"href":"https:\/\/www.rchv.lv\/web\/wp-json\/wp\/v2\/pages\/2811\/revisions"}],"predecessor-version":[{"id":13257,"href":"https:\/\/www.rchv.lv\/web\/wp-json\/wp\/v2\/pages\/2811\/revisions\/13257"}],"up":[{"embeddable":true,"href":"https:\/\/www.rchv.lv\/web\/wp-json\/wp\/v2\/pages\/2812"}],"wp:attachment":[{"href":"https:\/\/www.rchv.lv\/web\/wp-json\/wp\/v2\/media?parent=2811"}],"curies":[{"name":"wp","href":"https:\/\/api.w.org\/{rel}","templated":true}]}}