{"id":2812,"date":"2017-02-16T14:29:43","date_gmt":"2017-02-16T12:29:43","guid":{"rendered":"http:\/\/ed.aislinthemes.com\/?page_id=984"},"modified":"2020-03-02T14:45:51","modified_gmt":"2020-03-02T12:45:51","slug":"uzzini-par2","status":"publish","type":"page","link":"https:\/\/www.rchv.lv\/web\/uzzini-par2","title":{"rendered":"Uzzini par"},"content":{"rendered":"<div class=\"vc_row wpb_row vc_row-fluid\"><div class=\"wpb_column vc_column_container vc_col-sm-12\"><div class=\"vc_column-inner\"><div class=\"wpb_wrapper\">\n<div class=\"vc_grid-container-wrapper vc_clearfix\">\n\t<div class=\"vc_grid-container vc_clearfix wpb_content_element vc_basic_grid\" data-initial-loading-animation=\"fadeIn\" data-vc-grid-settings=\"{&quot;page_id&quot;:2812,&quot;style&quot;:&quot;all&quot;,&quot;action&quot;:&quot;vc_get_vc_grid_data&quot;,&quot;shortcode_id&quot;:&quot;1491386563267-8303e174-5288-5&quot;,&quot;tag&quot;:&quot;vc_basic_grid&quot;}\" data-vc-request=\"https:\/\/www.rchv.lv\/web\/wp-admin\/admin-ajax.php\" data-vc-post-id=\"2812\" data-vc-public-nonce=\"b1ca410a85\">\n\t\t<style data-type=\"vc_shortcodes-custom-css\">.vc_custom_1487765655729{padding-top: 5px !important;padding-right: 0px !important;padding-bottom: 0px !important;padding-left: 0px !important;background-color: #ffffff !important;}.vc_custom_1487765550898{padding-right: 0px !important;padding-left: 0px !important;}.vc_custom_1487764318086{background-color: rgba(230,190,30,0.69) !important;*background-color: rgb(230,190,30) !important;}.vc_custom_1487765591353{padding-top: 0px !important;padding-right: 0px !important;padding-bottom: 0px !important;padding-left: 0px !important;}.vc_custom_1487765918758{margin-top: 15px !important;margin-bottom: 0px !important;}<\/style><div class=\"vc_grid vc_row vc_grid-gutter-30px vc_pageable-wrapper vc_hook_hover\" data-vc-pageable-content=\"true\"><div class=\"vc_pageable-slide-wrapper vc_clearfix\" data-vc-grid-content=\"true\"><div class=\"vc_grid-item vc_clearfix vc_col-sm-4 vc_grid-item-zone-c-bottom\"><div class=\"vc_grid-item-mini vc_clearfix \"><div class=\"vc_gitem-animated-block  vc_gitem-animate vc_gitem-animate-scaleRotateIn\"  data-vc-animation=\"scaleRotateIn\"\"><div class=\"vc_gitem-zone vc_gitem-zone-a vc_custom_1487765550898 vc_gitem-is-link\" style=\"background-image: url('https:\/\/www.rchv.lv\/web\/wp-content\/plugins\/js_composer\/assets\/vc\/vc_gitem_image.png') !important;\"><a href=\"https:\/\/www.rchv.lv\/web\/wp-content\/plugins\/js_composer\/assets\/vc\/vc_gitem_image.png\" title=\"Runas konkursa laure\u0101ti!\"  data-rel=\"prettyPhoto[rel-2812-1795577086]\" data-vc-gitem-zone=\"prettyphotoLink\" class=\"vc_gitem-link prettyphoto vc-zone-link vc-prettyphoto-link\"><\/a><img decoding=\"async\" src=\"https:\/\/www.rchv.lv\/web\/wp-content\/plugins\/js_composer\/assets\/vc\/vc_gitem_image.png\" class=\"vc_gitem-zone-img\" alt=\"\"><div class=\"vc_gitem-zone-mini\"><\/div><\/div><div class=\"vc_gitem-zone vc_gitem-zone-b vc_custom_1487764318086 vc-gitem-zone-height-mode-auto vc_gitem-is-link\"><a href=\"#\" title=\"\" target=\"\" class=\"vc_gitem-link vc-zone-link\"><\/a><div class=\"vc_gitem-zone-mini\"><\/div><\/div><\/div><div class=\"vc_gitem-zone vc_gitem-zone-c vc_custom_1487765655729\"><div class=\"vc_gitem-zone-mini\"><div class=\"vc_gitem_row vc_row vc_gitem-row-position-top\"><div class=\"vc_col-sm-12 vc_gitem-col vc_gitem-col-align- vc_custom_1487765591353\"><div class=\"vc_custom_heading vc_custom_1487765918758 vc_gitem-post-data vc_gitem-post-data-source-post_title\" ><p style=\"font-size: 16px;color: #000000;line-height: 23px;text-align: left;font-family:Montserrat;font-weight:700;font-style:normal\" >Runas konkursa laure\u0101ti!<\/p><\/div><div class=\"vc_custom_heading vc_gitem-post-data vc_gitem-post-data-source-post_excerpt\" ><p style=\"text-align: left\" ><\/p><\/div><\/div><\/div><\/div><\/div><\/div><div class=\"vc_clearfix\"><\/div><\/div><div class=\"vc_grid-item vc_clearfix vc_col-sm-4 vc_grid-item-zone-c-bottom\"><div class=\"vc_grid-item-mini vc_clearfix \"><div class=\"vc_gitem-animated-block  vc_gitem-animate vc_gitem-animate-scaleRotateIn\"  data-vc-animation=\"scaleRotateIn\"\"><div class=\"vc_gitem-zone vc_gitem-zone-a vc_custom_1487765550898 vc_gitem-is-link\" style=\"background-image: url('https:\/\/www.rchv.lv\/web\/wp-content\/plugins\/js_composer\/assets\/vc\/vc_gitem_image.png') !important;\"><a href=\"https:\/\/www.rchv.lv\/web\/wp-content\/plugins\/js_composer\/assets\/vc\/vc_gitem_image.png\" title=\"ZPD konferences laure\u0101ti!\"  data-rel=\"prettyPhoto[rel-2812-1795577086]\" data-vc-gitem-zone=\"prettyphotoLink\" class=\"vc_gitem-link prettyphoto vc-zone-link vc-prettyphoto-link\"><\/a><img decoding=\"async\" src=\"https:\/\/www.rchv.lv\/web\/wp-content\/plugins\/js_composer\/assets\/vc\/vc_gitem_image.png\" class=\"vc_gitem-zone-img\" alt=\"\"><div class=\"vc_gitem-zone-mini\"><\/div><\/div><div class=\"vc_gitem-zone vc_gitem-zone-b vc_custom_1487764318086 vc-gitem-zone-height-mode-auto vc_gitem-is-link\"><a href=\"#\" title=\"\" target=\"\" class=\"vc_gitem-link vc-zone-link\"><\/a><div class=\"vc_gitem-zone-mini\"><\/div><\/div><\/div><div class=\"vc_gitem-zone vc_gitem-zone-c vc_custom_1487765655729\"><div class=\"vc_gitem-zone-mini\"><div class=\"vc_gitem_row vc_row vc_gitem-row-position-top\"><div class=\"vc_col-sm-12 vc_gitem-col vc_gitem-col-align- vc_custom_1487765591353\"><div class=\"vc_custom_heading vc_custom_1487765918758 vc_gitem-post-data vc_gitem-post-data-source-post_title\" ><p style=\"font-size: 16px;color: #000000;line-height: 23px;text-align: left;font-family:Montserrat;font-weight:700;font-style:normal\" >ZPD konferences laure\u0101ti!<\/p><\/div><div class=\"vc_custom_heading vc_gitem-post-data vc_gitem-post-data-source-post_excerpt\" ><p style=\"text-align: left\" ><\/p><\/div><\/div><\/div><\/div><\/div><\/div><div class=\"vc_clearfix\"><\/div><\/div><div class=\"vc_grid-item vc_clearfix vc_col-sm-4 vc_grid-item-zone-c-bottom\"><div class=\"vc_grid-item-mini vc_clearfix \"><div class=\"vc_gitem-animated-block  vc_gitem-animate vc_gitem-animate-scaleRotateIn\"  data-vc-animation=\"scaleRotateIn\"\"><div class=\"vc_gitem-zone vc_gitem-zone-a vc_custom_1487765550898 vc_gitem-is-link\" style=\"background-image: url('https:\/\/www.rchv.lv\/web\/wp-content\/plugins\/js_composer\/assets\/vc\/vc_gitem_image.png') !important;\"><a href=\"https:\/\/www.rchv.lv\/web\/wp-content\/plugins\/js_composer\/assets\/vc\/vc_gitem_image.png\" title=\"ZPD konferences laure\u0101ti!\"  data-rel=\"prettyPhoto[rel-2812-1795577086]\" data-vc-gitem-zone=\"prettyphotoLink\" class=\"vc_gitem-link prettyphoto vc-zone-link vc-prettyphoto-link\"><\/a><img decoding=\"async\" src=\"https:\/\/www.rchv.lv\/web\/wp-content\/plugins\/js_composer\/assets\/vc\/vc_gitem_image.png\" class=\"vc_gitem-zone-img\" alt=\"\"><div class=\"vc_gitem-zone-mini\"><\/div><\/div><div class=\"vc_gitem-zone vc_gitem-zone-b vc_custom_1487764318086 vc-gitem-zone-height-mode-auto vc_gitem-is-link\"><a href=\"#\" title=\"\" target=\"\" class=\"vc_gitem-link vc-zone-link\"><\/a><div class=\"vc_gitem-zone-mini\"><\/div><\/div><\/div><div class=\"vc_gitem-zone vc_gitem-zone-c vc_custom_1487765655729\"><div class=\"vc_gitem-zone-mini\"><div class=\"vc_gitem_row vc_row vc_gitem-row-position-top\"><div class=\"vc_col-sm-12 vc_gitem-col vc_gitem-col-align- vc_custom_1487765591353\"><div class=\"vc_custom_heading vc_custom_1487765918758 vc_gitem-post-data vc_gitem-post-data-source-post_title\" ><p style=\"font-size: 16px;color: #000000;line-height: 23px;text-align: left;font-family:Montserrat;font-weight:700;font-style:normal\" >ZPD konferences laure\u0101ti!<\/p><\/div><div class=\"vc_custom_heading vc_gitem-post-data vc_gitem-post-data-source-post_excerpt\" ><p style=\"text-align: left\" ><\/p><\/div><\/div><\/div><\/div><\/div><\/div><div class=\"vc_clearfix\"><\/div><\/div><div class=\"vc_grid-item vc_clearfix vc_col-sm-4 vc_grid-item-zone-c-bottom\"><div class=\"vc_grid-item-mini vc_clearfix \"><div class=\"vc_gitem-animated-block  vc_gitem-animate vc_gitem-animate-scaleRotateIn\"  data-vc-animation=\"scaleRotateIn\"\"><div class=\"vc_gitem-zone vc_gitem-zone-a vc_custom_1487765550898 vc_gitem-is-link\" style=\"background-image: url('https:\/\/www.rchv.lv\/web\/wp-content\/plugins\/js_composer\/assets\/vc\/vc_gitem_image.png') !important;\"><a href=\"https:\/\/www.rchv.lv\/web\/wp-content\/plugins\/js_composer\/assets\/vc\/vc_gitem_image.png\" title=\"RCHV-140!\"  data-rel=\"prettyPhoto[rel-2812-1795577086]\" data-vc-gitem-zone=\"prettyphotoLink\" class=\"vc_gitem-link prettyphoto vc-zone-link vc-prettyphoto-link\"><\/a><img decoding=\"async\" src=\"https:\/\/www.rchv.lv\/web\/wp-content\/plugins\/js_composer\/assets\/vc\/vc_gitem_image.png\" class=\"vc_gitem-zone-img\" alt=\"\"><div class=\"vc_gitem-zone-mini\"><\/div><\/div><div class=\"vc_gitem-zone vc_gitem-zone-b vc_custom_1487764318086 vc-gitem-zone-height-mode-auto vc_gitem-is-link\"><a href=\"#\" title=\"\" target=\"\" class=\"vc_gitem-link vc-zone-link\"><\/a><div class=\"vc_gitem-zone-mini\"><\/div><\/div><\/div><div class=\"vc_gitem-zone vc_gitem-zone-c vc_custom_1487765655729\"><div class=\"vc_gitem-zone-mini\"><div class=\"vc_gitem_row vc_row vc_gitem-row-position-top\"><div class=\"vc_col-sm-12 vc_gitem-col vc_gitem-col-align- vc_custom_1487765591353\"><div class=\"vc_custom_heading vc_custom_1487765918758 vc_gitem-post-data vc_gitem-post-data-source-post_title\" ><p style=\"font-size: 16px;color: #000000;line-height: 23px;text-align: left;font-family:Montserrat;font-weight:700;font-style:normal\" >RCHV-140!<\/p><\/div><div class=\"vc_custom_heading vc_gitem-post-data vc_gitem-post-data-source-post_excerpt\" ><p style=\"text-align: left\" ><\/p><\/div><\/div><\/div><\/div><\/div><\/div><div class=\"vc_clearfix\"><\/div><\/div><div class=\"vc_grid-item vc_clearfix vc_col-sm-4 vc_grid-item-zone-c-bottom\"><div class=\"vc_grid-item-mini vc_clearfix \"><div class=\"vc_gitem-animated-block  vc_gitem-animate vc_gitem-animate-scaleRotateIn\"  data-vc-animation=\"scaleRotateIn\"\"><div class=\"vc_gitem-zone vc_gitem-zone-a vc_custom_1487765550898 vc_gitem-is-link\" style=\"background-image: url('https:\/\/www.rchv.lv\/web\/wp-content\/plugins\/js_composer\/assets\/vc\/vc_gitem_image.png') !important;\"><a href=\"https:\/\/www.rchv.lv\/web\/wp-content\/plugins\/js_composer\/assets\/vc\/vc_gitem_image.png\" title=\"Latvie\u0161u valodas olimpi\u0101des laure\u0101ti!\"  data-rel=\"prettyPhoto[rel-2812-1795577086]\" data-vc-gitem-zone=\"prettyphotoLink\" class=\"vc_gitem-link prettyphoto vc-zone-link vc-prettyphoto-link\"><\/a><img decoding=\"async\" src=\"https:\/\/www.rchv.lv\/web\/wp-content\/plugins\/js_composer\/assets\/vc\/vc_gitem_image.png\" class=\"vc_gitem-zone-img\" alt=\"\"><div class=\"vc_gitem-zone-mini\"><\/div><\/div><div class=\"vc_gitem-zone vc_gitem-zone-b vc_custom_1487764318086 vc-gitem-zone-height-mode-auto vc_gitem-is-link\"><a href=\"#\" title=\"\" target=\"\" class=\"vc_gitem-link vc-zone-link\"><\/a><div class=\"vc_gitem-zone-mini\"><\/div><\/div><\/div><div class=\"vc_gitem-zone vc_gitem-zone-c vc_custom_1487765655729\"><div class=\"vc_gitem-zone-mini\"><div class=\"vc_gitem_row vc_row vc_gitem-row-position-top\"><div class=\"vc_col-sm-12 vc_gitem-col vc_gitem-col-align- vc_custom_1487765591353\"><div class=\"vc_custom_heading vc_custom_1487765918758 vc_gitem-post-data vc_gitem-post-data-source-post_title\" ><p style=\"font-size: 16px;color: #000000;line-height: 23px;text-align: left;font-family:Montserrat;font-weight:700;font-style:normal\" >Latvie\u0161u valodas olimpi\u0101des laure\u0101ti!<\/p><\/div><div class=\"vc_custom_heading vc_gitem-post-data vc_gitem-post-data-source-post_excerpt\" ><p style=\"text-align: left\" ><\/p><\/div><\/div><\/div><\/div><\/div><\/div><div class=\"vc_clearfix\"><\/div><\/div><div class=\"vc_grid-item vc_clearfix vc_col-sm-4 vc_grid-item-zone-c-bottom\"><div class=\"vc_grid-item-mini vc_clearfix \"><div class=\"vc_gitem-animated-block  vc_gitem-animate vc_gitem-animate-scaleRotateIn\"  data-vc-animation=\"scaleRotateIn\"\"><div class=\"vc_gitem-zone vc_gitem-zone-a vc_custom_1487765550898 vc_gitem-is-link\" style=\"background-image: url('https:\/\/www.rchv.lv\/web\/wp-content\/plugins\/js_composer\/assets\/vc\/vc_gitem_image.png') !important;\"><a href=\"https:\/\/www.rchv.lv\/web\/wp-content\/plugins\/js_composer\/assets\/vc\/vc_gitem_image.png\" title=\"6. &#8211; 7. kla\u0161u z\u0113nu komandai 1. vieta!\"  data-rel=\"prettyPhoto[rel-2812-1795577086]\" data-vc-gitem-zone=\"prettyphotoLink\" class=\"vc_gitem-link prettyphoto vc-zone-link vc-prettyphoto-link\"><\/a><img decoding=\"async\" src=\"https:\/\/www.rchv.lv\/web\/wp-content\/plugins\/js_composer\/assets\/vc\/vc_gitem_image.png\" class=\"vc_gitem-zone-img\" alt=\"\"><div class=\"vc_gitem-zone-mini\"><\/div><\/div><div class=\"vc_gitem-zone vc_gitem-zone-b vc_custom_1487764318086 vc-gitem-zone-height-mode-auto vc_gitem-is-link\"><a href=\"#\" title=\"\" target=\"\" class=\"vc_gitem-link vc-zone-link\"><\/a><div class=\"vc_gitem-zone-mini\"><\/div><\/div><\/div><div class=\"vc_gitem-zone vc_gitem-zone-c vc_custom_1487765655729\"><div class=\"vc_gitem-zone-mini\"><div class=\"vc_gitem_row vc_row vc_gitem-row-position-top\"><div class=\"vc_col-sm-12 vc_gitem-col vc_gitem-col-align- vc_custom_1487765591353\"><div class=\"vc_custom_heading vc_custom_1487765918758 vc_gitem-post-data vc_gitem-post-data-source-post_title\" ><p style=\"font-size: 16px;color: #000000;line-height: 23px;text-align: left;font-family:Montserrat;font-weight:700;font-style:normal\" >6. &#8211; 7. kla\u0161u z\u0113nu komandai 1. vieta!<\/p><\/div><div class=\"vc_custom_heading vc_gitem-post-data vc_gitem-post-data-source-post_excerpt\" ><p style=\"text-align: left\" ><\/p><\/div><\/div><\/div><\/div><\/div><\/div><div class=\"vc_clearfix\"><\/div><\/div><div class=\"vc_grid-item vc_clearfix vc_col-sm-4 vc_grid-item-zone-c-bottom\"><div class=\"vc_grid-item-mini vc_clearfix \"><div class=\"vc_gitem-animated-block  vc_gitem-animate vc_gitem-animate-scaleRotateIn\"  data-vc-animation=\"scaleRotateIn\"\"><div class=\"vc_gitem-zone vc_gitem-zone-a vc_custom_1487765550898 vc_gitem-is-link\" style=\"background-image: url('https:\/\/www.rchv.lv\/web\/wp-content\/plugins\/js_composer\/assets\/vc\/vc_gitem_image.png') !important;\"><a href=\"https:\/\/www.rchv.lv\/web\/wp-content\/plugins\/js_composer\/assets\/vc\/vc_gitem_image.png\" title=\"6. &#8211; 7. kla\u0161u meite\u0146u komandai 2. vieta!\"  data-rel=\"prettyPhoto[rel-2812-1795577086]\" data-vc-gitem-zone=\"prettyphotoLink\" class=\"vc_gitem-link prettyphoto vc-zone-link vc-prettyphoto-link\"><\/a><img decoding=\"async\" src=\"https:\/\/www.rchv.lv\/web\/wp-content\/plugins\/js_composer\/assets\/vc\/vc_gitem_image.png\" class=\"vc_gitem-zone-img\" alt=\"\"><div class=\"vc_gitem-zone-mini\"><\/div><\/div><div class=\"vc_gitem-zone vc_gitem-zone-b vc_custom_1487764318086 vc-gitem-zone-height-mode-auto vc_gitem-is-link\"><a href=\"#\" title=\"\" target=\"\" class=\"vc_gitem-link vc-zone-link\"><\/a><div class=\"vc_gitem-zone-mini\"><\/div><\/div><\/div><div class=\"vc_gitem-zone vc_gitem-zone-c vc_custom_1487765655729\"><div class=\"vc_gitem-zone-mini\"><div class=\"vc_gitem_row vc_row vc_gitem-row-position-top\"><div class=\"vc_col-sm-12 vc_gitem-col vc_gitem-col-align- vc_custom_1487765591353\"><div class=\"vc_custom_heading vc_custom_1487765918758 vc_gitem-post-data vc_gitem-post-data-source-post_title\" ><p style=\"font-size: 16px;color: #000000;line-height: 23px;text-align: left;font-family:Montserrat;font-weight:700;font-style:normal\" >6. &#8211; 7. kla\u0161u meite\u0146u komandai 2. vieta!<\/p><\/div><div class=\"vc_custom_heading vc_gitem-post-data vc_gitem-post-data-source-post_excerpt\" ><p style=\"text-align: left\" ><\/p><\/div><\/div><\/div><\/div><\/div><\/div><div class=\"vc_clearfix\"><\/div><\/div><div class=\"vc_grid-item vc_clearfix vc_col-sm-4 vc_grid-item-zone-c-bottom\"><div class=\"vc_grid-item-mini vc_clearfix \"><div class=\"vc_gitem-animated-block  vc_gitem-animate vc_gitem-animate-scaleRotateIn\"  data-vc-animation=\"scaleRotateIn\"\"><div class=\"vc_gitem-zone vc_gitem-zone-a vc_custom_1487765550898 vc_gitem-is-link\" style=\"background-image: url('https:\/\/www.rchv.lv\/web\/wp-content\/plugins\/js_composer\/assets\/vc\/vc_gitem_image.png') !important;\"><a href=\"https:\/\/www.rchv.lv\/web\/wp-content\/plugins\/js_composer\/assets\/vc\/vc_gitem_image.png\" title=\"\u0136\u012bmijas olimpi\u0101des laure\u0101ti\"  data-rel=\"prettyPhoto[rel-2812-1795577086]\" data-vc-gitem-zone=\"prettyphotoLink\" class=\"vc_gitem-link prettyphoto vc-zone-link vc-prettyphoto-link\"><\/a><img decoding=\"async\" src=\"https:\/\/www.rchv.lv\/web\/wp-content\/plugins\/js_composer\/assets\/vc\/vc_gitem_image.png\" class=\"vc_gitem-zone-img\" alt=\"\"><div class=\"vc_gitem-zone-mini\"><\/div><\/div><div class=\"vc_gitem-zone vc_gitem-zone-b vc_custom_1487764318086 vc-gitem-zone-height-mode-auto vc_gitem-is-link\"><a href=\"#\" title=\"\" target=\"\" class=\"vc_gitem-link vc-zone-link\"><\/a><div class=\"vc_gitem-zone-mini\"><\/div><\/div><\/div><div class=\"vc_gitem-zone vc_gitem-zone-c vc_custom_1487765655729\"><div class=\"vc_gitem-zone-mini\"><div class=\"vc_gitem_row vc_row vc_gitem-row-position-top\"><div class=\"vc_col-sm-12 vc_gitem-col vc_gitem-col-align- vc_custom_1487765591353\"><div class=\"vc_custom_heading vc_custom_1487765918758 vc_gitem-post-data vc_gitem-post-data-source-post_title\" ><p style=\"font-size: 16px;color: #000000;line-height: 23px;text-align: left;font-family:Montserrat;font-weight:700;font-style:normal\" >\u0136\u012bmijas olimpi\u0101des laure\u0101ti<\/p><\/div><div class=\"vc_custom_heading vc_gitem-post-data vc_gitem-post-data-source-post_excerpt\" ><p style=\"text-align: left\" ><\/p><\/div><\/div><\/div><\/div><\/div><\/div><div class=\"vc_clearfix\"><\/div><\/div><div class=\"vc_grid-item vc_clearfix vc_col-sm-4 vc_grid-item-zone-c-bottom\"><div class=\"vc_grid-item-mini vc_clearfix \"><div class=\"vc_gitem-animated-block  vc_gitem-animate vc_gitem-animate-scaleRotateIn\"  data-vc-animation=\"scaleRotateIn\"\"><div class=\"vc_gitem-zone vc_gitem-zone-a vc_custom_1487765550898 vc_gitem-is-link\" style=\"background-image: url('https:\/\/www.rchv.lv\/web\/wp-content\/plugins\/js_composer\/assets\/vc\/vc_gitem_image.png') !important;\"><a href=\"https:\/\/www.rchv.lv\/web\/wp-content\/plugins\/js_composer\/assets\/vc\/vc_gitem_image.png\" title=\"Dabaszin\u012bbu konkursa laure\u0101ti\"  data-rel=\"prettyPhoto[rel-2812-1795577086]\" data-vc-gitem-zone=\"prettyphotoLink\" class=\"vc_gitem-link prettyphoto vc-zone-link vc-prettyphoto-link\"><\/a><img decoding=\"async\" src=\"https:\/\/www.rchv.lv\/web\/wp-content\/plugins\/js_composer\/assets\/vc\/vc_gitem_image.png\" class=\"vc_gitem-zone-img\" alt=\"\"><div class=\"vc_gitem-zone-mini\"><\/div><\/div><div class=\"vc_gitem-zone vc_gitem-zone-b vc_custom_1487764318086 vc-gitem-zone-height-mode-auto vc_gitem-is-link\"><a href=\"#\" title=\"\" target=\"\" class=\"vc_gitem-link vc-zone-link\"><\/a><div class=\"vc_gitem-zone-mini\"><\/div><\/div><\/div><div class=\"vc_gitem-zone vc_gitem-zone-c vc_custom_1487765655729\"><div class=\"vc_gitem-zone-mini\"><div class=\"vc_gitem_row vc_row vc_gitem-row-position-top\"><div class=\"vc_col-sm-12 vc_gitem-col vc_gitem-col-align- vc_custom_1487765591353\"><div class=\"vc_custom_heading vc_custom_1487765918758 vc_gitem-post-data vc_gitem-post-data-source-post_title\" ><p style=\"font-size: 16px;color: #000000;line-height: 23px;text-align: left;font-family:Montserrat;font-weight:700;font-style:normal\" >Dabaszin\u012bbu konkursa laure\u0101ti<\/p><\/div><div class=\"vc_custom_heading vc_gitem-post-data vc_gitem-post-data-source-post_excerpt\" ><p style=\"text-align: left\" ><p>R\u012bgas 40.vidusskolas organiz\u0113taj\u0101 10. atkl\u0101taj\u0101 Dabaszin\u012bbu konkurs\u0101 2. vieta &#8211; Adrijai Lapi\u0146ai, atzin\u012bba &#8211; Katr\u012bnai Em\u012blijai Sili\u0146ai!<\/p>\n<\/p><\/div><\/div><\/div><\/div><\/div><\/div><div class=\"vc_clearfix\"><\/div><\/div><div class=\"vc_grid-item vc_clearfix vc_col-sm-4 vc_grid-item-zone-c-bottom\"><div class=\"vc_grid-item-mini vc_clearfix \"><div class=\"vc_gitem-animated-block  vc_gitem-animate vc_gitem-animate-scaleRotateIn\"  data-vc-animation=\"scaleRotateIn\"\"><div class=\"vc_gitem-zone vc_gitem-zone-a vc_custom_1487765550898 vc_gitem-is-link\" style=\"background-image: url('https:\/\/www.rchv.lv\/web\/wp-content\/plugins\/js_composer\/assets\/vc\/vc_gitem_image.png') !important;\"><a href=\"https:\/\/www.rchv.lv\/web\/wp-content\/plugins\/js_composer\/assets\/vc\/vc_gitem_image.png\" title=\"Latvie\u0161u valodas olimpi\u0101des laure\u0101ti 8. &#8211; 9. kla\u0161u grupa\"  data-rel=\"prettyPhoto[rel-2812-1795577086]\" data-vc-gitem-zone=\"prettyphotoLink\" class=\"vc_gitem-link prettyphoto vc-zone-link vc-prettyphoto-link\"><\/a><img decoding=\"async\" src=\"https:\/\/www.rchv.lv\/web\/wp-content\/plugins\/js_composer\/assets\/vc\/vc_gitem_image.png\" class=\"vc_gitem-zone-img\" alt=\"\"><div class=\"vc_gitem-zone-mini\"><\/div><\/div><div class=\"vc_gitem-zone vc_gitem-zone-b vc_custom_1487764318086 vc-gitem-zone-height-mode-auto vc_gitem-is-link\"><a href=\"#\" title=\"\" target=\"\" class=\"vc_gitem-link vc-zone-link\"><\/a><div class=\"vc_gitem-zone-mini\"><\/div><\/div><\/div><div class=\"vc_gitem-zone vc_gitem-zone-c vc_custom_1487765655729\"><div class=\"vc_gitem-zone-mini\"><div class=\"vc_gitem_row vc_row vc_gitem-row-position-top\"><div class=\"vc_col-sm-12 vc_gitem-col vc_gitem-col-align- vc_custom_1487765591353\"><div class=\"vc_custom_heading vc_custom_1487765918758 vc_gitem-post-data vc_gitem-post-data-source-post_title\" ><p style=\"font-size: 16px;color: #000000;line-height: 23px;text-align: left;font-family:Montserrat;font-weight:700;font-style:normal\" >Latvie\u0161u valodas olimpi\u0101des laure\u0101ti 8. &#8211; 9. kla\u0161u grupa<\/p><\/div><div class=\"vc_custom_heading vc_gitem-post-data vc_gitem-post-data-source-post_excerpt\" ><p style=\"text-align: left\" ><\/p><\/div><\/div><\/div><\/div><\/div><\/div><div class=\"vc_clearfix\"><\/div><\/div><\/div><\/div>\n\t<\/div>\n<\/div><\/div><\/div><\/div><\/div>\n","protected":false},"excerpt":{"rendered":"ZPD konferences laure\u0101ti!RCHV-140!6. &#8211; 7. kla\u0161u z\u0113nu komandai 1. vieta!\u0136\u012bmijas olimpi\u0101des laure\u0101tiLatvie\u0161u valodas olimpi\u0101des laure\u0101ti 8. &#8211; 9. kla\u0161u grupa","protected":false},"author":1,"featured_media":0,"parent":0,"menu_order":0,"comment_status":"closed","ping_status":"closed","template":"template-sidebar-right-childpages.php","meta":{"inline_featured_image":false,"footnotes":""},"class_list":["post-2812","page","type-page","status-publish","hentry","odd"],"_links":{"self":[{"href":"https:\/\/www.rchv.lv\/web\/wp-json\/wp\/v2\/pages\/2812","targetHints":{"allow":["GET"]}}],"collection":[{"href":"https:\/\/www.rchv.lv\/web\/wp-json\/wp\/v2\/pages"}],"about":[{"href":"https:\/\/www.rchv.lv\/web\/wp-json\/wp\/v2\/types\/page"}],"author":[{"embeddable":true,"href":"https:\/\/www.rchv.lv\/web\/wp-json\/wp\/v2\/users\/1"}],"replies":[{"embeddable":true,"href":"https:\/\/www.rchv.lv\/web\/wp-json\/wp\/v2\/comments?post=2812"}],"version-history":[{"count":4,"href":"https:\/\/www.rchv.lv\/web\/wp-json\/wp\/v2\/pages\/2812\/revisions"}],"predecessor-version":[{"id":4592,"href":"https:\/\/www.rchv.lv\/web\/wp-json\/wp\/v2\/pages\/2812\/revisions\/4592"}],"wp:attachment":[{"href":"https:\/\/www.rchv.lv\/web\/wp-json\/wp\/v2\/media?parent=2812"}],"curies":[{"name":"wp","href":"https:\/\/api.w.org\/{rel}","templated":true}]}}