{"id":3002,"date":"2019-12-06T13:42:21","date_gmt":"2019-12-06T11:42:21","guid":{"rendered":"http:\/\/test2020.rchv.lv\/web\/?page_id=3002"},"modified":"2026-04-16T14:53:36","modified_gmt":"2026-04-16T12:53:36","slug":"centra-sporta-kvartals","status":"publish","type":"page","link":"https:\/\/www.rchv.lv\/web\/noderigi\/centra-sporta-kvartals","title":{"rendered":"Centra sporta kvart\u0101ls"},"content":{"rendered":"<div class=\"vc_row wpb_row vc_row-fluid\"><div class=\"wpb_column vc_column_container vc_col-sm-12\"><div class=\"vc_column-inner\"><div class=\"wpb_wrapper\"><h1 style=\"text-align: left\" class=\"vc_custom_heading vc_custom_1585823858659\" >Centra sporta kvart\u0101ls<\/h1><div class=\"vc_empty_space\"   style=\"height: 30px\"><span class=\"vc_empty_space_inner\"><\/span><\/div>\n\t<div  class=\"wpb_single_image wpb_content_element vc_align_center\">\n\t\t\n\t\t<figure class=\"wpb_wrapper vc_figure\">\n\t\t\t<div class=\"vc_single_image-wrapper   vc_box_border_grey\"><img loading=\"lazy\" decoding=\"async\" width=\"1024\" height=\"715\" src=\"https:\/\/www.rchv.lv\/web\/wp-content\/uploads\/2026\/04\/CSK-1024x715.jpg\" class=\"vc_single_image-img attachment-large\" alt=\"\" srcset=\"https:\/\/www.rchv.lv\/web\/wp-content\/uploads\/2026\/04\/CSK-1024x715.jpg 1024w, https:\/\/www.rchv.lv\/web\/wp-content\/uploads\/2026\/04\/CSK-300x209.jpg 300w, https:\/\/www.rchv.lv\/web\/wp-content\/uploads\/2026\/04\/CSK-18x12.jpg 18w, https:\/\/www.rchv.lv\/web\/wp-content\/uploads\/2026\/04\/CSK.jpg 1259w\" sizes=\"auto, (max-width: 1024px) 100vw, 1024px\" \/><\/div>\n\t\t<\/figure>\n\t<\/div>\n<\/div><\/div><\/div><\/div><div class=\"vc_row wpb_row vc_row-fluid\"><div class=\"wpb_column vc_column_container vc_col-sm-12\"><div class=\"vc_column-inner\"><div class=\"wpb_wrapper\"><h2 style=\"text-align: left\" class=\"vc_custom_heading\" >Darba laiks<\/h2>\n\t<div  class=\"wpb_single_image wpb_content_element vc_align_left\">\n\t\t\n\t\t<figure class=\"wpb_wrapper vc_figure\">\n\t\t\t<div class=\"vc_single_image-wrapper   vc_box_border_grey\"><img loading=\"lazy\" decoding=\"async\" width=\"746\" height=\"923\" src=\"https:\/\/www.rchv.lv\/web\/wp-content\/uploads\/2025\/01\/darba-laiks-746x923.jpg\" class=\"vc_single_image-img attachment-large\" alt=\"\" srcset=\"https:\/\/www.rchv.lv\/web\/wp-content\/uploads\/2025\/01\/darba-laiks.jpg 746w, https:\/\/www.rchv.lv\/web\/wp-content\/uploads\/2025\/01\/darba-laiks-242x300.jpg 242w\" sizes=\"auto, (max-width: 746px) 100vw, 746px\" \/><\/div>\n\t\t<\/figure>\n\t<\/div>\n<\/div><\/div><\/div><\/div><div class=\"vc_row wpb_row vc_row-fluid\"><div class=\"wpb_column vc_column_container vc_col-sm-12\"><div class=\"vc_column-inner\"><div class=\"wpb_wrapper\">\n\t<div  class=\"wpb_single_image wpb_content_element vc_align_left\">\n\t\t\n\t\t<figure class=\"wpb_wrapper vc_figure\">\n\t\t\t<div class=\"vc_single_image-wrapper   vc_box_border_grey\"><img loading=\"lazy\" decoding=\"async\" width=\"881\" height=\"700\" src=\"https:\/\/www.rchv.lv\/web\/wp-content\/uploads\/2025\/01\/Inventara-un-ara-sporta-laukumu-nomas-laiks-881x700.jpg\" class=\"vc_single_image-img attachment-large\" alt=\"\" srcset=\"https:\/\/www.rchv.lv\/web\/wp-content\/uploads\/2025\/01\/Inventara-un-ara-sporta-laukumu-nomas-laiks.jpg 881w, https:\/\/www.rchv.lv\/web\/wp-content\/uploads\/2025\/01\/Inventara-un-ara-sporta-laukumu-nomas-laiks-300x238.jpg 300w\" sizes=\"auto, (max-width: 881px) 100vw, 881px\" \/><\/div>\n\t\t<\/figure>\n\t<\/div>\n<\/div><\/div><\/div><\/div><div class=\"vc_row wpb_row vc_row-fluid\"><div class=\"wpb_column vc_column_container vc_col-sm-12\"><div class=\"vc_column-inner\"><div class=\"wpb_wrapper\">\n\t<div class=\"wpb_video_widget wpb_content_element vc_clearfix   vc_video-aspect-ratio-169 vc_video-el-width-100 vc_video-align-left\" >\n\t\t<div class=\"wpb_wrapper\">\n\t\t\t\n\t\t\t<div class=\"wpb_video_wrapper\"><iframe loading=\"lazy\" title=\"Centra sporta kvartala noteikumi\" width=\"1200\" height=\"675\" src=\"https:\/\/www.youtube.com\/embed\/b-5YgtuNOmM?feature=oembed\" frameborder=\"0\" allow=\"accelerometer; autoplay; clipboard-write; encrypted-media; gyroscope; picture-in-picture; web-share\" allowfullscreen><\/iframe><\/div>\n\t\t<\/div>\n\t<\/div>\n<\/div><\/div><\/div><\/div><div class=\"vc_row wpb_row vc_row-fluid vc_custom_1487773030229\"><div class=\"wpb_column vc_column_container vc_col-sm-12\"><div class=\"vc_column-inner\"><div class=\"wpb_wrapper\"><h4 style=\"text-align: left\" class=\"vc_custom_heading\" >Dokumenti<\/h4><\/div><\/div><\/div><\/div><div class=\"vc_row wpb_row vc_row-fluid\"><div class=\"wpb_column vc_column_container vc_col-sm-6\"><div class=\"vc_column-inner\"><div class=\"wpb_wrapper\">\n\t<div  class=\"wpb_single_image wpb_content_element vc_align_left\">\n\t\t\n\t\t<figure class=\"wpb_wrapper vc_figure\">\n\t\t\t<a href=\"https:\/\/www.rchv.lv\/web\/wp-content\/uploads\/2023\/09\/VSCH-23-8-nts_24082023_CENTRA-SPORTA-KVARTALA-IKN.pdf\" target=\"_self\" class=\"vc_single_image-wrapper   vc_box_border_grey\"><img loading=\"lazy\" decoding=\"async\" class=\"vc_single_image-img \" src=\"https:\/\/www.rchv.lv\/web\/wp-content\/uploads\/2020\/02\/pdf-1-100x121.png\" width=\"100\" height=\"121\" alt=\"pdf\" title=\"pdf\" \/><\/a>\n\t\t<\/figure>\n\t<\/div>\n<h5 style=\"text-align: left\" class=\"vc_custom_heading\" >CSK Iek\u0161\u0113j\u0101s k\u0101rt\u012bbas noteikumi<\/h5><\/div><\/div><\/div><div class=\"wpb_column vc_column_container vc_col-sm-6\"><div class=\"vc_column-inner\"><div class=\"wpb_wrapper\">\n\t<div  class=\"wpb_single_image wpb_content_element vc_align_left\">\n\t\t\n\t\t<figure class=\"wpb_wrapper vc_figure\">\n\t\t\t<a href=\"https:\/\/www.rchv.lv\/web\/wp-content\/uploads\/2025\/06\/CENRADIS_Ara-laukumu-un-sporta-inventara-ires-cenu-lapa_21052025.pdf\" target=\"_self\" class=\"vc_single_image-wrapper   vc_box_border_grey\"><img loading=\"lazy\" decoding=\"async\" class=\"vc_single_image-img \" src=\"https:\/\/www.rchv.lv\/web\/wp-content\/uploads\/2020\/02\/pdf-1-100x121.png\" width=\"100\" height=\"121\" alt=\"pdf\" title=\"pdf\" \/><\/a>\n\t\t<\/figure>\n\t<\/div>\n<h5 style=\"text-align: left\" class=\"vc_custom_heading\" >\u0100ra laukumu un sporta invent\u0101ra \u012bres cenu lapa<\/h5><\/div><\/div><\/div><\/div><div class=\"vc_row wpb_row vc_row-fluid vc_custom_1487773030229\"><div class=\"wpb_column vc_column_container vc_col-sm-12\"><div class=\"vc_column-inner\"><div class=\"wpb_wrapper\"><div class=\"vc_empty_space\"   style=\"height: 32px\"><span class=\"vc_empty_space_inner\"><\/span><\/div><h4 style=\"text-align: left\" class=\"vc_custom_heading\" >Laukumu noslogojums<\/h4><div class=\"vc_empty_space\"   style=\"height: 32px\"><span class=\"vc_empty_space_inner\"><\/span><\/div><h4 style=\"text-align: left\" class=\"vc_custom_heading\" >Inform\u0101cija par aktu\u0101lo \u0101ra sporta laukuma noslodzi - 67474041 (sporta kompleksa darba laik\u0101).<\/p>\n<p>Inform\u0101cija par aktu\u0101lo \u0101ra sporta laukuma noslodzi - 27771082 (nomas punkta darba laik\u0101).<\/h4><\/div><\/div><\/div><\/div>\n","protected":false},"excerpt":{"rendered":"Centra sporta kvart\u0101ls Darba laiks Dokumenti CSK Iek\u0161\u0113j\u0101s k\u0101rt\u012bbas noteikumi \u0100ra laukumu un sporta invent\u0101ra \u012bres cenu lapaLaukumu noslogojumsInform\u0101cija par&nbsp;<a href=\"https:\/\/www.rchv.lv\/web\/noderigi\/centra-sporta-kvartals\">&hellip;<\/a>","protected":false},"author":1,"featured_media":0,"parent":3000,"menu_order":0,"comment_status":"closed","ping_status":"closed","template":"template-sidebar-right-childpages.php","meta":{"inline_featured_image":false,"footnotes":""},"class_list":["post-3002","page","type-page","status-publish","hentry","odd"],"_links":{"self":[{"href":"https:\/\/www.rchv.lv\/web\/wp-json\/wp\/v2\/pages\/3002","targetHints":{"allow":["GET"]}}],"collection":[{"href":"https:\/\/www.rchv.lv\/web\/wp-json\/wp\/v2\/pages"}],"about":[{"href":"https:\/\/www.rchv.lv\/web\/wp-json\/wp\/v2\/types\/page"}],"author":[{"embeddable":true,"href":"https:\/\/www.rchv.lv\/web\/wp-json\/wp\/v2\/users\/1"}],"replies":[{"embeddable":true,"href":"https:\/\/www.rchv.lv\/web\/wp-json\/wp\/v2\/comments?post=3002"}],"version-history":[{"count":255,"href":"https:\/\/www.rchv.lv\/web\/wp-json\/wp\/v2\/pages\/3002\/revisions"}],"predecessor-version":[{"id":12226,"href":"https:\/\/www.rchv.lv\/web\/wp-json\/wp\/v2\/pages\/3002\/revisions\/12226"}],"up":[{"embeddable":true,"href":"https:\/\/www.rchv.lv\/web\/wp-json\/wp\/v2\/pages\/3000"}],"wp:attachment":[{"href":"https:\/\/www.rchv.lv\/web\/wp-json\/wp\/v2\/media?parent=3002"}],"curies":[{"name":"wp","href":"https:\/\/api.w.org\/{rel}","templated":true}]}}