{"id":3010,"date":"2019-12-06T13:50:05","date_gmt":"2019-12-06T11:50:05","guid":{"rendered":"http:\/\/test2020.rchv.lv\/web\/?page_id=3010"},"modified":"2025-05-28T06:46:04","modified_gmt":"2025-05-28T04:46:04","slug":"skolas-terpi","status":"publish","type":"page","link":"https:\/\/www.rchv.lv\/web\/informacija\/skolas-terpi","title":{"rendered":"Skolas t\u0113rpi"},"content":{"rendered":"<div class=\"vc_row wpb_row vc_row-fluid\"><div class=\"wpb_column vc_column_container vc_col-sm-12\"><div class=\"vc_column-inner\"><div class=\"wpb_wrapper\"><h1 style=\"text-align: left\" class=\"vc_custom_heading vc_custom_1581899253749\" >Skolas t\u0113rpi<\/h1><div class=\"vc_empty_space\"   style=\"height: 30px\"><span class=\"vc_empty_space_inner\"><\/span><\/div><\/div><\/div><\/div><\/div><div class=\"vc_row wpb_row vc_row-fluid\"><div class=\"wpb_column vc_column_container vc_col-sm-12\"><div class=\"vc_column-inner\"><div class=\"wpb_wrapper\">\n\t<div  class=\"wpb_single_image wpb_content_element vc_align_left\">\n\t\t\n\t\t<figure class=\"wpb_wrapper vc_figure\">\n\t\t\t<div class=\"vc_single_image-wrapper   vc_box_border_grey\"><img loading=\"lazy\" decoding=\"async\" width=\"1024\" height=\"570\" src=\"https:\/\/www.rchv.lv\/web\/wp-content\/uploads\/2025\/05\/skolas-formas_iepriekspasutisana-scaled-1024x570.jpg\" class=\"vc_single_image-img attachment-large\" alt=\"\" srcset=\"https:\/\/www.rchv.lv\/web\/wp-content\/uploads\/2025\/05\/skolas-formas_iepriekspasutisana-scaled-1024x570.jpg 1024w, https:\/\/www.rchv.lv\/web\/wp-content\/uploads\/2025\/05\/skolas-formas_iepriekspasutisana-scaled-300x167.jpg 300w\" sizes=\"auto, (max-width: 1024px) 100vw, 1024px\" \/><\/div>\n\t\t<\/figure>\n\t<\/div>\n<\/div><\/div><\/div><\/div><div class=\"vc_row wpb_row vc_row-fluid vc_custom_1487773030229\"><div class=\"wpb_column vc_column_container vc_col-sm-12\"><div class=\"vc_column-inner\"><div class=\"wpb_wrapper\"><h5 style=\"text-align: left\" class=\"vc_custom_heading\" ><a href=\"https:\/\/nordform.eu\/\">Skolas t\u0113rpu pas\u016bt\u012b\u0161ana<\/a><\/h5><\/div><\/div><\/div><\/div><div class=\"vc_row wpb_row vc_row-fluid vc_custom_1487773030229\"><div class=\"wpb_column vc_column_container vc_col-sm-12\"><div class=\"vc_column-inner\"><div class=\"wpb_wrapper\">\n\t<div  class=\"wpb_single_image wpb_content_element vc_align_left\">\n\t\t\n\t\t<figure class=\"wpb_wrapper vc_figure\">\n\t\t\t<div class=\"vc_single_image-wrapper   vc_box_border_grey\"><img loading=\"lazy\" decoding=\"async\" width=\"1024\" height=\"724\" src=\"https:\/\/www.rchv.lv\/web\/wp-content\/uploads\/2023\/05\/RCHV_Pasutisanas-kartiba-1024x724.jpg\" class=\"vc_single_image-img attachment-large\" alt=\"\" srcset=\"https:\/\/www.rchv.lv\/web\/wp-content\/uploads\/2023\/05\/RCHV_Pasutisanas-kartiba-1024x724.jpg 1024w, https:\/\/www.rchv.lv\/web\/wp-content\/uploads\/2023\/05\/RCHV_Pasutisanas-kartiba-300x212.jpg 300w, https:\/\/www.rchv.lv\/web\/wp-content\/uploads\/2023\/05\/RCHV_Pasutisanas-kartiba-18x12.jpg 18w, https:\/\/www.rchv.lv\/web\/wp-content\/uploads\/2023\/05\/RCHV_Pasutisanas-kartiba.jpg 1200w\" sizes=\"auto, (max-width: 1024px) 100vw, 1024px\" \/><\/div>\n\t\t<\/figure>\n\t<\/div>\n<\/div><\/div><\/div><\/div>\n","protected":false},"excerpt":{"rendered":"Skolas t\u0113rpi Skolas t\u0113rpu pas\u016bt\u012b\u0161ana","protected":false},"author":1,"featured_media":0,"parent":3007,"menu_order":0,"comment_status":"closed","ping_status":"closed","template":"template-sidebar-right-childpages.php","meta":{"inline_featured_image":false,"footnotes":""},"class_list":["post-3010","page","type-page","status-publish","hentry","odd"],"_links":{"self":[{"href":"https:\/\/www.rchv.lv\/web\/wp-json\/wp\/v2\/pages\/3010","targetHints":{"allow":["GET"]}}],"collection":[{"href":"https:\/\/www.rchv.lv\/web\/wp-json\/wp\/v2\/pages"}],"about":[{"href":"https:\/\/www.rchv.lv\/web\/wp-json\/wp\/v2\/types\/page"}],"author":[{"embeddable":true,"href":"https:\/\/www.rchv.lv\/web\/wp-json\/wp\/v2\/users\/1"}],"replies":[{"embeddable":true,"href":"https:\/\/www.rchv.lv\/web\/wp-json\/wp\/v2\/comments?post=3010"}],"version-history":[{"count":55,"href":"https:\/\/www.rchv.lv\/web\/wp-json\/wp\/v2\/pages\/3010\/revisions"}],"predecessor-version":[{"id":12667,"href":"https:\/\/www.rchv.lv\/web\/wp-json\/wp\/v2\/pages\/3010\/revisions\/12667"}],"up":[{"embeddable":true,"href":"https:\/\/www.rchv.lv\/web\/wp-json\/wp\/v2\/pages\/3007"}],"wp:attachment":[{"href":"https:\/\/www.rchv.lv\/web\/wp-json\/wp\/v2\/media?parent=3010"}],"curies":[{"name":"wp","href":"https:\/\/api.w.org\/{rel}","templated":true}]}}