{"id":3014,"date":"2019-12-06T13:50:41","date_gmt":"2019-12-06T11:50:41","guid":{"rendered":"http:\/\/test2020.rchv.lv\/web\/?page_id=3014"},"modified":"2025-09-18T06:48:09","modified_gmt":"2025-09-18T04:48:09","slug":"skolas-personals","status":"publish","type":"page","link":"https:\/\/www.rchv.lv\/web\/informacija\/skolas-personals","title":{"rendered":"Atbalsta person\u0101ls"},"content":{"rendered":"<div class=\"vc_row wpb_row vc_row-fluid\"><div class=\"wpb_column vc_column_container vc_col-sm-12\"><div class=\"vc_column-inner\"><div class=\"wpb_wrapper\"><h1 style=\"text-align: left\" class=\"vc_custom_heading vc_custom_1588741298244\" >Atbalsta person\u0101ls<\/h1><h4 style=\"color: #000000;text-align: left\" class=\"vc_custom_heading\" ><\/h4><div class=\"vc_empty_space\"   style=\"height: 55px\"><span class=\"vc_empty_space_inner\"><\/span><\/div><\/div><\/div><\/div><\/div><div class=\"vc_row wpb_row vc_row-fluid\"><div class=\"wpb_column vc_column_container vc_col-sm-12\"><div class=\"vc_column-inner\"><div class=\"wpb_wrapper\"><h3 style=\"text-align: left\" class=\"vc_custom_heading vc_custom_1758170873196\" >Izgl\u012bt\u012bbas psihologs<\/h3>\n\t<div class=\"wpb_text_column wpb_content_element \" >\n\t\t<div class=\"wpb_wrapper\">\n\t\t\t<ul>\n<li>Konsultat\u012bvais darbs skol\u0101;<\/li>\n<li>Skol\u0113nu sp\u0113ju atbilst\u012bbas izp\u0113te;<\/li>\n<li>Atbalsta pas\u0101kumu piem\u0113ro\u0161ana;<\/li>\n<li>Kla\u0161u izp\u0113te;<\/li>\n<li>Izgl\u012btojamo emocion\u0101l\u0101s labsaj\u016btas skol\u0101 veicin\u0101\u0161ana.<\/li>\n<\/ul>\n\n\t\t<\/div>\n\t<\/div>\n<\/div><\/div><\/div><\/div><div class=\"vc_row wpb_row vc_row-fluid\"><div class=\"wpb_column vc_column_container vc_col-sm-12\"><div class=\"vc_column-inner\"><div class=\"wpb_wrapper\"><div class=\"vc_empty_space\"   style=\"height: 32px\"><span class=\"vc_empty_space_inner\"><\/span><\/div><\/div><\/div><\/div><\/div><div class=\"vc_row wpb_row vc_row-fluid\"><div class=\"wpb_column vc_column_container vc_col-sm-12\"><div class=\"vc_column-inner\"><div class=\"wpb_wrapper\"><h3 style=\"text-align: left\" class=\"vc_custom_heading vc_custom_1706187412459\" >Soci\u0101lais pedagogs<\/h3>\n\t<div class=\"wpb_text_column wpb_content_element \" >\n\t\t<div class=\"wpb_wrapper\">\n\t\t\t<ul>\n<li>Konsultat\u012bvais darbs skol\u0101;<\/li>\n<li>Skolas soci\u0101l\u0101s vides izp\u0113te, probl\u0113mu c\u0113lo\u0146u izzin\u0101\u0161ana, to risin\u0101\u0161ana;<\/li>\n<li>Profilaktisku pas\u0101kumu pl\u0101no\u0161ana un organiz\u0113\u0161ana skol\u0101;<\/li>\n<li>Sadarb\u012bba ar priek\u0161meta skolot\u0101jiem, klases audzin\u0101t\u0101ju, atbalsta person\u0101lu, skolas vad\u012bbu un b\u0113rna vec\u0101kiem;<\/li>\n<li>Sadarb\u012bba ar citu instit\u016bciju speci\u0101listiem.<\/li>\n<\/ul>\n\n\t\t<\/div>\n\t<\/div>\n<\/div><\/div><\/div><\/div><div class=\"vc_row wpb_row vc_row-fluid\"><div class=\"wpb_column vc_column_container vc_col-sm-6\"><div class=\"vc_column-inner\"><div class=\"wpb_wrapper\"><h3 style=\"text-align: left\" class=\"vc_custom_heading vc_custom_1582558099133\" >Sanita Salmane<\/h3><h5 style=\"text-align: left\" class=\"vc_custom_heading vc_custom_1706187634758\" >Kr.Barona iela 116<br \/>\nT\u0101lr. 67012902<br \/>\nSazi\u0146a e-klas\u0113<\/h5><\/div><\/div><\/div><div class=\"wpb_column vc_column_container vc_col-sm-6\"><div class=\"vc_column-inner\"><div class=\"wpb_wrapper\">\n\t<div class=\"wpb_text_column wpb_content_element  vc_custom_1706187514134\" >\n\t\t<div class=\"wpb_wrapper\">\n\t\t\t\t<div class='rg-container'>\n\t\t<div class='rg-content'>\n\t\t\t<table class='rg-table'>\n\t\t\t\t<thead>\n\t\t\t\t\t\t\t\t\t<th><\/th>\n\t\t\t\t\t\t\t\t\t<th><\/th>\n\t\t\t\t\t\t\t\t\t<th>pie\u0146em\u0161anas laiks<\/th>\n\t\t\t\t\t\t\t\t<\/thead>\n\t\t\t\t<tbody>\n\t\t\t\t\t<tr class=\"\">\n\t\t\t\t\t\t\t\t<td class=\"column-highlight\"  \n\t\t\t\tdata-title=\"\">\n\t\t\t\t\t\t\t<\/td>\n\t\t\t\t\t\t\t\t<td class=\"\"  \n\t\t\t\tdata-title=\"\">\n\t\t\t\tpirmdiena\t\t\t<\/td>\n\t\t\t\t\t\t\t\t<td class=\"\"  \n\t\t\t\tdata-title=\"pie\u0146em\u0161anas laiks\">\n\t\t\t\t9:00 - 10:00\t\t\t<\/td>\n\t\t\t<\/tr>\n\t\t<tr class=\"\">\n\t\t\t\t\t\t\t\t<td class=\"column-highlight\"  \n\t\t\t\tdata-title=\"\">\n\t\t\t\t\t\t\t<\/td>\n\t\t\t\t\t\t\t\t<td class=\"\"  \n\t\t\t\tdata-title=\"\">\n\t\t\t\totrdiena\t\t\t<\/td>\n\t\t\t\t\t\t\t\t<td class=\"\"  \n\t\t\t\tdata-title=\"pie\u0146em\u0161anas laiks\">\n\t\t\t\t\u2014\t\t\t<\/td>\n\t\t\t<\/tr>\n\t\t<tr class=\"\">\n\t\t\t\t\t\t\t\t<td class=\"column-highlight\"  \n\t\t\t\tdata-title=\"\">\n\t\t\t\t\t\t\t<\/td>\n\t\t\t\t\t\t\t\t<td class=\"\"  \n\t\t\t\tdata-title=\"\">\n\t\t\t\ttre\u0161diena\t\t\t<\/td>\n\t\t\t\t\t\t\t\t<td class=\"\"  \n\t\t\t\tdata-title=\"pie\u0146em\u0161anas laiks\">\n\t\t\t\t\u2014\t\t\t<\/td>\n\t\t\t<\/tr>\n\t\t<tr class=\"\">\n\t\t\t\t\t\t\t\t<td class=\"column-highlight\"  \n\t\t\t\tdata-title=\"\">\n\t\t\t\t\t\t\t<\/td>\n\t\t\t\t\t\t\t\t<td class=\"\"  \n\t\t\t\tdata-title=\"\">\n\t\t\t\tceturtdiena\t\t\t<\/td>\n\t\t\t\t\t\t\t\t<td class=\"\"  \n\t\t\t\tdata-title=\"pie\u0146em\u0161anas laiks\">\n\t\t\t\t\u2014\t\t\t<\/td>\n\t\t\t<\/tr>\n\t\t<tr class=\"\">\n\t\t\t\t\t\t\t\t<td class=\"column-highlight\"  \n\t\t\t\tdata-title=\"\">\n\t\t\t\t\t\t\t<\/td>\n\t\t\t\t\t\t\t\t<td class=\"\"  \n\t\t\t\tdata-title=\"\">\n\t\t\t\tpiektdiena\t\t\t<\/td>\n\t\t\t\t\t\t\t\t<td class=\"\"  \n\t\t\t\tdata-title=\"pie\u0146em\u0161anas laiks\">\n\t\t\t\t\u2014\t\t\t<\/td>\n\t\t\t<\/tr>\n\t\t\t\t\t<\/tbody>\n\t\t\t<\/table>\n\t\t<\/div>\n\t<\/div>\n\t\n\n\t\t<\/div>\n\t<\/div>\n<\/div><\/div><\/div><\/div><div class=\"vc_row wpb_row vc_row-fluid\"><div class=\"wpb_column vc_column_container vc_col-sm-6\"><div class=\"vc_column-inner\"><div class=\"wpb_wrapper\"><h3 style=\"text-align: left\" class=\"vc_custom_heading vc_custom_1706187540332\" >Jolanta T\u0101raude<\/h3><h5 style=\"text-align: left\" class=\"vc_custom_heading vc_custom_1706187650867\" >Kr.Barona iela 97A<br \/>\nT\u0101lr. 67474245<br \/>\nSazi\u0146a e-klas\u0113<\/h5><\/div><\/div><\/div><div class=\"wpb_column vc_column_container vc_col-sm-6\"><div class=\"vc_column-inner\"><div class=\"wpb_wrapper\">\n\t<div class=\"wpb_text_column wpb_content_element  vc_custom_1706187621708\" >\n\t\t<div class=\"wpb_wrapper\">\n\t\t\t\t<div class='rg-container'>\n\t\t<div class='rg-content'>\n\t\t\t<table class='rg-table'>\n\t\t\t\t<thead>\n\t\t\t\t\t\t\t\t\t<th><\/th>\n\t\t\t\t\t\t\t\t\t<th><\/th>\n\t\t\t\t\t\t\t\t\t<th>pie\u0146em\u0161anas laiks<\/th>\n\t\t\t\t\t\t\t\t<\/thead>\n\t\t\t\t<tbody>\n\t\t\t\t\t<tr class=\"\">\n\t\t\t\t\t\t\t\t<td class=\"column-highlight\"  \n\t\t\t\tdata-title=\"\">\n\t\t\t\t\t\t\t<\/td>\n\t\t\t\t\t\t\t\t<td class=\"\"  \n\t\t\t\tdata-title=\"\">\n\t\t\t\tpirmdiena\t\t\t<\/td>\n\t\t\t\t\t\t\t\t<td class=\"\"  \n\t\t\t\tdata-title=\"pie\u0146em\u0161anas laiks\">\n\t\t\t\t13:00 - 14:00\t\t\t<\/td>\n\t\t\t<\/tr>\n\t\t<tr class=\"\">\n\t\t\t\t\t\t\t\t<td class=\"column-highlight\"  \n\t\t\t\tdata-title=\"\">\n\t\t\t\t\t\t\t<\/td>\n\t\t\t\t\t\t\t\t<td class=\"\"  \n\t\t\t\tdata-title=\"\">\n\t\t\t\totrdiena\t\t\t<\/td>\n\t\t\t\t\t\t\t\t<td class=\"\"  \n\t\t\t\tdata-title=\"pie\u0146em\u0161anas laiks\">\n\t\t\t\t\u2014\t\t\t<\/td>\n\t\t\t<\/tr>\n\t\t<tr class=\"\">\n\t\t\t\t\t\t\t\t<td class=\"column-highlight\"  \n\t\t\t\tdata-title=\"\">\n\t\t\t\t\t\t\t<\/td>\n\t\t\t\t\t\t\t\t<td class=\"\"  \n\t\t\t\tdata-title=\"\">\n\t\t\t\ttre\u0161diena\t\t\t<\/td>\n\t\t\t\t\t\t\t\t<td class=\"\"  \n\t\t\t\tdata-title=\"pie\u0146em\u0161anas laiks\">\n\t\t\t\t13:30 - 14:30\t\t\t<\/td>\n\t\t\t<\/tr>\n\t\t<tr class=\"\">\n\t\t\t\t\t\t\t\t<td class=\"column-highlight\"  \n\t\t\t\tdata-title=\"\">\n\t\t\t\t\t\t\t<\/td>\n\t\t\t\t\t\t\t\t<td class=\"\"  \n\t\t\t\tdata-title=\"\">\n\t\t\t\tceturtdiena\t\t\t<\/td>\n\t\t\t\t\t\t\t\t<td class=\"\"  \n\t\t\t\tdata-title=\"pie\u0146em\u0161anas laiks\">\n\t\t\t\t\u2014\t\t\t<\/td>\n\t\t\t<\/tr>\n\t\t<tr class=\"\">\n\t\t\t\t\t\t\t\t<td class=\"column-highlight\"  \n\t\t\t\tdata-title=\"\">\n\t\t\t\t\t\t\t<\/td>\n\t\t\t\t\t\t\t\t<td class=\"\"  \n\t\t\t\tdata-title=\"\">\n\t\t\t\tpiektdiena\t\t\t<\/td>\n\t\t\t\t\t\t\t\t<td class=\"\"  \n\t\t\t\tdata-title=\"pie\u0146em\u0161anas laiks\">\n\t\t\t\t\u2014\t\t\t<\/td>\n\t\t\t<\/tr>\n\t\t\t\t\t<\/tbody>\n\t\t\t<\/table>\n\t\t<\/div>\n\t<\/div>\n\t\n\n\t\t<\/div>\n\t<\/div>\n<\/div><\/div><\/div><\/div><div class=\"vc_row wpb_row vc_row-fluid\"><div class=\"wpb_column vc_column_container vc_col-sm-6\"><div class=\"vc_column-inner\"><div class=\"wpb_wrapper\"><h3 style=\"text-align: left\" class=\"vc_custom_heading vc_custom_1582558079193\" >Jud\u012bte Bruka<\/h3><h5 style=\"text-align: left\" class=\"vc_custom_heading vc_custom_1706187669123\" >Kr.Barona iela 97A<br \/>\nSazi\u0146a e-klas\u0113<\/h5><\/div><\/div><\/div><div class=\"wpb_column vc_column_container vc_col-sm-6\"><div class=\"vc_column-inner\"><div class=\"wpb_wrapper\">\n\t<div class=\"wpb_text_column wpb_content_element  vc_custom_1706187743271\" >\n\t\t<div class=\"wpb_wrapper\">\n\t\t\t\t<div class='rg-container'>\n\t\t<div class='rg-content'>\n\t\t\t<table class='rg-table'>\n\t\t\t\t<thead>\n\t\t\t\t\t\t\t\t\t<th><\/th>\n\t\t\t\t\t\t\t\t\t<th><\/th>\n\t\t\t\t\t\t\t\t\t<th>pie\u0146em\u0161anas laiks<\/th>\n\t\t\t\t\t\t\t\t<\/thead>\n\t\t\t\t<tbody>\n\t\t\t\t\t<tr class=\"\">\n\t\t\t\t\t\t\t\t<td class=\"column-highlight\"  \n\t\t\t\tdata-title=\"\">\n\t\t\t\t\t\t\t<\/td>\n\t\t\t\t\t\t\t\t<td class=\"\"  \n\t\t\t\tdata-title=\"\">\n\t\t\t\tpirmdiena\t\t\t<\/td>\n\t\t\t\t\t\t\t\t<td class=\"\"  \n\t\t\t\tdata-title=\"pie\u0146em\u0161anas laiks\">\n\t\t\t\t13:00 - 14:00\t\t\t<\/td>\n\t\t\t<\/tr>\n\t\t<tr class=\"\">\n\t\t\t\t\t\t\t\t<td class=\"column-highlight\"  \n\t\t\t\tdata-title=\"\">\n\t\t\t\t\t\t\t<\/td>\n\t\t\t\t\t\t\t\t<td class=\"\"  \n\t\t\t\tdata-title=\"\">\n\t\t\t\totrdiena\t\t\t<\/td>\n\t\t\t\t\t\t\t\t<td class=\"\"  \n\t\t\t\tdata-title=\"pie\u0146em\u0161anas laiks\">\n\t\t\t\t\u2014\t\t\t<\/td>\n\t\t\t<\/tr>\n\t\t<tr class=\"\">\n\t\t\t\t\t\t\t\t<td class=\"column-highlight\"  \n\t\t\t\tdata-title=\"\">\n\t\t\t\t\t\t\t<\/td>\n\t\t\t\t\t\t\t\t<td class=\"\"  \n\t\t\t\tdata-title=\"\">\n\t\t\t\ttre\u0161diena\t\t\t<\/td>\n\t\t\t\t\t\t\t\t<td class=\"\"  \n\t\t\t\tdata-title=\"pie\u0146em\u0161anas laiks\">\n\t\t\t\t9:00 - 10:00\t\t\t<\/td>\n\t\t\t<\/tr>\n\t\t<tr class=\"\">\n\t\t\t\t\t\t\t\t<td class=\"column-highlight\"  \n\t\t\t\tdata-title=\"\">\n\t\t\t\t\t\t\t<\/td>\n\t\t\t\t\t\t\t\t<td class=\"\"  \n\t\t\t\tdata-title=\"\">\n\t\t\t\tceturtdiena\t\t\t<\/td>\n\t\t\t\t\t\t\t\t<td class=\"\"  \n\t\t\t\tdata-title=\"pie\u0146em\u0161anas laiks\">\n\t\t\t\t\u2014\t\t\t<\/td>\n\t\t\t<\/tr>\n\t\t<tr class=\"\">\n\t\t\t\t\t\t\t\t<td class=\"column-highlight\"  \n\t\t\t\tdata-title=\"\">\n\t\t\t\t\t\t\t<\/td>\n\t\t\t\t\t\t\t\t<td class=\"\"  \n\t\t\t\tdata-title=\"\">\n\t\t\t\tpiektdiena\t\t\t<\/td>\n\t\t\t\t\t\t\t\t<td class=\"\"  \n\t\t\t\tdata-title=\"pie\u0146em\u0161anas laiks\">\n\t\t\t\t\u2014\t\t\t<\/td>\n\t\t\t<\/tr>\n\t\t\t\t\t<\/tbody>\n\t\t\t<\/table>\n\t\t<\/div>\n\t<\/div>\n\t\n\n\t\t<\/div>\n\t<\/div>\n<\/div><\/div><\/div><\/div><div class=\"vc_row wpb_row vc_row-fluid\"><div class=\"wpb_column vc_column_container vc_col-sm-12\"><div class=\"vc_column-inner\"><div class=\"wpb_wrapper\"><div class=\"vc_empty_space\"   style=\"height: 32px\"><span class=\"vc_empty_space_inner\"><\/span><\/div><\/div><\/div><\/div><\/div><div class=\"vc_row wpb_row vc_row-fluid\"><div class=\"wpb_column vc_column_container vc_col-sm-12\"><div class=\"vc_column-inner\"><div class=\"wpb_wrapper\"><h3 style=\"text-align: left\" class=\"vc_custom_heading vc_custom_1706187778011\" >Logop\u0113ds<\/h3>\n\t<div class=\"wpb_text_column wpb_content_element \" >\n\t\t<div class=\"wpb_wrapper\">\n\t\t\t<ul>\n<li>Runas un rakstu p\u0101rbaude 1.- 4. kla\u0161u grup\u0101;<\/li>\n<li>Individu\u0101lais un grupu darbs konstat\u0113to trauc\u0113jumu nov\u0113r\u0161anai;<\/li>\n<li>Sadarb\u012bba ar priek\u0161meta skolot\u0101jiem, klases audzin\u0101t\u0101ju, atbalsta person\u0101lu, skolas vad\u012bbu un b\u0113rna vec\u0101kiem.<\/li>\n<\/ul>\n\n\t\t<\/div>\n\t<\/div>\n<\/div><\/div><\/div><\/div><div class=\"vc_row wpb_row vc_row-fluid\"><div class=\"wpb_column vc_column_container vc_col-sm-6\"><div class=\"vc_column-inner\"><div class=\"wpb_wrapper\"><h3 style=\"text-align: left\" class=\"vc_custom_heading vc_custom_1582895280447\" >Lilita Steri\u0146a<\/h3><h5 style=\"text-align: left\" class=\"vc_custom_heading vc_custom_1706187804917\" >Kr.Barona iela 116<br \/>\nSazi\u0146a e-klas\u0113<\/h5><\/div><\/div><\/div><div class=\"wpb_column vc_column_container vc_col-sm-6\"><div class=\"vc_column-inner\"><div class=\"wpb_wrapper\">\n\t<div class=\"wpb_text_column wpb_content_element  vc_custom_1706187907837\" >\n\t\t<div class=\"wpb_wrapper\">\n\t\t\t\t<div class='rg-container'>\n\t\t<div class='rg-content'>\n\t\t\t<table class='rg-table'>\n\t\t\t\t<thead>\n\t\t\t\t\t\t\t\t\t<th><\/th>\n\t\t\t\t\t\t\t\t\t<th><\/th>\n\t\t\t\t\t\t\t\t\t<th>pie\u0146em\u0161anas laiks<\/th>\n\t\t\t\t\t\t\t\t<\/thead>\n\t\t\t\t<tbody>\n\t\t\t\t\t<tr class=\"\">\n\t\t\t\t\t\t\t\t<td class=\"column-highlight\"  \n\t\t\t\tdata-title=\"\">\n\t\t\t\t\t\t\t<\/td>\n\t\t\t\t\t\t\t\t<td class=\"\"  \n\t\t\t\tdata-title=\"\">\n\t\t\t\tpirmdiena\t\t\t<\/td>\n\t\t\t\t\t\t\t\t<td class=\"\"  \n\t\t\t\tdata-title=\"pie\u0146em\u0161anas laiks\">\n\t\t\t\t\u2014\t\t\t<\/td>\n\t\t\t<\/tr>\n\t\t<tr class=\"\">\n\t\t\t\t\t\t\t\t<td class=\"column-highlight\"  \n\t\t\t\tdata-title=\"\">\n\t\t\t\t\t\t\t<\/td>\n\t\t\t\t\t\t\t\t<td class=\"\"  \n\t\t\t\tdata-title=\"\">\n\t\t\t\totrdiena\t\t\t<\/td>\n\t\t\t\t\t\t\t\t<td class=\"\"  \n\t\t\t\tdata-title=\"pie\u0146em\u0161anas laiks\">\n\t\t\t\t16:30 - 17:30\t\t\t<\/td>\n\t\t\t<\/tr>\n\t\t<tr class=\"\">\n\t\t\t\t\t\t\t\t<td class=\"column-highlight\"  \n\t\t\t\tdata-title=\"\">\n\t\t\t\t\t\t\t<\/td>\n\t\t\t\t\t\t\t\t<td class=\"\"  \n\t\t\t\tdata-title=\"\">\n\t\t\t\ttre\u0161diena\t\t\t<\/td>\n\t\t\t\t\t\t\t\t<td class=\"\"  \n\t\t\t\tdata-title=\"pie\u0146em\u0161anas laiks\">\n\t\t\t\t\u2014\t\t\t<\/td>\n\t\t\t<\/tr>\n\t\t<tr class=\"\">\n\t\t\t\t\t\t\t\t<td class=\"column-highlight\"  \n\t\t\t\tdata-title=\"\">\n\t\t\t\t\t\t\t<\/td>\n\t\t\t\t\t\t\t\t<td class=\"\"  \n\t\t\t\tdata-title=\"\">\n\t\t\t\tceturtdiena\t\t\t<\/td>\n\t\t\t\t\t\t\t\t<td class=\"\"  \n\t\t\t\tdata-title=\"pie\u0146em\u0161anas laiks\">\n\t\t\t\t11:00 - 12:00\t\t\t<\/td>\n\t\t\t<\/tr>\n\t\t<tr class=\"\">\n\t\t\t\t\t\t\t\t<td class=\"column-highlight\"  \n\t\t\t\tdata-title=\"\">\n\t\t\t\t\t\t\t<\/td>\n\t\t\t\t\t\t\t\t<td class=\"\"  \n\t\t\t\tdata-title=\"\">\n\t\t\t\tpiektdiena\t\t\t<\/td>\n\t\t\t\t\t\t\t\t<td class=\"\"  \n\t\t\t\tdata-title=\"pie\u0146em\u0161anas laiks\">\n\t\t\t\t\u2014\t\t\t<\/td>\n\t\t\t<\/tr>\n\t\t\t\t\t<\/tbody>\n\t\t\t<\/table>\n\t\t<\/div>\n\t<\/div>\n\t\n\n\t\t<\/div>\n\t<\/div>\n<\/div><\/div><\/div><\/div><div class=\"vc_row wpb_row vc_row-fluid\"><div class=\"wpb_column vc_column_container vc_col-sm-12\"><div class=\"vc_column-inner\"><div class=\"wpb_wrapper\"><div class=\"vc_empty_space\"   style=\"height: 32px\"><span class=\"vc_empty_space_inner\"><\/span><\/div><\/div><\/div><\/div><\/div><div class=\"vc_row wpb_row vc_row-fluid\"><div class=\"wpb_column vc_column_container vc_col-sm-12\"><div class=\"vc_column-inner\"><div class=\"wpb_wrapper\"><h3 style=\"text-align: left\" class=\"vc_custom_heading vc_custom_1706187952227\" >Speci\u0101lais pedagogs<\/h3>\n\t<div class=\"wpb_text_column wpb_content_element \" >\n\t\t<div class=\"wpb_wrapper\">\n\t\t\t<ul>\n<li>Izgl\u012btojamo m\u0101c\u012bbu prasmju izv\u0113rt\u0113\u0161ana un trauc\u0113jumu diagnostic\u0113\u0161ana;<\/li>\n<li>Dinamikas izp\u0113te un nov\u0113rt\u0113\u0161ana b\u0113rniem ar noteiktiem atbalsta pas\u0101kumiem;<\/li>\n<li>Atbalsta snieg\u0161ana m\u0101c\u012bbu proces\u0101 b\u0113rniem ar noteiktiem atbalsta pas\u0101kumiem;<\/li>\n<li>Sadarb\u012bba ar priek\u0161meta skolot\u0101jiem, klases audzin\u0101t\u0101ju, atbalsta person\u0101lu, skolas vad\u012bbu un b\u0113rna vec\u0101kiem.<\/li>\n<\/ul>\n\n\t\t<\/div>\n\t<\/div>\n<\/div><\/div><\/div><\/div><div class=\"vc_row wpb_row vc_row-fluid\"><div class=\"wpb_column vc_column_container vc_col-sm-6\"><div class=\"vc_column-inner\"><div class=\"wpb_wrapper\"><h3 style=\"text-align: left\" class=\"vc_custom_heading vc_custom_1706187990843\" >Sindija Borharde<\/h3><h5 style=\"text-align: left\" class=\"vc_custom_heading vc_custom_1706188001034\" >Kr.Barona iela 97A<br \/>\nSazi\u0146a e-klas\u0113<\/h5><\/div><\/div><\/div><div class=\"wpb_column vc_column_container vc_col-sm-6\"><div class=\"vc_column-inner\"><div class=\"wpb_wrapper\">\n\t<div class=\"wpb_text_column wpb_content_element  vc_custom_1706188052686\" >\n\t\t<div class=\"wpb_wrapper\">\n\t\t\t<div class='rg-container'>\n\t\t<div class='rg-content'>\n\t\t\t<table class='rg-table'>\n\t\t\t\t<thead>\n\t\t\t\t\t\t\t\t\t<th><\/th>\n\t\t\t\t\t\t\t\t\t<th><\/th>\n\t\t\t\t\t\t\t\t\t<th>pie\u0146em\u0161anas laiks<\/th>\n\t\t\t\t\t\t\t\t<\/thead>\n\t\t\t\t<tbody>\n\t\t\t\t\t\t\t\t<\/tbody>\n\t\t\t<\/table>\n\t\t<\/div>\n\t<\/div>\n\t\t<tr class=\"\">\n\t\t\t\t\t\t\t\t<td class=\"column-highlight\"  \n\t\t\t\tdata-title=\"\">\n\t\t\t\t\t\t\t<\/td>\n\t\t\t\t\t\t\t\t<td class=\"\"  \n\t\t\t\tdata-title=\"\">\n\t\t\t\tiepriek\u0161 piesakoties\t\t\t<\/td>\n\t\t\t<\/tr>\n\t<\/p>\n\n\t\t<\/div>\n\t<\/div>\n<\/div><\/div><\/div><\/div><div class=\"vc_row wpb_row vc_row-fluid\"><div class=\"wpb_column vc_column_container vc_col-sm-12\"><div class=\"vc_column-inner\"><div class=\"wpb_wrapper\"><div class=\"vc_empty_space\"   style=\"height: 32px\"><span class=\"vc_empty_space_inner\"><\/span><\/div><\/div><\/div><\/div><\/div><div class=\"vc_row wpb_row vc_row-fluid\"><div class=\"wpb_column vc_column_container vc_col-sm-6\"><div class=\"vc_column-inner\"><div class=\"wpb_wrapper\"><h3 style=\"text-align: left\" class=\"vc_custom_heading vc_custom_1582558125065\" >Krist\u012bne Ozoli\u0146a<\/h3><h5 style=\"text-align: left\" class=\"vc_custom_heading vc_custom_1610628744530\" >skolas medm\u0101sa (Kr. Barona 97A)<\/h5><div class=\"vc_empty_space\"   style=\"height: 32px\"><span class=\"vc_empty_space_inner\"><\/span><\/div><\/div><\/div><\/div><div class=\"wpb_column vc_column_container vc_col-sm-6\"><div class=\"vc_column-inner\"><div class=\"wpb_wrapper\">\n\t<div class=\"wpb_text_column wpb_content_element  vc_custom_1585155516052\" >\n\t\t<div class=\"wpb_wrapper\">\n\t\t\t<h5>Katru darba dienu 8:00 &#8211; 16:30<\/h5>\n\n\t\t<\/div>\n\t<\/div>\n<\/div><\/div><\/div><\/div><div class=\"vc_row wpb_row vc_row-fluid\"><div class=\"wpb_column vc_column_container vc_col-sm-12\"><div class=\"vc_column-inner\"><div class=\"wpb_wrapper\"><div class=\"vc_empty_space\"   style=\"height: 32px\"><span class=\"vc_empty_space_inner\"><\/span><\/div><\/div><\/div><\/div><\/div><div class=\"vc_row wpb_row vc_row-fluid\"><div class=\"wpb_column vc_column_container vc_col-sm-6\"><div class=\"vc_column-inner\"><div class=\"wpb_wrapper\"><h3 style=\"text-align: left\" class=\"vc_custom_heading vc_custom_1610628704947\" >O\u013cesja Miha\u013cevi\u010da<\/h3><h5 style=\"text-align: left\" class=\"vc_custom_heading vc_custom_1610628715111\" >skolas medm\u0101sa (Kr. Barona 116)<\/h5><div class=\"vc_empty_space\"   style=\"height: 32px\"><span class=\"vc_empty_space_inner\"><\/span><\/div><\/div><\/div><\/div><div class=\"wpb_column vc_column_container vc_col-sm-6\"><div class=\"vc_column-inner\"><div class=\"wpb_wrapper\">\n\t<div class=\"wpb_text_column wpb_content_element  vc_custom_1610628732320\" >\n\t\t<div class=\"wpb_wrapper\">\n\t\t\t<h5>Katru darba dienu 7:30 &#8211; 14:00<\/h5>\n\n\t\t<\/div>\n\t<\/div>\n<\/div><\/div><\/div><\/div><div class=\"vc_row wpb_row vc_row-fluid\"><div class=\"wpb_column vc_column_container vc_col-sm-12\"><div class=\"vc_column-inner\"><div class=\"wpb_wrapper\"><div class=\"vc_empty_space\"   style=\"height: 32px\"><span class=\"vc_empty_space_inner\"><\/span><\/div><\/div><\/div><\/div><\/div>\n","protected":false},"excerpt":{"rendered":"Atbalsta person\u0101lsIzgl\u012bt\u012bbas psihologs Konsultat\u012bvais darbs skol\u0101; Skol\u0113nu sp\u0113ju atbilst\u012bbas izp\u0113te; Atbalsta pas\u0101kumu piem\u0113ro\u0161ana; Kla\u0161u izp\u0113te; Izgl\u012btojamo emocion\u0101l\u0101s labsaj\u016btas skol\u0101 veicin\u0101\u0161ana.&nbsp;<a href=\"https:\/\/www.rchv.lv\/web\/informacija\/skolas-personals\">&hellip;<\/a>","protected":false},"author":1,"featured_media":0,"parent":3007,"menu_order":2,"comment_status":"closed","ping_status":"closed","template":"template-sidebar-right-childpages.php","meta":{"inline_featured_image":false,"footnotes":""},"class_list":["post-3014","page","type-page","status-publish","hentry","odd"],"_links":{"self":[{"href":"https:\/\/www.rchv.lv\/web\/wp-json\/wp\/v2\/pages\/3014","targetHints":{"allow":["GET"]}}],"collection":[{"href":"https:\/\/www.rchv.lv\/web\/wp-json\/wp\/v2\/pages"}],"about":[{"href":"https:\/\/www.rchv.lv\/web\/wp-json\/wp\/v2\/types\/page"}],"author":[{"embeddable":true,"href":"https:\/\/www.rchv.lv\/web\/wp-json\/wp\/v2\/users\/1"}],"replies":[{"embeddable":true,"href":"https:\/\/www.rchv.lv\/web\/wp-json\/wp\/v2\/comments?post=3014"}],"version-history":[{"count":70,"href":"https:\/\/www.rchv.lv\/web\/wp-json\/wp\/v2\/pages\/3014\/revisions"}],"predecessor-version":[{"id":12906,"href":"https:\/\/www.rchv.lv\/web\/wp-json\/wp\/v2\/pages\/3014\/revisions\/12906"}],"up":[{"embeddable":true,"href":"https:\/\/www.rchv.lv\/web\/wp-json\/wp\/v2\/pages\/3007"}],"wp:attachment":[{"href":"https:\/\/www.rchv.lv\/web\/wp-json\/wp\/v2\/media?parent=3014"}],"curies":[{"name":"wp","href":"https:\/\/api.w.org\/{rel}","templated":true}]}}