{"id":3432,"date":"2020-02-17T02:37:26","date_gmt":"2020-02-17T00:37:26","guid":{"rendered":"http:\/\/test2020.rchv.lv\/web\/?page_id=3432"},"modified":"2026-04-13T10:19:53","modified_gmt":"2026-04-13T08:19:53","slug":"pretkorupcijas-plana-izpilde","status":"publish","type":"page","link":"https:\/\/www.rchv.lv\/web\/noderigi\/pretkorupcijas-plana-izpilde","title":{"rendered":"Pretkorupcijas pl\u0101na izpilde"},"content":{"rendered":"<div class=\"vc_row wpb_row vc_row-fluid\"><div class=\"wpb_column vc_column_container vc_col-sm-12\"><div class=\"vc_column-inner\"><div class=\"wpb_wrapper\"><h1 style=\"text-align: left\" class=\"vc_custom_heading vc_custom_1581899868866\" >Pretkorupcijas pl\u0101na izpilde<\/h1><div class=\"vc_empty_space\"   style=\"height: 30px\"><span class=\"vc_empty_space_inner\"><\/span><\/div>\n\t<div class=\"wpb_text_column wpb_content_element \" >\n\t\t<div class=\"wpb_wrapper\">\n\t\t\t<p>Inform\u0101cijai par trauksmes cel\u0161anu R\u012bgas valstspils\u0113tas pa\u0161vald\u012bb\u0101:<\/p>\n<ol>\n<li>Pa\u0161vald\u012bbas ofici\u0101laj\u0101 t\u012bmek\u013cvietn\u0113 (<a href=\"http:\/\/www.riga.lv\/\">riga.lv<\/a>) sada\u013ca \u201cTrauksmes cel\u0161ana\u201d (skat\u012bt:\u00a0<a href=\"https:\/\/www.riga.lv\/lv\/trauksmes-celsana\" target=\"_blank\" rel=\"noopener\">Trauksmes cel\u0161ana | R\u012bgas valstspils\u0113tas pa\u0161vald\u012bba<\/a>);<\/li>\n<li>Trauksmes c\u0113l\u0113ja zi\u0146ojuma veidlapa (skat\u012bt:\u00a0<a href=\"https:\/\/www.trauksmescelejs.lv\/iesniegt-trauksmes-celsanas-zinojumu\" target=\"_blank\" rel=\"noopener\">Zi\u0146ojuma iesnieg\u0161ana | Trauksmescelejs.lv<\/a>);<\/li>\n<li>R\u012bgas Centra humanit\u0101r\u0101 vidusskolas kontaktpersona trauksmes cel\u0161anas jaut\u0101jumos: Liene Paneva, lpaneva@edu.riga.lv.<\/li>\n<li>Inform\u0101cija par personas datu apstr\u0101di saska\u0146\u0101 ar Eiropas Parlamenta un Padomes 2016. gada 27. apr\u012b\u013ca regulas (ES) 2016\/679 par fizisku personu aizsardz\u012bbu attiec\u012bb\u0101 uz personas datu apstr\u0101di un \u0161\u0101du datu br\u012bvu apriti un ar ko atce\u013c direkt\u012bvu 95\/46\/EK (Visp\u0101r\u012bg\u0101 datu aizsardz\u012bbas regula) 13. un 14. pantu (skat\u012bt:\u00a0<a href=\"https:\/\/www.riga.lv\/lv\/rigas-valstspilsetas-pasvaldibas-personas-datu-aizsardzibas-politika\" target=\"_blank\" rel=\"noopener\">R\u012bgas valstspils\u0113tas pa\u0161vald\u012bbas Personas datu aizsardz\u012bbas politika | R\u012bgas valstspils\u0113tas pa\u0161vald\u012bba<\/a>).<\/li>\n<\/ol>\n\n\t\t<\/div>\n\t<\/div>\n<\/div><\/div><\/div><\/div><div class=\"vc_row wpb_row vc_row-fluid vc_custom_1487773030229\"><div class=\"wpb_column vc_column_container vc_col-sm-6\"><div class=\"vc_column-inner\"><div class=\"wpb_wrapper\"><h4 style=\"text-align: left\" class=\"vc_custom_heading\" >Pretkorupcijas pl\u0101na izpilde 2020. gadam.<\/h4>\n\t<div  class=\"wpb_single_image wpb_content_element vc_align_left\">\n\t\t\n\t\t<figure class=\"wpb_wrapper vc_figure\">\n\t\t\t<a href=\"https:\/\/www.rchv.lv\/web\/wp-content\/uploads\/2021\/01\/5-rs-2021__Pielikums_RCHV__pretkorpuc_2021_plans_atskaite.pdf\" target=\"_blank\" class=\"vc_single_image-wrapper   vc_box_border_grey\"><img loading=\"lazy\" decoding=\"async\" class=\"vc_single_image-img \" src=\"https:\/\/www.rchv.lv\/web\/wp-content\/uploads\/2020\/02\/pdf-1-100x121.png\" width=\"100\" height=\"121\" alt=\"pdf\" title=\"pdf\" \/><\/a>\n\t\t<\/figure>\n\t<\/div>\n<\/div><\/div><\/div><div class=\"wpb_column vc_column_container vc_col-sm-6\"><div class=\"vc_column-inner\"><div class=\"wpb_wrapper\"><h4 style=\"text-align: left\" class=\"vc_custom_heading\" >Pretkorupcijas pl\u0101na izpilde 2019. gadam.<\/h4>\n\t<div  class=\"wpb_single_image wpb_content_element vc_align_left\">\n\t\t\n\t\t<figure class=\"wpb_wrapper vc_figure\">\n\t\t\t<a href=\"http:\/\/www.rchv.lv\/web\/wp-content\/uploads\/2020\/10\/RCHV_pretkorupcijas_plana_izpilde_2019.pdf\" target=\"_blank\" class=\"vc_single_image-wrapper   vc_box_border_grey\"><img loading=\"lazy\" decoding=\"async\" class=\"vc_single_image-img \" src=\"https:\/\/www.rchv.lv\/web\/wp-content\/uploads\/2020\/02\/pdf-1-100x121.png\" width=\"100\" height=\"121\" alt=\"pdf\" title=\"pdf\" \/><\/a>\n\t\t<\/figure>\n\t<\/div>\n<\/div><\/div><\/div><\/div><div class=\"vc_row wpb_row vc_row-fluid vc_custom_1487773030229\"><div class=\"wpb_column vc_column_container vc_col-sm-6\"><div class=\"vc_column-inner\"><div class=\"wpb_wrapper\"><h4 style=\"text-align: left\" class=\"vc_custom_heading\" >Pretkorupcijas pl\u0101na izpilde 2017. gadam.<\/h4>\n\t<div  class=\"wpb_single_image wpb_content_element vc_align_left\">\n\t\t\n\t\t<figure class=\"wpb_wrapper vc_figure\">\n\t\t\t<a href=\"http:\/\/www.rchv.lv\/web\/wp-content\/uploads\/2020\/10\/Iestazu_pretkorupcijas_pasakumu_plana_izpilde_2017_gadam_RCHV.pdf\" target=\"_blank\" class=\"vc_single_image-wrapper   vc_box_border_grey\"><img loading=\"lazy\" decoding=\"async\" class=\"vc_single_image-img \" src=\"https:\/\/www.rchv.lv\/web\/wp-content\/uploads\/2020\/02\/pdf-1-100x121.png\" width=\"100\" height=\"121\" alt=\"pdf\" title=\"pdf\" \/><\/a>\n\t\t<\/figure>\n\t<\/div>\n<\/div><\/div><\/div><div class=\"wpb_column vc_column_container vc_col-sm-6\"><div class=\"vc_column-inner\"><div class=\"wpb_wrapper\"><h4 style=\"text-align: left\" class=\"vc_custom_heading\" >Pretkorupcijas pl\u0101na izpilde 2016. gadam.<\/h4>\n\t<div  class=\"wpb_single_image wpb_content_element vc_align_left\">\n\t\t\n\t\t<figure class=\"wpb_wrapper vc_figure\">\n\t\t\t<a href=\"http:\/\/www.rchv.lv\/web\/wp-content\/uploads\/2020\/10\/Iestazu_pretkorupcijas_pasakumu_plana__2016_gadam_izpilde-RCHV.pdf\" target=\"_blank\" class=\"vc_single_image-wrapper   vc_box_border_grey\"><img loading=\"lazy\" decoding=\"async\" class=\"vc_single_image-img \" src=\"https:\/\/www.rchv.lv\/web\/wp-content\/uploads\/2020\/02\/pdf-1-100x121.png\" width=\"100\" height=\"121\" alt=\"pdf\" title=\"pdf\" \/><\/a>\n\t\t<\/figure>\n\t<\/div>\n<\/div><\/div><\/div><\/div><div class=\"vc_row wpb_row vc_row-fluid vc_custom_1487773030229\"><div class=\"wpb_column vc_column_container vc_col-sm-6\"><div class=\"vc_column-inner\"><div class=\"wpb_wrapper\"><h4 style=\"text-align: left\" class=\"vc_custom_heading\" >Pretkorupcijas pl\u0101na izpilde 2015. gadam.<\/h4>\n\t<div  class=\"wpb_single_image wpb_content_element vc_align_left\">\n\t\t\n\t\t<figure class=\"wpb_wrapper vc_figure\">\n\t\t\t<a href=\"http:\/\/www.rchv.lv\/web\/wp-content\/uploads\/2020\/10\/RCHV_pretkorupc_pasakumu_plans_2015_gadam_izpilde.pdf\" target=\"_blank\" class=\"vc_single_image-wrapper   vc_box_border_grey\"><img loading=\"lazy\" decoding=\"async\" class=\"vc_single_image-img \" src=\"https:\/\/www.rchv.lv\/web\/wp-content\/uploads\/2020\/02\/pdf-1-100x121.png\" width=\"100\" height=\"121\" alt=\"pdf\" title=\"pdf\" \/><\/a>\n\t\t<\/figure>\n\t<\/div>\n<\/div><\/div><\/div><div class=\"wpb_column vc_column_container vc_col-sm-6\"><div class=\"vc_column-inner\"><div class=\"wpb_wrapper\"><\/div><\/div><\/div><\/div>\n","protected":false},"excerpt":{"rendered":"Pretkorupcijas pl\u0101na izpilde Inform\u0101cijai par trauksmes cel\u0161anu R\u012bgas valstspils\u0113tas pa\u0161vald\u012bb\u0101: Pa\u0161vald\u012bbas ofici\u0101laj\u0101 t\u012bmek\u013cvietn\u0113 (riga.lv) sada\u013ca \u201cTrauksmes cel\u0161ana\u201d (skat\u012bt:\u00a0Trauksmes cel\u0161ana |&nbsp;<a href=\"https:\/\/www.rchv.lv\/web\/noderigi\/pretkorupcijas-plana-izpilde\">&hellip;<\/a>","protected":false},"author":1,"featured_media":0,"parent":3000,"menu_order":3,"comment_status":"closed","ping_status":"closed","template":"template-sidebar-right-childpages.php","meta":{"inline_featured_image":false,"footnotes":""},"class_list":["post-3432","page","type-page","status-publish","hentry","odd"],"_links":{"self":[{"href":"https:\/\/www.rchv.lv\/web\/wp-json\/wp\/v2\/pages\/3432","targetHints":{"allow":["GET"]}}],"collection":[{"href":"https:\/\/www.rchv.lv\/web\/wp-json\/wp\/v2\/pages"}],"about":[{"href":"https:\/\/www.rchv.lv\/web\/wp-json\/wp\/v2\/types\/page"}],"author":[{"embeddable":true,"href":"https:\/\/www.rchv.lv\/web\/wp-json\/wp\/v2\/users\/1"}],"replies":[{"embeddable":true,"href":"https:\/\/www.rchv.lv\/web\/wp-json\/wp\/v2\/comments?post=3432"}],"version-history":[{"count":37,"href":"https:\/\/www.rchv.lv\/web\/wp-json\/wp\/v2\/pages\/3432\/revisions"}],"predecessor-version":[{"id":13484,"href":"https:\/\/www.rchv.lv\/web\/wp-json\/wp\/v2\/pages\/3432\/revisions\/13484"}],"up":[{"embeddable":true,"href":"https:\/\/www.rchv.lv\/web\/wp-json\/wp\/v2\/pages\/3000"}],"wp:attachment":[{"href":"https:\/\/www.rchv.lv\/web\/wp-json\/wp\/v2\/media?parent=3432"}],"curies":[{"name":"wp","href":"https:\/\/api.w.org\/{rel}","templated":true}]}}