{"id":3435,"date":"2020-02-17T02:39:15","date_gmt":"2020-02-17T00:39:15","guid":{"rendered":"http:\/\/test2020.rchv.lv\/web\/?page_id=3435"},"modified":"2025-06-30T12:35:04","modified_gmt":"2025-06-30T10:35:04","slug":"publiskie-iepirkumi","status":"publish","type":"page","link":"https:\/\/www.rchv.lv\/web\/noderigi\/publiskie-iepirkumi","title":{"rendered":"Publiskie iepirkumi"},"content":{"rendered":"<div class=\"vc_row wpb_row vc_row-fluid\"><div class=\"wpb_column vc_column_container vc_col-sm-12\"><div class=\"vc_column-inner\"><div class=\"wpb_wrapper\"><h1 style=\"text-align: left\" class=\"vc_custom_heading vc_custom_1581899953969\" >Publiskie iepirkumi<\/h1><\/div><\/div><\/div><\/div><div class=\"vc_row wpb_row vc_row-fluid\"><div class=\"wpb_column vc_column_container vc_col-sm-12\"><div class=\"vc_column-inner\"><div class=\"wpb_wrapper\"><h3 style=\"text-align: left\" class=\"vc_custom_heading vc_custom_1751279664329\" >Zi\u0146ojums<\/h3>\n\t<div  class=\"wpb_single_image wpb_content_element vc_align_left\">\n\t\t\n\t\t<figure class=\"wpb_wrapper vc_figure\">\n\t\t\t<a href=\"https:\/\/www.rchv.lv\/web\/wp-content\/uploads\/2025\/06\/zinojums_2025.pdf\" target=\"_self\" class=\"vc_single_image-wrapper   vc_box_border_grey\"><img loading=\"lazy\" decoding=\"async\" class=\"vc_single_image-img \" src=\"https:\/\/www.rchv.lv\/web\/wp-content\/uploads\/2020\/02\/pdf-1-100x121.png\" width=\"100\" height=\"121\" alt=\"pdf\" title=\"pdf\" \/><\/a>\n\t\t<\/figure>\n\t<\/div>\n<\/div><\/div><\/div><\/div><div class=\"vc_row wpb_row vc_row-fluid\"><div class=\"wpb_column vc_column_container vc_col-sm-12\"><div class=\"vc_column-inner\"><div class=\"wpb_wrapper\"><h3 style=\"text-align: left\" class=\"vc_custom_heading vc_custom_1744721848270\" >Atbildes uz ieinteres\u0113t\u0101 pieg\u0101d\u0101t\u0101ja jaut\u0101jumiem 09.04.2025.<\/h3>\n\t<div  class=\"wpb_single_image wpb_content_element vc_align_left\">\n\t\t\n\t\t<figure class=\"wpb_wrapper vc_figure\">\n\t\t\t<a href=\"https:\/\/www.rchv.lv\/web\/wp-content\/uploads\/2025\/04\/Atbildes_uz_piegadataju_jautajumiem_2.pdf\" target=\"_self\" class=\"vc_single_image-wrapper   vc_box_border_grey\"><img loading=\"lazy\" decoding=\"async\" class=\"vc_single_image-img \" src=\"https:\/\/www.rchv.lv\/web\/wp-content\/uploads\/2020\/02\/pdf-1-100x121.png\" width=\"100\" height=\"121\" alt=\"pdf\" title=\"pdf\" \/><\/a>\n\t\t<\/figure>\n\t<\/div>\n<\/div><\/div><\/div><\/div><div class=\"vc_row wpb_row vc_row-fluid\"><div class=\"wpb_column vc_column_container vc_col-sm-12\"><div class=\"vc_column-inner\"><div class=\"wpb_wrapper\"><h3 style=\"text-align: left\" class=\"vc_custom_heading vc_custom_1743488979986\" >Atbildes uz ieinteres\u0113t\u0101 pieg\u0101d\u0101t\u0101ja jaut\u0101jumiem<\/h3>\n\t<div  class=\"wpb_single_image wpb_content_element vc_align_left\">\n\t\t\n\t\t<figure class=\"wpb_wrapper vc_figure\">\n\t\t\t<a href=\"https:\/\/www.rchv.lv\/web\/wp-content\/uploads\/2025\/04\/Atbildes-uz-ieintereseta-piegadataja-jautajumiem.pdf\" target=\"_self\" class=\"vc_single_image-wrapper   vc_box_border_grey\"><img loading=\"lazy\" decoding=\"async\" class=\"vc_single_image-img \" src=\"https:\/\/www.rchv.lv\/web\/wp-content\/uploads\/2020\/02\/pdf-1-100x121.png\" width=\"100\" height=\"121\" alt=\"pdf\" title=\"pdf\" \/><\/a>\n\t\t<\/figure>\n\t<\/div>\n<\/div><\/div><\/div><\/div><div class=\"vc_row wpb_row vc_row-fluid\"><div class=\"wpb_column vc_column_container vc_col-sm-12\"><div class=\"vc_column-inner\"><div class=\"wpb_wrapper\"><h3 style=\"text-align: left\" class=\"vc_custom_heading vc_custom_1740406251136\" >2025. gada iepirkumu pl\u0101ns<\/h3>\n\t<div  class=\"wpb_single_image wpb_content_element vc_align_left\">\n\t\t\n\t\t<figure class=\"wpb_wrapper vc_figure\">\n\t\t\t<a href=\"https:\/\/www.rchv.lv\/web\/wp-content\/uploads\/2025\/02\/0520_001.pdf\" target=\"_self\" class=\"vc_single_image-wrapper   vc_box_border_grey\"><img loading=\"lazy\" decoding=\"async\" class=\"vc_single_image-img \" src=\"https:\/\/www.rchv.lv\/web\/wp-content\/uploads\/2020\/02\/pdf-1-100x121.png\" width=\"100\" height=\"121\" alt=\"pdf\" title=\"pdf\" \/><\/a>\n\t\t<\/figure>\n\t<\/div>\n<\/div><\/div><\/div><\/div><div class=\"vc_row wpb_row vc_row-fluid\"><div class=\"wpb_column vc_column_container vc_col-sm-12\"><div class=\"vc_column-inner\"><div class=\"wpb_wrapper\"><h3 style=\"text-align: left\" class=\"vc_custom_heading vc_custom_1709212039080\" >2024. gada iepirkumu pl\u0101ns<\/h3>\n\t<div  class=\"wpb_single_image wpb_content_element vc_align_left\">\n\t\t\n\t\t<figure class=\"wpb_wrapper vc_figure\">\n\t\t\t<a href=\"https:\/\/www.rchv.lv\/web\/wp-content\/uploads\/2024\/02\/Iepirkumu-plans.pdf\" target=\"_self\" class=\"vc_single_image-wrapper   vc_box_border_grey\"><img loading=\"lazy\" decoding=\"async\" class=\"vc_single_image-img \" src=\"https:\/\/www.rchv.lv\/web\/wp-content\/uploads\/2020\/02\/pdf-1-100x121.png\" width=\"100\" height=\"121\" alt=\"pdf\" title=\"pdf\" \/><\/a>\n\t\t<\/figure>\n\t<\/div>\n<\/div><\/div><\/div><\/div><div class=\"vc_row wpb_row vc_row-fluid\"><div class=\"wpb_column vc_column_container vc_col-sm-12\"><div class=\"vc_column-inner\"><div class=\"wpb_wrapper\"><h3 style=\"text-align: left\" class=\"vc_custom_heading vc_custom_1649755086937\" >2022. gada iepirkumu pl\u0101ns<\/h3>\n\t<div  class=\"wpb_single_image wpb_content_element vc_align_left\">\n\t\t\n\t\t<figure class=\"wpb_wrapper vc_figure\">\n\t\t\t<a href=\"https:\/\/www.rchv.lv\/web\/wp-content\/uploads\/2022\/04\/File.pdf\" target=\"_self\" class=\"vc_single_image-wrapper   vc_box_border_grey\"><img loading=\"lazy\" decoding=\"async\" class=\"vc_single_image-img \" src=\"https:\/\/www.rchv.lv\/web\/wp-content\/uploads\/2020\/02\/pdf-1-100x121.png\" width=\"100\" height=\"121\" alt=\"pdf\" title=\"pdf\" \/><\/a>\n\t\t<\/figure>\n\t<\/div>\n<\/div><\/div><\/div><\/div><div class=\"vc_row wpb_row vc_row-fluid\"><div class=\"wpb_column vc_column_container vc_col-sm-12\"><div class=\"vc_column-inner\"><div class=\"wpb_wrapper\"><h4 style=\"text-align: left\" class=\"vc_custom_heading vc_custom_1585828483623\" >Pazi\u0146ojums!<\/h4><\/div><\/div><\/div><\/div><div class=\"vc_row wpb_row vc_row-fluid vc_custom_1501154357449 vc_column-gap-10\"><div class=\"wpb_column vc_column_container vc_col-sm-12\"><div class=\"vc_column-inner vc_custom_1490084518194\"><div class=\"wpb_wrapper\">\n\t<div class=\"wpb_text_column wpb_content_element  vc_custom_1582405390828\" >\n\t\t<div class=\"wpb_wrapper\">\n\t\t\t<p align=\"left\">02.01.2020. R\u012bgas Centra humanit\u0101r\u0101 vidusskola nosl\u0113dza nekustam\u0101 \u012bpa\u0161uma R\u012bg\u0101,Kri\u0161j\u0101\u0146a Barona iel\u0101 97A, R\u012bga, LV-1012\u00a0 (iznom\u0101jam\u0101 plat\u012bba 12m\u00b2), b\u016bves kadastra apz\u012bm\u0113jums\u00a001000272017001, \u00a0nomas l\u012bgumu ar SIA \u201cFristar\u201d, re\u0123istr\u0101cijas Nr.40003658252 , nomas maksa \u00a0&#8211; <strong>EUR 46.32 m\u0113nes\u012b<\/strong>, ar termi\u0146u l\u012bdz 31.08.2020.<\/p>\n\n\t\t<\/div>\n\t<\/div>\n<\/div><\/div><\/div><\/div>\n","protected":false},"excerpt":{"rendered":"Publiskie iepirkumiZi\u0146ojums Atbildes uz ieinteres\u0113t\u0101 pieg\u0101d\u0101t\u0101ja jaut\u0101jumiem 09.04.2025. Atbildes uz ieinteres\u0113t\u0101 pieg\u0101d\u0101t\u0101ja jaut\u0101jumiem 2025. gada iepirkumu pl\u0101ns 2024. gada iepirkumu&nbsp;<a href=\"https:\/\/www.rchv.lv\/web\/noderigi\/publiskie-iepirkumi\">&hellip;<\/a>","protected":false},"author":1,"featured_media":0,"parent":3000,"menu_order":4,"comment_status":"closed","ping_status":"closed","template":"template-sidebar-right-childpages.php","meta":{"inline_featured_image":false,"footnotes":""},"class_list":["post-3435","page","type-page","status-publish","hentry","odd"],"_links":{"self":[{"href":"https:\/\/www.rchv.lv\/web\/wp-json\/wp\/v2\/pages\/3435","targetHints":{"allow":["GET"]}}],"collection":[{"href":"https:\/\/www.rchv.lv\/web\/wp-json\/wp\/v2\/pages"}],"about":[{"href":"https:\/\/www.rchv.lv\/web\/wp-json\/wp\/v2\/types\/page"}],"author":[{"embeddable":true,"href":"https:\/\/www.rchv.lv\/web\/wp-json\/wp\/v2\/users\/1"}],"replies":[{"embeddable":true,"href":"https:\/\/www.rchv.lv\/web\/wp-json\/wp\/v2\/comments?post=3435"}],"version-history":[{"count":21,"href":"https:\/\/www.rchv.lv\/web\/wp-json\/wp\/v2\/pages\/3435\/revisions"}],"predecessor-version":[{"id":12696,"href":"https:\/\/www.rchv.lv\/web\/wp-json\/wp\/v2\/pages\/3435\/revisions\/12696"}],"up":[{"embeddable":true,"href":"https:\/\/www.rchv.lv\/web\/wp-json\/wp\/v2\/pages\/3000"}],"wp:attachment":[{"href":"https:\/\/www.rchv.lv\/web\/wp-json\/wp\/v2\/media?parent=3435"}],"curies":[{"name":"wp","href":"https:\/\/api.w.org\/{rel}","templated":true}]}}