{"id":5004,"date":"2020-03-03T14:58:39","date_gmt":"2020-03-03T12:58:39","guid":{"rendered":"http:\/\/test2020.rchv.lv\/web\/?page_id=5004"},"modified":"2024-09-17T08:40:22","modified_gmt":"2024-09-17T06:40:22","slug":"jaunumi","status":"publish","type":"page","link":"https:\/\/www.rchv.lv\/web\/atrodi\/jaunumi","title":{"rendered":"Jaunumi"},"content":{"rendered":"<div class=\"vc_row wpb_row vc_row-fluid vc_custom_1501152596112\"><div class=\"wpb_column vc_column_container vc_col-sm-12\"><div class=\"vc_column-inner vc_custom_1491469743240\"><div class=\"wpb_wrapper\"><h2 style=\"text-align: center\" class=\"vc_custom_heading\" >Par skol\u0113na ekarti 1., 5., 10. kla\u0161u skol\u0113niem<\/h2>\n\t<div  class=\"wpb_single_image wpb_content_element vc_align_left\">\n\t\t\n\t\t<figure class=\"wpb_wrapper vc_figure\">\n\t\t\t<div class=\"vc_single_image-wrapper   vc_box_border_grey\"><img loading=\"lazy\" decoding=\"async\" width=\"750\" height=\"613\" src=\"https:\/\/www.rchv.lv\/web\/wp-content\/uploads\/2022\/08\/Attels-750x613.png\" class=\"vc_single_image-img attachment-large\" alt=\"\" srcset=\"https:\/\/www.rchv.lv\/web\/wp-content\/uploads\/2022\/08\/Attels.png 750w, https:\/\/www.rchv.lv\/web\/wp-content\/uploads\/2022\/08\/Attels-300x245.png 300w, https:\/\/www.rchv.lv\/web\/wp-content\/uploads\/2022\/08\/Attels-15x12.png 15w\" sizes=\"auto, (max-width: 750px) 100vw, 750px\" \/><\/div>\n\t\t<\/figure>\n\t<\/div>\n\n\t<div class=\"wpb_text_column wpb_content_element \" >\n\t\t<div class=\"wpb_wrapper\">\n\t\t\t<p>\u201cR\u012bgas satiksme\u201d aicina R\u012bgas 1., 5., un 10. kla\u0161u skol\u0113nu, k\u0101 ar\u012b to skol\u0113nu, kuri maina m\u0101c\u012bbu iest\u0101di, vec\u0101kus noform\u0113t sava b\u0113rna \u201cSkol\u0113na karti\u201d port\u0101l\u0101 www.eriga.lv l\u012bdz 25. augustam. Ja \u201cSkol\u0113na karte\u201d port\u0101l\u0101 <a href=\"https:\/\/www.eriga.lv\/default.aspx\">www.eriga.lv<\/a> tiks noform\u0113ta l\u012bdz 25. augustam, to jau no 1. septembra var\u0113s sa\u0146emt izgl\u012bt\u012bbas iest\u0101d\u0113, kur\u0101 b\u0113rns m\u0101c\u0101s, lieki nedodoties uz k\u0101du no klientu apkalpo\u0161anas centriem.<br \/>\nAizpildot pieteikumu \u201cSkol\u0113na kartes\u201d izgatavo\u0161anai port\u0101l\u0101 www.eriga.lv, dati par skol\u0113nu un skolu, kur\u0101 b\u0113rns m\u0101c\u0101s, tiks atlas\u012bti autom\u0101tiski. Pieteikumam kl\u0101t j\u0101pievieno tikai skol\u0113na fotogr\u0101fija. Balstoties uz sa\u0146emto pieteikumu, \u201cR\u012bgas satiksme\u201d izgatavot\u0101s \u201cSkol\u0113nu kartes\u201d nog\u0101d\u0101s attiec\u012bgaj\u0101s skol\u0101s.<br \/>\n\u201cSkol\u0113na karte\u201d ir skol\u0113na apliec\u012bba R\u012bgas skol\u0113niem, kas nodro\u0161ina bezmaksas braucienus \u201cR\u012bgas satiksmes\u201d sabiedriskaj\u0101 transport\u0101. Karte ir j\u0101sa\u0146em visiem skol\u0113niem, kuri uzs\u0101k m\u0101c\u012bbas 1. klas\u0113. T\u0101s nomai\u0146a j\u0101veic, uzs\u0101kot m\u0101c\u012bbas 5. un 10. klas\u0113. Jauna \u201cSkol\u0113na karte\u201d j\u0101sa\u0146em tiem skol\u0113niem, kuri maina izgl\u012bt\u012bbas iest\u0101di vai kuriem main\u0101s personas dati.<br \/>\nPla\u0161\u0101ku inform\u0101ciju par \u201cR\u012bgas satiksmes\u201d pied\u0101v\u0101tajiem pakalpojumiem, mar\u0161rutu sarakstiem, bi\u013ce\u0161u veidiem un citiem jaunumiem var sa\u0146emt interneta m\u0101jas lap\u0101 <a href=\"https:\/\/www.rigassatiksme.lv\/lv\/\">www.rigassatiksme.lv<\/a> vai soci\u0101lajos t\u012bklos \u201etwitter\u201d, \u201efacebook\u201d.<\/p>\n<p>Inform\u0101cija IKSD t\u012bmek\u013cvietn\u0113 <a href=\"https:\/\/izglitiba.riga.lv\/lv\/izglitiba?target=news_item&amp;news_item=aicina-rigas-1-5-un-10-klasu-skolenu-vecakus-portala-wwwerigalv-pieteikties-skolena-kartei-9661\">Aicina R\u012bgas 1., 5., un 10. kla\u0161u skol\u0113nu vec\u0101kus port\u0101l\u0101 www.eriga.lv pieteikties \u201cSkol\u0113na kartei\u201d<\/a><\/p>\n\n\t\t<\/div>\n\t<\/div>\n<\/div><\/div><\/div><\/div><div class=\"vc_row wpb_row vc_row-fluid vc_custom_1501152596112\"><div class=\"wpb_column vc_column_container vc_col-sm-12\"><div class=\"vc_column-inner vc_custom_1491469743240\"><div class=\"wpb_wrapper\"><h1 style=\"text-align: left\" class=\"vc_custom_heading vc_custom_1583240380649\" >Jaunumi<\/h1><\/div><\/div><\/div><\/div><div class=\"vc_row wpb_row vc_row-fluid vc_custom_1583183596814\"><div class=\"wpb_column vc_column_container vc_col-sm-12\"><div class=\"vc_column-inner vc_custom_1491469743240\"><div class=\"wpb_wrapper\">\t\t<div class=\"linp-post-list  layout_2\">\n\t\t\t\t\t\t\t<div class=\"vc_row\">\n\t\t\t\t\t\t\t\t\t\t\t\t\t\t\t\t\t\t<div class=\"item one third\">\n\t<div class=\"inner-wrap\">\n\t\t\t\t<div class=\"data\">\n\t\t\t<h3>\n\t\t\t\t<a title=\"ZPD konferences laure\u0101ti!\"\n\t\t\t\t   href=\"https:\/\/www.rchv.lv\/web\/archives\/13444\">\n\t\t\t\t\tZPD konferences laure\u0101ti!\t\t\t\t<\/a>\n\t\t\t<\/h3>\n\n\t\t\t<div class=\"meta-data\">\n\t\t\t\t<div class=\"date\">\n\t\t\t\t\t\t\t\t\t\t\tmarts 11\t\t\t\t\t\t\t\t\t<\/div>\n\t\t\t\t\t\t\t\t\t\t\t<\/div>\n\t\t\t\n\t\t\t\t\t\t\t<div class=\"content\">\n\t\t\t\t\t\t\t\t\t\t<p><\/p>\n\t\t\t\t<\/div>\n\t\t\t\t\t\t\t\t<\/div>\n\t<\/div>\n<\/div>\t\t\t\t\t\t\n\t\t\t\t\t\t\t\t\t\t\t\t\t\t\t\t\t\t<div class=\"item one third\">\n\t<div class=\"inner-wrap\">\n\t\t\t\t<div class=\"data\">\n\t\t\t<h3>\n\t\t\t\t<a title=\"RCHV-140!\"\n\t\t\t\t   href=\"https:\/\/www.rchv.lv\/web\/archives\/13407\">\n\t\t\t\t\tRCHV-140!\t\t\t\t<\/a>\n\t\t\t<\/h3>\n\n\t\t\t<div class=\"meta-data\">\n\t\t\t\t<div class=\"date\">\n\t\t\t\t\t\t\t\t\t\t\tmarts 10\t\t\t\t\t\t\t\t\t<\/div>\n\t\t\t\t\t\t\t\t\t\t\t<\/div>\n\t\t\t\n\t\t\t\t\t\t\t<div class=\"content\">\n\t\t\t\t\t\t\t\t\t\t<p><\/p>\n\t\t\t\t<\/div>\n\t\t\t\t\t\t\t\t<\/div>\n\t<\/div>\n<\/div>\t\t\t\t\t\t\n\t\t\t\t\t\t\t\t\t\t\t\t\t\t\t\t\t\t<div class=\"item one third\">\n\t<div class=\"inner-wrap\">\n\t\t\t\t<div class=\"data\">\n\t\t\t<h3>\n\t\t\t\t<a title=\"\u0136\u012bmijas olimpi\u0101des laure\u0101ti\"\n\t\t\t\t   href=\"https:\/\/www.rchv.lv\/web\/archives\/13363\">\n\t\t\t\t\t\u0136\u012bmijas olimpi\u0101des laure\u0101ti\t\t\t\t<\/a>\n\t\t\t<\/h3>\n\n\t\t\t<div class=\"meta-data\">\n\t\t\t\t<div class=\"date\">\n\t\t\t\t\t\t\t\t\t\t\tfebru\u0101ris 23\t\t\t\t\t\t\t\t\t<\/div>\n\t\t\t\t\t\t\t\t\t\t\t<\/div>\n\t\t\t\n\t\t\t\t\t\t\t<div class=\"content\">\n\t\t\t\t\t\t\t\t\t\t<p><\/p>\n\t\t\t\t<\/div>\n\t\t\t\t\t\t\t\t<\/div>\n\t<\/div>\n<\/div>\t\t\t\t\t\t\n\t\t\t\t\t\t\t\t\t<\/div>\n\t\t\t\t\t\t\t<div class=\"vc_row\">\n\t\t\t\t\t\t\t\t\t\t\t\t\t\t\t\t\t\t<div class=\"item one third\">\n\t<div class=\"inner-wrap\">\n\t\t\t\t<div class=\"data\">\n\t\t\t<h3>\n\t\t\t\t<a title=\"R\u012bgas skol\u0113ns 2025\"\n\t\t\t\t   href=\"https:\/\/www.rchv.lv\/web\/archives\/13312\">\n\t\t\t\t\tR\u012bgas skol\u0113ns 2025\t\t\t\t<\/a>\n\t\t\t<\/h3>\n\n\t\t\t<div class=\"meta-data\">\n\t\t\t\t<div class=\"date\">\n\t\t\t\t\t\t\t\t\t\t\tfebru\u0101ris 05\t\t\t\t\t\t\t\t\t<\/div>\n\t\t\t\t\t\t\t\t\t\t\t<\/div>\n\t\t\t\n\t\t\t\t\t\t\t<div class=\"content\">\n\t\t\t\t\t\t\t\t\t\t<p>Kira Kate\u0161a Zadovska - R\u012bgas skol\u0113ns 2025. M\u0113s lepojamies! Nomin\u0101cija \"Par b\u016btisku ieguld\u012bjumu skolas att\u012bst\u012bb\u0101 un skolas t\u0113la populariz\u0113\u0161an\u0101\"<\/p>\n\t\t\t\t<\/div>\n\t\t\t\t\t\t\t\t<\/div>\n\t<\/div>\n<\/div>\t\t\t\t\t\t\n\t\t\t\t\t\t\t\t\t\t\t\t\t\t\t\t\t\t<div class=\"item one third\">\n\t<div class=\"inner-wrap\">\n\t\t\t\t<div class=\"data\">\n\t\t\t<h3>\n\t\t\t\t<a title=\"Konkurss Singlish\"\n\t\t\t\t   href=\"https:\/\/www.rchv.lv\/web\/archives\/13269\">\n\t\t\t\t\tKonkurss Singlish\t\t\t\t<\/a>\n\t\t\t<\/h3>\n\n\t\t\t<div class=\"meta-data\">\n\t\t\t\t<div class=\"date\">\n\t\t\t\t\t\t\t\t\t\t\tfebru\u0101ris 04\t\t\t\t\t\t\t\t\t<\/div>\n\t\t\t\t\t\t\t\t\t\t\t<\/div>\n\t\t\t\n\t\t\t\t\t\t\t<div class=\"content\">\n\t\t\t\t\t\t\t\t\t\t<p><\/p>\n\t\t\t\t<\/div>\n\t\t\t\t\t\t\t\t<\/div>\n\t<\/div>\n<\/div>\t\t\t\t\t\t\n\t\t\t\t\t\t\t\t\t\t\t\t\t\t\t\t\t\t<div class=\"item one third\">\n\t<div class=\"inner-wrap\">\n\t\t\t\t<div class=\"data\">\n\t\t\t<h3>\n\t\t\t\t<a title=\"TDK &quot;\u0136imen\u012bte&quot; aicina uz koncertu\"\n\t\t\t\t   href=\"https:\/\/www.rchv.lv\/web\/archives\/13218\">\n\t\t\t\t\tTDK &quot;\u0136imen\u012bte&quot; aicina uz koncertu\t\t\t\t<\/a>\n\t\t\t<\/h3>\n\n\t\t\t<div class=\"meta-data\">\n\t\t\t\t<div class=\"date\">\n\t\t\t\t\t\t\t\t\t\t\tjanv\u0101ris 13\t\t\t\t\t\t\t\t\t<\/div>\n\t\t\t\t\t\t\t\t\t\t\t<\/div>\n\t\t\t\n\t\t\t\t\t\t\t<div class=\"content\">\n\t\t\t\t\t\t\t\t\t\t<p><\/p>\n\t\t\t\t<\/div>\n\t\t\t\t\t\t\t\t<\/div>\n\t<\/div>\n<\/div>\t\t\t\t\t\t\n\t\t\t\t\t\t\t\t\t<\/div>\n\t\t\t\t\t\t\t<div class=\"vc_row\">\n\t\t\t\t\t\t\t\t\t\t\t\t\t\t\t\t\t\t<div class=\"item one third\">\n\t<div class=\"inner-wrap\">\n\t\t\t\t<div class=\"data\">\n\t\t\t<h3>\n\t\t\t\t<a title=\"RCHV Kustiv\u0101ls\"\n\t\t\t\t   href=\"https:\/\/www.rchv.lv\/web\/archives\/13209\">\n\t\t\t\t\tRCHV Kustiv\u0101ls\t\t\t\t<\/a>\n\t\t\t<\/h3>\n\n\t\t\t<div class=\"meta-data\">\n\t\t\t\t<div class=\"date\">\n\t\t\t\t\t\t\t\t\t\t\tjanv\u0101ris 09\t\t\t\t\t\t\t\t\t<\/div>\n\t\t\t\t\t\t\t\t\t\t\t<\/div>\n\t\t\t\n\t\t\t\t\t\t\t<div class=\"content\">\n\t\t\t\t\t\t\t\t\t\t<p><\/p>\n\t\t\t\t<\/div>\n\t\t\t\t\t\t\t\t<\/div>\n\t<\/div>\n<\/div>\t\t\t\t\t\t\n\t\t\t\t\t\t\t\t\t\t\t\t\t\t\t\t\t\t<div class=\"item one third\">\n\t<div class=\"inner-wrap\">\n\t\t\t\t<div class=\"data\">\n\t\t\t<h3>\n\t\t\t\t<a title=\"Starptautiskais ang\u013cu valodas konkurss BEST IN ENGLISH\"\n\t\t\t\t   href=\"https:\/\/www.rchv.lv\/web\/archives\/13199\">\n\t\t\t\t\tStarptautiskais ang\u013cu valodas konkurss BEST IN ENGLISH\t\t\t\t<\/a>\n\t\t\t<\/h3>\n\n\t\t\t<div class=\"meta-data\">\n\t\t\t\t<div class=\"date\">\n\t\t\t\t\t\t\t\t\t\t\tjanv\u0101ris 06\t\t\t\t\t\t\t\t\t<\/div>\n\t\t\t\t\t\t\t\t\t\t\t<\/div>\n\t\t\t\n\t\t\t\t\t\t\t<div class=\"content\">\n\t\t\t\t\t\t\t\t\t\t<p><\/p>\n\t\t\t\t<\/div>\n\t\t\t\t\t\t\t\t<\/div>\n\t<\/div>\n<\/div>\t\t\t\t\t\t\n\t\t\t\t\t\t\t\t\t\t\t\t\t\t\t\t\t\t<div class=\"item one third\">\n\t<div class=\"inner-wrap\">\n\t\t\t\t<div class=\"data\">\n\t\t\t<h3>\n\t\t\t\t<a title=\"Atkl\u0101t\u0101 \u0123eogr\u0101fijas olimpi\u0101de\"\n\t\t\t\t   href=\"https:\/\/www.rchv.lv\/web\/archives\/13194\">\n\t\t\t\t\tAtkl\u0101t\u0101 \u0123eogr\u0101fijas olimpi\u0101de\t\t\t\t<\/a>\n\t\t\t<\/h3>\n\n\t\t\t<div class=\"meta-data\">\n\t\t\t\t<div class=\"date\">\n\t\t\t\t\t\t\t\t\t\t\tdecembris 23\t\t\t\t\t\t\t\t\t<\/div>\n\t\t\t\t\t\t\t\t\t\t\t<\/div>\n\t\t\t\n\t\t\t\t\t\t\t<div class=\"content\">\n\t\t\t\t\t\t\t\t\t\t<p><\/p>\n\t\t\t\t<\/div>\n\t\t\t\t\t\t\t\t<\/div>\n\t<\/div>\n<\/div>\t\t\t\t\t\t\n\t\t\t\t\t\t\t\t\t<\/div>\n\t\t\t\t\t\t\t<div class=\"vc_row\">\n\t\t\t\t\t\t\t\t\t\t\t\t\t\t\t\t\t\t<div class=\"item one third\">\n\t<div class=\"inner-wrap\">\n\t\t\t\t<div class=\"data\">\n\t\t\t<h3>\n\t\t\t\t<a title=\"Un atkal visi esam kop\u0101!\"\n\t\t\t\t   href=\"https:\/\/www.rchv.lv\/web\/archives\/13186\">\n\t\t\t\t\tUn atkal visi esam kop\u0101!\t\t\t\t<\/a>\n\t\t\t<\/h3>\n\n\t\t\t<div class=\"meta-data\">\n\t\t\t\t<div class=\"date\">\n\t\t\t\t\t\t\t\t\t\t\tdecembris 16\t\t\t\t\t\t\t\t\t<\/div>\n\t\t\t\t\t\t\t\t\t\t\t<\/div>\n\t\t\t\n\t\t\t\t\t\t\t<div class=\"content\">\n\t\t\t\t\t\t\t\t\t\t<p><\/p>\n\t\t\t\t<\/div>\n\t\t\t\t\t\t\t\t<\/div>\n\t<\/div>\n<\/div>\t\t\t\t\t\t\n\t\t\t\t\t\t\t\t\t\t\t\t\t\t\t\t\t\t<div class=\"item one third\">\n\t<div class=\"inner-wrap\">\n\t\t\t\t<div class=\"data\">\n\t\t\t<h3>\n\t\t\t\t<a title=\"Ziemassv\u0113tku koncerti 10. un 15. decembr\u012b\"\n\t\t\t\t   href=\"https:\/\/www.rchv.lv\/web\/archives\/13138\">\n\t\t\t\t\tZiemassv\u0113tku koncerti 10. un 15. decembr\u012b\t\t\t\t<\/a>\n\t\t\t<\/h3>\n\n\t\t\t<div class=\"meta-data\">\n\t\t\t\t<div class=\"date\">\n\t\t\t\t\t\t\t\t\t\t\tdecembris 03\t\t\t\t\t\t\t\t\t<\/div>\n\t\t\t\t\t\t\t\t\t\t\t<\/div>\n\t\t\t\n\t\t\t\t\t\t\t<div class=\"content\">\n\t\t\t\t\t\t\t\t\t\t<p>Kori \"R\u012bts\", \"Junda\", \"Rasi\u0146a\" un \"Rasa\" aicina visiem kop\u0101 sagaid\u012bt Ziemassv\u0113tkus!<\/p>\n\t\t\t\t<\/div>\n\t\t\t\t\t\t\t\t<\/div>\n\t<\/div>\n<\/div>\t\t\t\t\t\t\n\t\t\t\t\t\t\t\t\t\t\t\t\t\t\t\t\t\t<div class=\"item one third\">\n\t<div class=\"inner-wrap\">\n\t\t\t\t<div class=\"data\">\n\t\t\t<h3>\n\t\t\t\t<a title=\"Deba\u0161u turn\u012brs R\u012bgas Ang\u013cu \u0123imn\u0101zij\u0101\"\n\t\t\t\t   href=\"https:\/\/www.rchv.lv\/web\/archives\/13131\">\n\t\t\t\t\tDeba\u0161u turn\u012brs R\u012bgas Ang\u013cu \u0123imn\u0101zij\u0101\t\t\t\t<\/a>\n\t\t\t<\/h3>\n\n\t\t\t<div class=\"meta-data\">\n\t\t\t\t<div class=\"date\">\n\t\t\t\t\t\t\t\t\t\t\tdecembris 03\t\t\t\t\t\t\t\t\t<\/div>\n\t\t\t\t\t\t\t\t\t\t\t<\/div>\n\t\t\t\n\t\t\t\t\t\t\t<div class=\"content\">\n\t\t\t\t\t\t\t\t\t\t<p>3.decembr\u012b Deba\u0161u kluba dal\u012bbnieki piedal\u012bj\u0101s starpskolu turn\u012bra 2. k\u0101rt\u0101, kas norisin\u0101j\u0101s R\u012bgas Ang\u013cu \u0123imn\u0101zij\u0101. Jaunie\u0161i akt\u012bvi debat\u0113ja par aktu\u0101l\u0101m t\u0113m\u0101m, pilnveidojot savas argument\u0101cijas un kritisk\u0101s dom\u0101\u0161anas prasmes. \u012apa\u0161i priec\u0101jamies par komandu \u201cPoint Taken\u201d, kas izc\u012bn\u012bja&hellip;<\/p>\n\t\t\t\t<\/div>\n\t\t\t\t\t\t\t\t<\/div>\n\t<\/div>\n<\/div>\t\t\t\t\t\t\n\t\t\t\t\t\t\t\t\t<\/div>\n\t\t\t\t\t\t\t\t<\/div>\n\t\t<\/div><\/div><\/div><\/div>\n","protected":false},"excerpt":{"rendered":"Par skol\u0113na ekarti 1., 5., 10. kla\u0161u skol\u0113niem \u201cR\u012bgas satiksme\u201d aicina R\u012bgas 1., 5., un 10. kla\u0161u skol\u0113nu, k\u0101 ar\u012b&nbsp;<a href=\"https:\/\/www.rchv.lv\/web\/atrodi\/jaunumi\">&hellip;<\/a>","protected":false},"author":4,"featured_media":0,"parent":2734,"menu_order":0,"comment_status":"closed","ping_status":"closed","template":"template-sidebar-right-childpages.php","meta":{"inline_featured_image":false,"footnotes":""},"class_list":["post-5004","page","type-page","status-publish","hentry","odd"],"_links":{"self":[{"href":"https:\/\/www.rchv.lv\/web\/wp-json\/wp\/v2\/pages\/5004","targetHints":{"allow":["GET"]}}],"collection":[{"href":"https:\/\/www.rchv.lv\/web\/wp-json\/wp\/v2\/pages"}],"about":[{"href":"https:\/\/www.rchv.lv\/web\/wp-json\/wp\/v2\/types\/page"}],"author":[{"embeddable":true,"href":"https:\/\/www.rchv.lv\/web\/wp-json\/wp\/v2\/users\/4"}],"replies":[{"embeddable":true,"href":"https:\/\/www.rchv.lv\/web\/wp-json\/wp\/v2\/comments?post=5004"}],"version-history":[{"count":20,"href":"https:\/\/www.rchv.lv\/web\/wp-json\/wp\/v2\/pages\/5004\/revisions"}],"predecessor-version":[{"id":11713,"href":"https:\/\/www.rchv.lv\/web\/wp-json\/wp\/v2\/pages\/5004\/revisions\/11713"}],"up":[{"embeddable":true,"href":"https:\/\/www.rchv.lv\/web\/wp-json\/wp\/v2\/pages\/2734"}],"wp:attachment":[{"href":"https:\/\/www.rchv.lv\/web\/wp-json\/wp\/v2\/media?parent=5004"}],"curies":[{"name":"wp","href":"https:\/\/api.w.org\/{rel}","templated":true}]}}