{"id":5209,"date":"2020-03-04T17:23:17","date_gmt":"2020-03-04T15:23:17","guid":{"rendered":"http:\/\/test2020.rchv.lv\/web\/?page_id=5209"},"modified":"2020-10-16T07:22:33","modified_gmt":"2020-10-16T05:22:33","slug":"pasakumi_","status":"publish","type":"page","link":"https:\/\/www.rchv.lv\/web\/pasakumi_","title":{"rendered":"Pas\u0101kumi"},"content":{"rendered":"<div class=\"vc_row wpb_row vc_row-fluid\"><div class=\"wpb_column vc_column_container vc_col-sm-6\"><div class=\"vc_column-inner\"><div class=\"wpb_wrapper\"><h2 style=\"text-align: left\" class=\"vc_custom_heading\" >Ska\u0146u un ritma pasaule<\/h2>\n\t<div class=\"wpb_text_column wpb_content_element \" >\n\t\t<div class=\"wpb_wrapper\">\n\t\t\t<h4 style=\"text-align: center;\">Nila \u012ales m\u016bzikas studija<\/h4>\n<h4 style=\"text-align: center;\">programm\u0101 \u201eLatvijas skolas soma\u201d<\/h4>\n<h4 style=\"text-align: center;\">aizved m\u016bsu 5. kla\u0161u skol\u0113nus<\/h4>\n<h4 style=\"text-align: center;\">ritma un ska\u0146u pasaul\u0113!<\/h4>\n\n\t\t<\/div>\n\t<\/div>\n<\/div><\/div><\/div><div class=\"wpb_column vc_column_container vc_col-sm-6\"><div class=\"vc_column-inner\"><div class=\"wpb_wrapper\"><div class=\"wpb_gallery wpb_content_element vc_clearfix\" ><div class=\"wpb_wrapper\"><div class=\"wpb_gallery_slides wpb_flexslider flexslider_fade flexslider\" data-interval=\"3\" data-flex_fx=\"fade\"><ul class=\"slides\"><li><a class=\"prettyphoto\" href=\"\" data-rel=\"prettyPhoto[rel-5209-2349860799]\"><\/a><\/li><li><a class=\"prettyphoto\" href=\"\" data-rel=\"prettyPhoto[rel-5209-2349860799]\"><\/a><\/li><li><a class=\"prettyphoto\" href=\"\" data-rel=\"prettyPhoto[rel-5209-2349860799]\"><\/a><\/li><\/ul><\/div><\/div><\/div><\/div><\/div><\/div><\/div>\n","protected":false},"excerpt":{"rendered":"Ska\u0146u un ritma pasaule Nila \u012ales m\u016bzikas studija programm\u0101 \u201eLatvijas skolas soma\u201d aizved m\u016bsu 5. kla\u0161u skol\u0113nus ritma un ska\u0146u&nbsp;<a href=\"https:\/\/www.rchv.lv\/web\/pasakumi_\">&hellip;<\/a>","protected":false},"author":4,"featured_media":0,"parent":0,"menu_order":0,"comment_status":"closed","ping_status":"closed","template":"","meta":{"inline_featured_image":false,"footnotes":""},"class_list":["post-5209","page","type-page","status-publish","hentry","odd"],"_links":{"self":[{"href":"https:\/\/www.rchv.lv\/web\/wp-json\/wp\/v2\/pages\/5209","targetHints":{"allow":["GET"]}}],"collection":[{"href":"https:\/\/www.rchv.lv\/web\/wp-json\/wp\/v2\/pages"}],"about":[{"href":"https:\/\/www.rchv.lv\/web\/wp-json\/wp\/v2\/types\/page"}],"author":[{"embeddable":true,"href":"https:\/\/www.rchv.lv\/web\/wp-json\/wp\/v2\/users\/4"}],"replies":[{"embeddable":true,"href":"https:\/\/www.rchv.lv\/web\/wp-json\/wp\/v2\/comments?post=5209"}],"version-history":[{"count":5,"href":"https:\/\/www.rchv.lv\/web\/wp-json\/wp\/v2\/pages\/5209\/revisions"}],"predecessor-version":[{"id":6195,"href":"https:\/\/www.rchv.lv\/web\/wp-json\/wp\/v2\/pages\/5209\/revisions\/6195"}],"wp:attachment":[{"href":"https:\/\/www.rchv.lv\/web\/wp-json\/wp\/v2\/media?parent=5209"}],"curies":[{"name":"wp","href":"https:\/\/api.w.org\/{rel}","templated":true}]}}