{"id":6336,"date":"2021-01-19T12:18:06","date_gmt":"2021-01-19T10:18:06","guid":{"rendered":"https:\/\/www.rchv.lv\/web\/?page_id=6336"},"modified":"2025-10-01T18:44:29","modified_gmt":"2025-10-01T16:44:29","slug":"biblioteka","status":"publish","type":"page","link":"https:\/\/www.rchv.lv\/web\/informacija\/biblioteka","title":{"rendered":"Bibliot\u0113ka"},"content":{"rendered":"<div class=\"vc_row wpb_row vc_row-fluid\"><div class=\"wpb_column vc_column_container vc_col-sm-12\"><div class=\"vc_column-inner\"><div class=\"wpb_wrapper\"><h1 style=\"text-align: left\" class=\"vc_custom_heading vc_custom_1611051996698\" >Bibliot\u0113ka<\/h1><h4 style=\"color: #000000;text-align: left\" class=\"vc_custom_heading\" ><\/h4><\/div><\/div><\/div><\/div><div class=\"vc_row wpb_row vc_row-fluid\"><div class=\"wpb_column vc_column_container vc_col-sm-12\"><div class=\"vc_column-inner\"><div class=\"wpb_wrapper\"><h4 style=\"text-align: left\" class=\"vc_custom_heading vc_custom_1759337035700\" > Skolas jubilejas gad\u0101, lepojamies ar skolas absolventiem! Bibliot\u0113k\u0101 ir apskat\u0101mas un izlas\u0101mas m\u016bsu skolu absolventu sarakst\u012btas gr\u0101matas.<\/h4>\n\t<div  class=\"wpb_single_image wpb_content_element vc_align_left\">\n\t\t\n\t\t<figure class=\"wpb_wrapper vc_figure\">\n\t\t\t<div class=\"vc_single_image-wrapper   vc_box_border_grey\"><img loading=\"lazy\" decoding=\"async\" width=\"1024\" height=\"724\" src=\"https:\/\/www.rchv.lv\/web\/wp-content\/uploads\/2025\/10\/140-1024x724.jpg\" class=\"vc_single_image-img attachment-large\" alt=\"\" srcset=\"https:\/\/www.rchv.lv\/web\/wp-content\/uploads\/2025\/10\/140-1024x724.jpg 1024w, https:\/\/www.rchv.lv\/web\/wp-content\/uploads\/2025\/10\/140-300x212.jpg 300w, https:\/\/www.rchv.lv\/web\/wp-content\/uploads\/2025\/10\/140-18x12.jpg 18w\" sizes=\"auto, (max-width: 1024px) 100vw, 1024px\" \/><\/div>\n\t\t<\/figure>\n\t<\/div>\n<\/div><\/div><\/div><\/div><div class=\"vc_row wpb_row vc_row-fluid\"><div class=\"wpb_column vc_column_container vc_col-sm-6\"><div class=\"vc_column-inner\"><div class=\"wpb_wrapper\"><h4 style=\"text-align: left\" class=\"vc_custom_heading vc_custom_1611052752653\" >Bibliotek\u0101ri<\/h4><\/div><\/div><\/div><div class=\"wpb_column vc_column_container vc_col-sm-6\"><div class=\"vc_column-inner\"><div class=\"wpb_wrapper\">\n\t<div class=\"wpb_text_column wpb_content_element  vc_custom_1759336434229\" >\n\t\t<div class=\"wpb_wrapper\">\n\t\t\t<p>1.- 4. klas\u0113m Sanita Salmane<\/p>\n<p>5. &#8211; 12. klas\u0113m Vineta Barvi\u0137e, L\u012bga S\u0113j\u0113ja<\/p>\n\n\t\t<\/div>\n\t<\/div>\n<\/div><\/div><\/div><\/div><div class=\"vc_row wpb_row vc_row-fluid\"><div class=\"wpb_column vc_column_container vc_col-sm-6\"><div class=\"vc_column-inner\"><div class=\"wpb_wrapper\"><h4 style=\"text-align: left\" class=\"vc_custom_heading vc_custom_1611052840363\" >Bibliot\u0113kas elektroniskais katalogs:<\/h4><\/div><\/div><\/div><div class=\"wpb_column vc_column_container vc_col-sm-6\"><div class=\"vc_column-inner\"><div class=\"wpb_wrapper\">\n\t<div class=\"wpb_text_column wpb_content_element  vc_custom_1611052728840\" >\n\t\t<div class=\"wpb_wrapper\">\n\t\t\t<p><a href=\"https:\/\/skolas.rcb.lv\/Alise\/lv\/11\/home.aspx\">https:\/\/skolas.rcb.lv\/Alise\/lv\/11\/home.aspx<\/a><\/p>\n\n\t\t<\/div>\n\t<\/div>\n<\/div><\/div><\/div><\/div><div class=\"vc_row wpb_row vc_row-fluid\"><div class=\"wpb_column vc_column_container vc_col-sm-6\"><div class=\"vc_column-inner\"><div class=\"wpb_wrapper\"><h4 style=\"text-align: left\" class=\"vc_custom_heading vc_custom_1611052862696\" >Abon\u0113tie izdevumi:<\/h4><\/div><\/div><\/div><div class=\"wpb_column vc_column_container vc_col-sm-6\"><div class=\"vc_column-inner\"><div class=\"wpb_wrapper\">\n\t<div class=\"wpb_text_column wpb_content_element  vc_custom_1664433858459\" >\n\t\t<div class=\"wpb_wrapper\">\n\t\t\t<p>\u201cIeva\u201d<\/p>\n<p>\u201cIlustr\u0113t\u0101 Junioriem\u201d<\/p>\n<p>\u201cAvene\u201d<\/p>\n<p>\u201cK\u016bmi\u0146\u0161\u201d<\/p>\n<p>\u201cIR\u201d<\/p>\n<p>\u201cIlustr\u0113t\u0101 Pasaules V\u0113sture\u201d<\/p>\n<p>&#8220;Praktiskie rokdarbi&#8221;<\/p>\n<p>&#8220;Annas psiholo\u0123ija&#8221;<\/p>\n<p>Lielais detekt\u012bvs&#8221;<\/p>\n<p>&#8220;Kult\u016brz\u012bmes&#8221;<\/p>\n<p>&#8220;Deko&#8221;<\/p>\n<p>&#8220;Le\u0123endas&#8221;<\/p>\n<p>&#8220;Skola un \u0123imene&#8221;<\/p>\n<p>&#8220;GEO&#8221;<\/p>\n<p>elektroniski \u2013 &#8220;Skolas v\u0101rds&#8221;<\/p>\n\n\t\t<\/div>\n\t<\/div>\n<\/div><\/div><\/div><\/div><div class=\"vc_row wpb_row vc_row-fluid\"><div class=\"wpb_column vc_column_container vc_col-sm-12\"><div class=\"vc_column-inner\"><div class=\"wpb_wrapper\"><div class=\"vc_empty_space\"   style=\"height: 32px\"><span class=\"vc_empty_space_inner\"><\/span><\/div><\/div><\/div><\/div><\/div><div class=\"vc_row wpb_row vc_row-fluid\"><div class=\"wpb_column vc_column_container vc_col-sm-6\"><div class=\"vc_column-inner\"><div class=\"wpb_wrapper\"><h2 style=\"text-align: center\" class=\"vc_custom_heading\" ><a href=\"https:\/\/www.lnb.lv\/sites\/default\/files\/media\/bibliotekariem\/bernu-un-jauniesu-zurija\/lasi_atbalsti_iesaisties_satura_vadlinijas_2021.pdf\">Lasi! Atbalsti! Iesaisties!<\/a><\/h2>\n\t<div class=\"wpb_text_column wpb_content_element \" >\n\t\t<div class=\"wpb_wrapper\">\n\t\t\t<p>Turpin\u0101s B\u0113rnu, jaunie\u0161u un vec\u0101ku \u017e\u016brijas 2021 kolekcijas gr\u0101matu las\u012b\u0161ana.<\/p>\n<p><strong>K\u013c\u016bsti par \u017e\u016brijas ekspertu ar\u012b Tu!<\/strong><\/p>\n<p>Gr\u0101matas jaut\u0101jiet skolas bibliot\u0113k\u0101!<\/p>\n\n\t\t<\/div>\n\t<\/div>\n<\/div><\/div><\/div><div class=\"wpb_column vc_column_container vc_col-sm-6\"><div class=\"vc_column-inner\"><div class=\"wpb_wrapper\">\n\t<div  class=\"wpb_single_image wpb_content_element vc_align_left\">\n\t\t\n\t\t<figure class=\"wpb_wrapper vc_figure\">\n\t\t\t<div class=\"vc_single_image-wrapper   vc_box_border_grey\"><img loading=\"lazy\" decoding=\"async\" width=\"629\" height=\"1024\" src=\"https:\/\/www.rchv.lv\/web\/wp-content\/uploads\/2025\/10\/BVJZ-2025-plakats-629x1024.jpg\" class=\"vc_single_image-img attachment-large\" alt=\"\" srcset=\"https:\/\/www.rchv.lv\/web\/wp-content\/uploads\/2025\/10\/BVJZ-2025-plakats-629x1024.jpg 629w, https:\/\/www.rchv.lv\/web\/wp-content\/uploads\/2025\/10\/BVJZ-2025-plakats-184x300.jpg 184w, https:\/\/www.rchv.lv\/web\/wp-content\/uploads\/2025\/10\/BVJZ-2025-plakats-7x12.jpg 7w, https:\/\/www.rchv.lv\/web\/wp-content\/uploads\/2025\/10\/BVJZ-2025-plakats.jpg 1208w\" sizes=\"auto, (max-width: 629px) 100vw, 629px\" \/><\/div>\n\t\t<\/figure>\n\t<\/div>\n<\/div><\/div><\/div><\/div><div class=\"vc_row wpb_row vc_row-fluid\"><div class=\"wpb_column vc_column_container vc_col-sm-12\"><div class=\"vc_column-inner\"><div class=\"wpb_wrapper\">\n\t<div  class=\"wpb_single_image wpb_content_element vc_align_center\">\n\t\t\n\t\t<figure class=\"wpb_wrapper vc_figure\">\n\t\t\t<div class=\"vc_single_image-wrapper   vc_box_border_grey\"><img loading=\"lazy\" decoding=\"async\" width=\"794\" height=\"901\" src=\"https:\/\/www.rchv.lv\/web\/wp-content\/uploads\/2021\/01\/literature-794x901.png\" class=\"vc_single_image-img attachment-large\" alt=\"\" srcset=\"https:\/\/www.rchv.lv\/web\/wp-content\/uploads\/2021\/01\/literature.png 794w, https:\/\/www.rchv.lv\/web\/wp-content\/uploads\/2021\/01\/literature-264x300.png 264w, https:\/\/www.rchv.lv\/web\/wp-content\/uploads\/2021\/01\/literature-11x12.png 11w\" sizes=\"auto, (max-width: 794px) 100vw, 794px\" \/><\/div>\n\t\t<\/figure>\n\t<\/div>\n<\/div><\/div><\/div><\/div><div class=\"vc_row wpb_row vc_row-fluid\"><div class=\"wpb_column vc_column_container vc_col-sm-12\"><div class=\"vc_column-inner\"><div class=\"wpb_wrapper\"><div class=\"vc_empty_space\"   style=\"height: 32px\"><span class=\"vc_empty_space_inner\"><\/span><\/div><\/div><\/div><\/div><\/div><div class=\"vc_row wpb_row vc_row-fluid\"><div class=\"wpb_column vc_column_container vc_col-sm-12\"><div class=\"vc_column-inner\"><div class=\"wpb_wrapper\"><h2 style=\"text-align: center\" class=\"vc_custom_heading\" >Literat\u016bras ce\u013cvedis<\/h2>\n\t<div class=\"wpb_text_column wpb_content_element \" >\n\t\t<div class=\"wpb_wrapper\">\n\t\t\t<p>Latvijas Nacion\u0101l\u0101 bibliot\u0113ka aicina noklaus\u012bties izdevuma <strong>&#8220;Literat\u016bras ce\u013cvedis&#8221; <\/strong>klaus\u0101mepizodes, ko izlases veid\u0101 ieska\u0146oju\u0161i LNB darbinieki:<\/p>\n<p><a href=\"https:\/\/soundcloud.com\/nacionala-biblioteka\/sets\/literat-ras-ce-vedis\">https:\/\/soundcloud.com\/nacionala-biblioteka\/sets\/literat-ras-ce-vedis<\/a><\/p>\n\n\t\t<\/div>\n\t<\/div>\n<\/div><\/div><\/div><\/div><div class=\"vc_row wpb_row vc_row-fluid\"><div class=\"wpb_column vc_column_container vc_col-sm-12\"><div class=\"vc_column-inner\"><div class=\"wpb_wrapper\"><div class=\"vc_empty_space\"   style=\"height: 32px\"><span class=\"vc_empty_space_inner\"><\/span><\/div><\/div><\/div><\/div><\/div><div class=\"vc_row wpb_row vc_row-fluid\"><div class=\"wpb_column vc_column_container vc_col-sm-12\"><div class=\"vc_column-inner\"><div class=\"wpb_wrapper\"><h2 style=\"text-align: center\" class=\"vc_custom_heading\" >B\u0113rnu, jaunie\u0161u un vec\u0101ku \u017e\u016brija<\/h2><\/div><\/div><\/div><\/div><div class=\"vc_row wpb_row vc_row-fluid\"><div class=\"wpb_column vc_column_container vc_col-sm-12\"><div class=\"vc_column-inner\"><div class=\"wpb_wrapper\">\n\t<div  class=\"wpb_single_image wpb_content_element vc_align_left\">\n\t\t\n\t\t<figure class=\"wpb_wrapper vc_figure\">\n\t\t\t<a href=\"https:\/\/www.rchv.lv\/web\/wp-content\/uploads\/2021\/01\/2020_plakats-691x1024.jpg\" target=\"_self\" class=\"vc_single_image-wrapper   vc_box_border_grey\"><img loading=\"lazy\" decoding=\"async\" width=\"691\" height=\"1024\" src=\"https:\/\/www.rchv.lv\/web\/wp-content\/uploads\/2021\/01\/2020_plakats-691x1024.jpg\" class=\"vc_single_image-img attachment-large\" alt=\"\" srcset=\"https:\/\/www.rchv.lv\/web\/wp-content\/uploads\/2021\/01\/2020_plakats.jpg 691w, https:\/\/www.rchv.lv\/web\/wp-content\/uploads\/2021\/01\/2020_plakats-202x300.jpg 202w, https:\/\/www.rchv.lv\/web\/wp-content\/uploads\/2021\/01\/2020_plakats-8x12.jpg 8w\" sizes=\"auto, (max-width: 691px) 100vw, 691px\" \/><\/a>\n\t\t<\/figure>\n\t<\/div>\n\n\t<div  class=\"wpb_single_image wpb_content_element vc_align_left\">\n\t\t\n\t\t<figure class=\"wpb_wrapper vc_figure\">\n\t\t\t<a href=\"https:\/\/www.rchv.lv\/web\/wp-content\/uploads\/2021\/01\/2020_plakats_gramatas-724x1024.jpg\" target=\"_self\" class=\"vc_single_image-wrapper   vc_box_border_grey\"><img loading=\"lazy\" decoding=\"async\" width=\"724\" height=\"1024\" src=\"https:\/\/www.rchv.lv\/web\/wp-content\/uploads\/2021\/01\/2020_plakats_gramatas-724x1024.jpg\" class=\"vc_single_image-img attachment-large\" alt=\"\" srcset=\"https:\/\/www.rchv.lv\/web\/wp-content\/uploads\/2021\/01\/2020_plakats_gramatas.jpg 724w, https:\/\/www.rchv.lv\/web\/wp-content\/uploads\/2021\/01\/2020_plakats_gramatas-212x300.jpg 212w, https:\/\/www.rchv.lv\/web\/wp-content\/uploads\/2021\/01\/2020_plakats_gramatas-8x12.jpg 8w\" sizes=\"auto, (max-width: 724px) 100vw, 724px\" \/><\/a>\n\t\t<\/figure>\n\t<\/div>\n\n\t<div  class=\"wpb_single_image wpb_content_element vc_align_left\">\n\t\t\n\t\t<figure class=\"wpb_wrapper vc_figure\">\n\t\t\t<a href=\"https:\/\/www.rchv.lv\/web\/wp-content\/uploads\/2025\/10\/3zurija-814x238.jpg\" target=\"_self\" class=\"vc_single_image-wrapper   vc_box_border_grey\"><img loading=\"lazy\" decoding=\"async\" width=\"814\" height=\"238\" src=\"https:\/\/www.rchv.lv\/web\/wp-content\/uploads\/2025\/10\/3zurija-814x238.jpg\" class=\"vc_single_image-img attachment-large\" alt=\"\" srcset=\"https:\/\/www.rchv.lv\/web\/wp-content\/uploads\/2025\/10\/3zurija.jpg 814w, https:\/\/www.rchv.lv\/web\/wp-content\/uploads\/2025\/10\/3zurija-300x88.jpg 300w, https:\/\/www.rchv.lv\/web\/wp-content\/uploads\/2025\/10\/3zurija-18x5.jpg 18w\" sizes=\"auto, (max-width: 814px) 100vw, 814px\" \/><\/a>\n\t\t<\/figure>\n\t<\/div>\n\n\t<div  class=\"wpb_single_image wpb_content_element vc_align_left\">\n\t\t\n\t\t<figure class=\"wpb_wrapper vc_figure\">\n\t\t\t<a href=\"https:\/\/www.rchv.lv\/web\/wp-content\/uploads\/2025\/10\/4zurija-810x230.jpg\" target=\"_self\" class=\"vc_single_image-wrapper   vc_box_border_grey\"><img loading=\"lazy\" decoding=\"async\" width=\"810\" height=\"230\" src=\"https:\/\/www.rchv.lv\/web\/wp-content\/uploads\/2025\/10\/4zurija-810x230.jpg\" class=\"vc_single_image-img attachment-large\" alt=\"\" srcset=\"https:\/\/www.rchv.lv\/web\/wp-content\/uploads\/2025\/10\/4zurija.jpg 810w, https:\/\/www.rchv.lv\/web\/wp-content\/uploads\/2025\/10\/4zurija-300x85.jpg 300w, https:\/\/www.rchv.lv\/web\/wp-content\/uploads\/2025\/10\/4zurija-18x5.jpg 18w\" sizes=\"auto, (max-width: 810px) 100vw, 810px\" \/><\/a>\n\t\t<\/figure>\n\t<\/div>\n\n\t<div  class=\"wpb_single_image wpb_content_element vc_align_left\">\n\t\t\n\t\t<figure class=\"wpb_wrapper vc_figure\">\n\t\t\t<a href=\"https:\/\/www.rchv.lv\/web\/wp-content\/uploads\/2025\/10\/5zurija-796x248.jpg\" target=\"_self\" class=\"vc_single_image-wrapper   vc_box_border_grey\"><img loading=\"lazy\" decoding=\"async\" width=\"796\" height=\"248\" src=\"https:\/\/www.rchv.lv\/web\/wp-content\/uploads\/2025\/10\/5zurija-796x248.jpg\" class=\"vc_single_image-img attachment-large\" alt=\"\" srcset=\"https:\/\/www.rchv.lv\/web\/wp-content\/uploads\/2025\/10\/5zurija.jpg 796w, https:\/\/www.rchv.lv\/web\/wp-content\/uploads\/2025\/10\/5zurija-300x93.jpg 300w, https:\/\/www.rchv.lv\/web\/wp-content\/uploads\/2025\/10\/5zurija-18x6.jpg 18w\" sizes=\"auto, (max-width: 796px) 100vw, 796px\" \/><\/a>\n\t\t<\/figure>\n\t<\/div>\n\n\t<div  class=\"wpb_single_image wpb_content_element vc_align_left\">\n\t\t\n\t\t<figure class=\"wpb_wrapper vc_figure\">\n\t\t\t<a href=\"https:\/\/www.rchv.lv\/web\/wp-content\/uploads\/2025\/10\/6zurija-798x261.jpg\" target=\"_self\" class=\"vc_single_image-wrapper   vc_box_border_grey\"><img loading=\"lazy\" decoding=\"async\" width=\"798\" height=\"261\" src=\"https:\/\/www.rchv.lv\/web\/wp-content\/uploads\/2025\/10\/6zurija-798x261.jpg\" class=\"vc_single_image-img attachment-large\" alt=\"\" srcset=\"https:\/\/www.rchv.lv\/web\/wp-content\/uploads\/2025\/10\/6zurija.jpg 798w, https:\/\/www.rchv.lv\/web\/wp-content\/uploads\/2025\/10\/6zurija-300x98.jpg 300w, https:\/\/www.rchv.lv\/web\/wp-content\/uploads\/2025\/10\/6zurija-18x6.jpg 18w\" sizes=\"auto, (max-width: 798px) 100vw, 798px\" \/><\/a>\n\t\t<\/figure>\n\t<\/div>\n<\/div><\/div><\/div><\/div><div class=\"vc_row wpb_row vc_row-fluid\"><div class=\"wpb_column vc_column_container vc_col-sm-12\"><div class=\"vc_column-inner\"><div class=\"wpb_wrapper\"><div class=\"vc_empty_space\"   style=\"height: 32px\"><span class=\"vc_empty_space_inner\"><\/span><\/div><\/div><\/div><\/div><\/div><div class=\"vc_row wpb_row vc_row-fluid\"><div class=\"wpb_column vc_column_container vc_col-sm-12\"><div class=\"vc_column-inner\"><div class=\"wpb_wrapper\"><h2 style=\"text-align: left\" class=\"vc_custom_heading\" >Kur mekl\u0113t inform\u0101ciju...<\/h2>\n\t<div class=\"wpb_text_column wpb_content_element \" >\n\t\t<div class=\"wpb_wrapper\">\n\t\t\t<p>T\u0101 k\u0101 m\u0101c\u012bbas un darbi joproj\u0101m ne visiem norit kl\u0101tien\u0113, port\u0101li <u><a href=\"http:\/\/www.periodika.lv\/?fbclid=IwAR2HesgpPHFyFT-1PTQZkV_D9ezUUwkmQLrUNASSJeRNy6UHPU1j4whYQ-Q\">www.periodika.lv<\/a><\/u> un <u><a href=\"https:\/\/l.facebook.com\/l.php?u=http%3A%2F%2Fwww.gramatas.lnb.lv%2F%3Ffbclid%3DIwAR2HesgpPHFyFT-1PTQZkV_D9ezUUwkmQLrUNASSJeRNy6UHPU1j4whYQ-Q&amp;h=AT1zmXLpTb-6eJ9fSjpnHpQVg5tyXYf7s3W39bUpR5tD-5_GX94doxhBqS7b8D5yxN3AsX5JgIwFfUN6_-mzT0N1brmXzBA8B76Qp4lwhnW9b7IaVIn6bLvN4cnj0I4_4xE6&amp;__tn__=-UK-R&amp;c%5b0%5d=AT2NLa6LNCriM86qMc5Oe9_nrB3HMsQlv5S-00zyf9B_tvTRsKVMLUPgpLTnNo9TukLiEHHgIgIMKQPgmMchXCxFkjKXROURvB4ymElyp7eggOfges12Oepwy18dX1AYI2Ss_cBuk1skBigs0d4f4EvBn7xuGDTQd8Zmk5VHKluh7njX7bkgLezIi6U\">www.gramatas.lnb.lv<\/a><\/u> b\u016bs br\u012bv\u0101 piek\u013cuv\u0113 ikvienam l\u012bdz pat \u0161\u012b gada beig\u0101m. Latvijas Nacion\u0101l\u0101 bibliot\u0113ka aicina izmantot ar\u012b citus Digit\u0101l\u0101s bibliot\u0113kas resursus <u><a href=\"https:\/\/l.facebook.com\/l.php?u=http%3A%2F%2Fwww.digitalabiblioteka.lv%2F%3Ffbclid%3DIwAR2HesgpPHFyFT-1PTQZkV_D9ezUUwkmQLrUNASSJeRNy6UHPU1j4whYQ-Q&amp;h=AT2sWA460MvjKM1qnisfB9MCjvJAwPiP19RJkGRO3FwdrcuTzCRnrJ8Ym0FMi4Pka9wRDuC9iGhbvzU-_3Wg3pRTb0o1AvtnVICDhraQFgks_gx1jJzqGxCzQ5eNW5E_iXus&amp;__tn__=-UK-R&amp;c%5b0%5d=AT2NLa6LNCriM86qMc5Oe9_nrB3HMsQlv5S-00zyf9B_tvTRsKVMLUPgpLTnNo9TukLiEHHgIgIMKQPgmMchXCxFkjKXROURvB4ymElyp7eggOfges12Oepwy18dX1AYI2Ss_cBuk1skBigs0d4f4EvBn7xuGDTQd8Zmk5VHKluh7njX7bkgLezIi6U\">www.digitalabiblioteka.lv<\/a><\/u>, k\u0101 ar\u012b <u><a href=\"http:\/\/www.enciklopedija.lv\/?fbclid=IwAR2HesgpPHFyFT-1PTQZkV_D9ezUUwkmQLrUNASSJeRNy6UHPU1j4whYQ-Q\">www.enciklopedija.lv.<\/a><\/u><\/p>\n<p>&nbsp;<\/p>\n<p>Izmantojiet Lielv\u0101rds m\u0101c\u012bbu gr\u0101matas, rokasgr\u0101matas un uzdevumu kr\u0101jumus digit\u0101l\u0101 form\u0101t\u0101 bez maksas. Lai s\u0101ktu lietot, Jums ir j\u0101dodas uz<u><a href=\"http:\/\/soma.lv\"> <em>\u00a0<\/em>soma.lv<\/a><\/u> un j\u0101piesl\u0113dzas ar SAVU E-klasi.\u00a0Soma.lv pieejama vis\u0101s mobilaj\u0101s ier\u012bc\u0113s un datoros.<\/p>\n<p>&nbsp;<\/p>\n<p>Gr\u0101matas, kuras nav pieejamas skolas bibliot\u0113k\u0101, \u00a0var mekl\u0113t R\u012bgas Centr\u0101laj\u0101 bibliot\u0113k\u0101 un t\u0101s fili\u0101l\u0113s:\u00a0 <a href=\"https:\/\/katalogs.rcb.lv\/Alise\/lv\/home.aspx\">https:\/\/katalogs.rcb.lv\/Alise\/lv\/home.aspx<\/a><\/p>\n\n\t\t<\/div>\n\t<\/div>\n<\/div><\/div><\/div><\/div><div class=\"vc_row wpb_row vc_row-fluid\"><div class=\"wpb_column vc_column_container vc_col-sm-6\"><div class=\"vc_column-inner\"><div class=\"wpb_wrapper\"><h4 style=\"text-align: left\" class=\"vc_custom_heading\" >Latvie\u0161u valoda<\/h4>\n\t<div class=\"wpb_text_column wpb_content_element \" >\n\t\t<div class=\"wpb_wrapper\">\n\t\t\t<p><a href=\"http:\/\/valoda.ailab.lv\/\">http:\/\/valoda.ailab.lv\/<\/a> &#8211; latvie\u0161u valodas resursi<\/p>\n<p><a href=\"https:\/\/tezaurs.lv\/t%C4%93zaurs\">https:\/\/tezaurs.lv\/t%C4%93zaurs<\/a><\/p>\n\n\t\t<\/div>\n\t<\/div>\n<\/div><\/div><\/div><div class=\"wpb_column vc_column_container vc_col-sm-6\"><div class=\"vc_column-inner\"><div class=\"wpb_wrapper\"><h4 style=\"text-align: left\" class=\"vc_custom_heading\" >Literat\u016bra<\/h4>\n\t<div class=\"wpb_text_column wpb_content_element \" >\n\t\t<div class=\"wpb_wrapper\">\n\t\t\t<p><a href=\"http:\/\/lfk.lv\/jaunumi\">http:\/\/lfk.lv\/jaunumi<\/a> &#8211; folklora<\/p>\n<p><a href=\"http:\/\/valoda.ailab.lv\/\">http:\/\/valoda.ailab.lv\/<\/a> &#8211; latvie\u0161u valodas resursi<\/p>\n<p><a href=\"http:\/\/www.pasakas.net\/jaunumi\/\">http:\/\/www.pasakas.net\/jaunumi\/<\/a> &#8211; pasakas, teikas<\/p>\n<p><a href=\"http:\/\/www.dainuskapis.lv\/\">http:\/\/www.dainuskapis.lv\/<\/a><\/p>\n<p><a href=\"https:\/\/satori.lv\/list\/literatura\">https:\/\/satori.lv\/list\/literatura<\/a> \u00a0\u00a0\u00a0\u00a0\u00a0\u00a0\u00a0\u00a0\u00a0\u00a0 \u00a0&#8211; literat\u016bras un filozofijas port\u0101ls<\/p>\n<p><a href=\"http:\/\/lulfmi.lv\/jaunumi\">http:\/\/lulfmi.lv\/jaunumi<\/a> &#8211; LU Literat\u016bras, folkloras un m\u0101kslas instit\u016bts<\/p>\n<p><a href=\"http:\/\/www.marazalite.lv\/\">http:\/\/www.marazalite.lv\/<\/a><\/p>\n<p><a href=\"http:\/\/www.mariscaklais.lv\/\">http:\/\/www.mariscaklais.lv\/<\/a><\/p>\n<p><a href=\"https:\/\/www.latvianliterature.lv\/en\/news\">https:\/\/www.latvianliterature.lv\/en\/news<\/a><\/p>\n<p><u><a href=\"http:\/\/tikainesakinevienam.lv\/\">http:\/\/tikainesakinevienam.lv\/<\/a><\/u> &#8211; cit\u0101tu kartot\u0113ka<\/p>\n\n\t\t<\/div>\n\t<\/div>\n<\/div><\/div><\/div><\/div><div class=\"vc_row wpb_row vc_row-fluid\"><div class=\"wpb_column vc_column_container vc_col-sm-6\"><div class=\"vc_column-inner\"><div class=\"wpb_wrapper\"><h4 style=\"text-align: left\" class=\"vc_custom_heading\" >V\u0113sture, kult\u016bras v\u0113sture<\/h4>\n\t<div class=\"wpb_text_column wpb_content_element \" >\n\t\t<div class=\"wpb_wrapper\">\n\t\t\t<p><a href=\"http:\/\/www.historia.lv\/\">http:\/\/www.historia.lv\/<\/a><\/p>\n<p><a href=\"https:\/\/www.barikadopedija.lv\/raksti\/S%C4%81kumlapa\">https:\/\/www.barikadopedija.lv\/raksti\/S%C4%81kumlapa<\/a><\/p>\n<p><a href=\"http:\/\/www.pilis.lv\/lv\">http:\/\/www.pilis.lv\/lv<\/a><\/p>\n\n\t\t<\/div>\n\t<\/div>\n<\/div><\/div><\/div><div class=\"wpb_column vc_column_container vc_col-sm-6\"><div class=\"vc_column-inner\"><div class=\"wpb_wrapper\"><h4 style=\"text-align: left\" class=\"vc_custom_heading\" >Dabaszin\u012bbas, \u0123eogr\u0101fija<\/h4>\n\t<div class=\"wpb_text_column wpb_content_element \" >\n\t\t<div class=\"wpb_wrapper\">\n\t\t\t<p><a href=\"http:\/\/latvijas.daba.lv\/vardnica\/\">http:\/\/latvijas.daba.lv\/vardnica\/<\/a><\/p>\n<p><a href=\"http:\/\/www.latvijasdaba.lv\/\">http:\/\/www.latvijasdaba.lv\/<\/a><\/p>\n<p><a href=\"http:\/\/www.videsvestis.lv\/\">http:\/\/www.videsvestis.lv\/<\/a> &#8211; \u017eurn\u0101la \u201cVides v\u0113stis\u201d elektronisk\u0101 versija<\/p>\n<p><a href=\"http:\/\/www.dabasretumi.lv\/\">http:\/\/www.dabasretumi.lv\/<\/a>\u00a0\u00a0 &#8211; dabas retumu kr\u0101tuve<\/p>\n<p><a href=\"http:\/\/www.alas.lv\/\">http:\/\/www.alas.lv\/<\/a><\/p>\n<p><a href=\"http:\/\/www.putni.lv\/\">http:\/\/www.putni.lv\/<\/a><\/p>\n<p><a href=\"https:\/\/rigazoo.lv\/lv\">https:\/\/rigazoo.lv\/lv<\/a><\/p>\n<p><a href=\"http:\/\/www.astro.lv\/\">http:\/\/www.astro.lv\/<\/a><\/p>\n<p><a href=\"https:\/\/www.cellsalive.com\/\">https:\/\/www.cellsalive.com\/<\/a> &#8211; biolo\u0123ija (ang\u013cu valod\u0101)<\/p>\n<p><a href=\"https:\/\/www.esa.int\/ESA_Multimedia\/Videos\">https:\/\/www.esa.int\/ESA_Multimedia\/Videos<\/a> &#8211; Eiropas Kosmosa a\u0123ent\u016bras m\u0101jas lapa<\/p>\n\n\t\t<\/div>\n\t<\/div>\n<\/div><\/div><\/div><\/div><div class=\"vc_row wpb_row vc_row-fluid\"><div class=\"wpb_column vc_column_container vc_col-sm-6\"><div class=\"vc_column-inner\"><div class=\"wpb_wrapper\"><h4 style=\"text-align: left\" class=\"vc_custom_heading\" >M\u0101ksla, rokdarbi<\/h4>\n\t<div class=\"wpb_text_column wpb_content_element \" >\n\t\t<div class=\"wpb_wrapper\">\n\t\t\t<p><a href=\"https:\/\/www.cirkulis.lv\/\">https:\/\/www.cirkulis.lv\/<\/a> &#8211; noder\u012bgas saites uz interesant\u0101m m\u0101jas lap\u0101m. Da\u017e\u0101di rokdarbi.<\/p>\n\n\t\t<\/div>\n\t<\/div>\n<\/div><\/div><\/div><div class=\"wpb_column vc_column_container vc_col-sm-6\"><div class=\"vc_column-inner\"><div class=\"wpb_wrapper\"><h4 style=\"text-align: left\" class=\"vc_custom_heading\" >Da\u017e\u0101di<\/h4>\n\t<div class=\"wpb_text_column wpb_content_element \" >\n\t\t<div class=\"wpb_wrapper\">\n\t\t\t<p><a href=\"https:\/\/www.letonika.lv\/\">https:\/\/www.letonika.lv\/<\/a> <strong>&#8211; <\/strong>virtu\u0101la enciklop\u0113dija<\/p>\n<p><a href=\"http:\/\/www.uzdevumi.lv\/Site\/ContentPages\/AboutPortal\">http:\/\/www.uzdevumi.lv\/Site\/ContentPages\/AboutPortal<\/a> &#8211; uzlabo savas sekmes<\/p>\n<p><a href=\"http:\/\/www.biography.com\/\">http:\/\/www.biography.com\/<\/a> &#8211; iev\u0113rojamu cilv\u0113ku biogr\u0101fijas (ang\u013cu valod\u0101)<\/p>\n<p><a href=\"http:\/\/www.e-journals.org\/\">http:\/\/www.e-journals.org\/<\/a> &#8211; e-\u017eurn\u0101lu katalogs sak\u0101rtots pa nozar\u0113m (ang\u013cu valod\u0101)<\/p>\n<p><a href=\"https:\/\/www.guinnessworldrecords.com\/\">https:\/\/www.guinnessworldrecords.com\/<\/a> &#8211; Ginesa rekordu gr\u0101mata (ang\u013cu valod\u0101)<\/p>\n<p><a href=\"http:\/\/www.uzvediba.lv\/\">http:\/\/www.uzvediba.lv\/<\/a><\/p>\n<p><a href=\"https:\/\/pusaudzim.lv\/\">https:\/\/pusaudzim.lv\/<\/a> &#8211; inform\u0101cija pusaud\u017eiem un vi\u0146u vec\u0101kiem<\/p>\n\n\t\t<\/div>\n\t<\/div>\n<\/div><\/div><\/div><\/div><div class=\"vc_row wpb_row vc_row-fluid\"><div class=\"wpb_column vc_column_container vc_col-sm-6\"><div class=\"vc_column-inner\"><div class=\"wpb_wrapper\"><h4 style=\"text-align: left\" class=\"vc_custom_heading\" >Dro\u0161\u012bba internet\u0101<\/h4>\n\t<div class=\"wpb_text_column wpb_content_element \" >\n\t\t<div class=\"wpb_wrapper\">\n\t\t\t<p><a href=\"https:\/\/drossinternets.lv\/\">https:\/\/drossinternets.lv\/<\/a><\/p>\n<p><a href=\"http:\/\/www.draudzigsinternets.lv\/\">http:\/\/www.draudzigsinternets.lv\/<\/a><\/p>\n\n\t\t<\/div>\n\t<\/div>\n<\/div><\/div><\/div><div class=\"wpb_column vc_column_container vc_col-sm-6\"><div class=\"vc_column-inner\"><div class=\"wpb_wrapper\"><\/div><\/div><\/div><\/div>\n","protected":false},"excerpt":{"rendered":"Bibliot\u0113ka Skolas jubilejas gad\u0101, lepojamies ar skolas absolventiem! Bibliot\u0113k\u0101 ir apskat\u0101mas un izlas\u0101mas m\u016bsu skolu absolventu sarakst\u012btas gr\u0101matas. Bibliotek\u0101ri 1.-&nbsp;<a href=\"https:\/\/www.rchv.lv\/web\/informacija\/biblioteka\">&hellip;<\/a>","protected":false},"author":5,"featured_media":0,"parent":3007,"menu_order":2,"comment_status":"closed","ping_status":"closed","template":"template-sidebar-right-childpages.php","meta":{"inline_featured_image":false,"footnotes":""},"class_list":["post-6336","page","type-page","status-publish","hentry","odd"],"_links":{"self":[{"href":"https:\/\/www.rchv.lv\/web\/wp-json\/wp\/v2\/pages\/6336","targetHints":{"allow":["GET"]}}],"collection":[{"href":"https:\/\/www.rchv.lv\/web\/wp-json\/wp\/v2\/pages"}],"about":[{"href":"https:\/\/www.rchv.lv\/web\/wp-json\/wp\/v2\/types\/page"}],"author":[{"embeddable":true,"href":"https:\/\/www.rchv.lv\/web\/wp-json\/wp\/v2\/users\/5"}],"replies":[{"embeddable":true,"href":"https:\/\/www.rchv.lv\/web\/wp-json\/wp\/v2\/comments?post=6336"}],"version-history":[{"count":26,"href":"https:\/\/www.rchv.lv\/web\/wp-json\/wp\/v2\/pages\/6336\/revisions"}],"predecessor-version":[{"id":12965,"href":"https:\/\/www.rchv.lv\/web\/wp-json\/wp\/v2\/pages\/6336\/revisions\/12965"}],"up":[{"embeddable":true,"href":"https:\/\/www.rchv.lv\/web\/wp-json\/wp\/v2\/pages\/3007"}],"wp:attachment":[{"href":"https:\/\/www.rchv.lv\/web\/wp-json\/wp\/v2\/media?parent=6336"}],"curies":[{"name":"wp","href":"https:\/\/api.w.org\/{rel}","templated":true}]}}