{"id":9371,"date":"2023-02-27T09:50:57","date_gmt":"2023-02-27T07:50:57","guid":{"rendered":"https:\/\/www.rchv.lv\/web\/?page_id=9371"},"modified":"2026-04-08T12:20:57","modified_gmt":"2026-04-08T10:20:57","slug":"kontakti","status":"publish","type":"page","link":"https:\/\/www.rchv.lv\/web\/par-mums\/kontakti","title":{"rendered":"Kontakti"},"content":{"rendered":"<div class=\"vc_row wpb_row vc_row-fluid vc_custom_1583237139384\"><div class=\"wpb_column vc_column_container vc_col-sm-6\"><div class=\"vc_column-inner\"><div class=\"wpb_wrapper\"><h2 style=\"font-size: 30px;line-height: 38px;text-align: left\" class=\"vc_custom_heading vc_custom_1581888606410\" >R\u012bgas Centra humanit\u0101r\u0101 vidusskola<\/h2><\/div><\/div><\/div><div class=\"wpb_column vc_column_container vc_col-sm-6\"><div class=\"vc_column-inner vc_custom_1490181921013\"><div class=\"wpb_wrapper\"><div class=\"vc_empty_space\"   style=\"height: 32px\"><span class=\"vc_empty_space_inner\"><\/span><\/div><div class=\"vc_row wpb_row vc_inner vc_row-fluid\"><div class=\"wpb_column vc_column_container vc_col-sm-6\"><div class=\"vc_column-inner vc_custom_1490186688808\"><div class=\"wpb_wrapper\">\n\t\t\t\t\t<div class=\"wh-theme-icon vc_custom_1583237552586  scp_theme_icon-ec342e4c1c2764688656b64b97ccee8b\">\n\t\t\t\t<i class=\"icon-edic_phone_in_talk\"><\/i>\n\t\t\t<\/div>\n\t\t\t\t<h2 style=\"font-size: 25px;color: #6892d8;text-align: left\" class=\"vc_custom_heading vc_custom_1585219283883\" >67474239<\/h2><\/div><\/div><\/div><div class=\"wpb_column vc_column_container vc_col-sm-6\"><div class=\"vc_column-inner vc_custom_1490187174041\"><div class=\"wpb_wrapper\">\n\t\t\t\t\t<div class=\"wh-theme-icon vc_custom_1685103951476  scp_theme_icon-f3a3d219cee2c89a51209d36b6656f4e\">\n\t\t\t\t<i class=\"icon-edic_email\"><\/i>\n\t\t\t<\/div>\n\t\t\t\t<p style=\"font-size: 25px;color: #6892d8;text-align: left\" class=\"vc_custom_heading vc_custom_1685103942917\" ><a href=\"\">chvs@riga.lv<\/a><\/p><\/div><\/div><\/div><\/div><\/div><\/div><\/div><\/div><div class=\"vc_row wpb_row vc_row-fluid\"><div class=\"wpb_column vc_column_container vc_col-sm-12\"><div class=\"vc_column-inner\"><div class=\"wpb_wrapper\"><h4 style=\"text-align: center\" class=\"vc_custom_heading\" >Skolas kancelejas (lietved\u012bba) darba laiks laiks vasaras period\u0101 no plkst. 9:00 l\u012bdz 13:00.<\/h4><\/div><\/div><\/div><\/div><div class=\"vc_row wpb_row vc_row-fluid\"><div class=\"wpb_column vc_column_container vc_col-sm-12\"><div class=\"vc_column-inner\"><div class=\"wpb_wrapper\">\n\t<div class=\"wpb_text_column wpb_content_element \" >\n\t\t<div class=\"wpb_wrapper\">\n\t\t\t<p><a href=\"https:\/\/www.rchv.lv\/web\/wp-content\/uploads\/2021\/06\/Simbols-e-.png\"><img loading=\"lazy\" decoding=\"async\" class=\"alignnone wp-image-7019\" src=\"https:\/\/www.rchv.lv\/web\/wp-content\/uploads\/2021\/06\/Simbols-e--300x275.png\" alt=\"\" width=\"120\" height=\"110\" srcset=\"https:\/\/www.rchv.lv\/web\/wp-content\/uploads\/2021\/06\/Simbols-e--300x275.png 300w, https:\/\/www.rchv.lv\/web\/wp-content\/uploads\/2021\/06\/Simbols-e-.png 416w, https:\/\/www.rchv.lv\/web\/wp-content\/uploads\/2021\/06\/Simbols-e--13x12.png 13w\" sizes=\"auto, (max-width: 120px) 100vw, 120px\" \/><\/a><a href=\"https:\/\/www.latvija.lv\/lv\/Eaddress\/write?address=_default@40900010383\">https:\/\/www.latvija.lv\/lv\/Eaddress\/write?address=_default@40900010383<\/a><\/p>\n\n\t\t<\/div>\n\t<\/div>\n<\/div><\/div><\/div><\/div><div class=\"vc_row wpb_row vc_row-fluid\"><div class=\"wpb_column vc_column_container vc_col-sm-12\"><div class=\"vc_column-inner\"><div class=\"wpb_wrapper\"><div class=\"vc_empty_space\"   style=\"height: 64px\"><span class=\"vc_empty_space_inner\"><\/span><\/div><h5 style=\"text-align: left\" class=\"vc_custom_heading\" >R\u012bgas Centra humanit\u0101r\u0101 vidusskola ir R\u012bgas domes Izgl\u012bt\u012bbas, kult\u016bras un sporta departamenta padot\u012bbas iest\u0101de.<\/h5><\/div><\/div><\/div><\/div><div class=\"vc_row wpb_row vc_row-fluid vc_custom_1583237996856\"><div class=\"wpb_column vc_column_container vc_col-sm-12\"><div class=\"vc_column-inner\"><div class=\"wpb_wrapper\"><div class=\"vc_separator wpb_content_element vc_separator_align_center vc_sep_width_100 vc_sep_border_width_4 vc_sep_pos_align_center vc_separator_no_text vc_sep_color_grey\" ><span class=\"vc_sep_holder vc_sep_holder_l\"><span  class=\"vc_sep_line\"><\/span><\/span><span class=\"vc_sep_holder vc_sep_holder_r\"><span  class=\"vc_sep_line\"><\/span><\/span>\n<\/div><\/div><\/div><\/div><\/div><div class=\"vc_row wpb_row vc_row-fluid vc_custom_1583238009929\"><div class=\"wpb_column vc_column_container vc_col-sm-6\"><div class=\"vc_column-inner vc_custom_1490185994138\"><div class=\"wpb_wrapper\"><div class=\"wpb_gmaps_widget wpb_content_element\"><div class=\"wpb_wrapper\"><div class=\"wpb_map_wraper\"><iframe loading=\"lazy\" src=\"https:\/\/www.google.com\/maps\/embed?pb=!1m18!1m12!1m3!1d2175.228820467311!2d24.13959781546611!3d56.962012805550316!2m3!1f0!2f0!3f0!3m2!1i1024!2i768!4f13.1!3m3!1m2!1s0x46eece4a61a7c2ff%3A0x5caadda3ae03ca04!2zS3JpxaFqxIHFhmEgQmFyb25hIGllbGEgOTdBLCBMYXRnYWxlcyBwcmlla8WhcGlsc8STdGEsIFLEq2dhLCBMVi0xMDEy!5e0!3m2!1sen!2slv!4v1581891088826!5m2!1sen!2slv\" width=\"600\" height=\"350\" frameborder=\"0\" style=\"border:0;\" allowfullscreen=\"\"><\/iframe><\/div><\/div><\/div><\/div><\/div><\/div><div class=\"wpb_column vc_column_container vc_col-sm-6\"><div class=\"vc_column-inner\"><div class=\"wpb_wrapper\"><div class=\"wpb_gmaps_widget wpb_content_element\"><div class=\"wpb_wrapper\"><div class=\"wpb_map_wraper\"><iframe loading=\"lazy\" src=\"https:\/\/www.google.com\/maps\/embed?pb=!1m18!1m12!1m3!1d2175.290587798595!2d24.138956615465972!3d56.96095470563303!2m3!1f0!2f0!3f0!3m2!1i1024!2i768!4f13.1!3m3!1m2!1s0x46eece4a78b6fc35%3A0x2e4220941d0099ea!2zS3JpxaFqxIHFhmEgQmFyb25hIGllbGEgMTE2LCBMYXRnYWxlcyBwcmlla8WhcGlsc8STdGEsIFLEq2dhLCBMVi0xMDEy!5e0!3m2!1sen!2slv!4v1581891046013!5m2!1sen!2slv\" width=\"600\" height=\"350\" frameborder=\"0\" style=\"border:0;\" allowfullscreen=\"\"><\/iframe><\/div><\/div><\/div><\/div><\/div><\/div><\/div><div class=\"vc_row wpb_row vc_row-fluid vc_custom_1489066321076\"><div class=\"wpb_column vc_column_container vc_col-sm-12\"><div class=\"vc_column-inner\"><div class=\"wpb_wrapper\"><h2 style=\"font-size: 30px;line-height: 38px;text-align: left\" class=\"vc_custom_heading vc_custom_1583237890344\" >Kontaktpersonas<\/h2><\/div><\/div><\/div><\/div><div class=\"vc_row wpb_row vc_row-fluid vc_custom_1489496042649\"><div class=\"wpb_column vc_column_container vc_col-sm-4 vc_col-xs-6\"><div class=\"vc_column-inner vc_custom_1491479543095\"><div class=\"wpb_wrapper\"><div class=\"vc_row wpb_row vc_inner vc_row-fluid vc_custom_1490186684025 vc_row-has-fill\"><div class=\"wpb_column vc_column_container vc_col-sm-4\"><div class=\"vc_column-inner vc_custom_1490186688808\"><div class=\"wpb_wrapper\">\n\t<div  class=\"wpb_single_image wpb_content_element vc_align_left  vc_custom_1583154634803\">\n\t\t\n\t\t<figure class=\"wpb_wrapper vc_figure\">\n\t\t\t<div class=\"vc_single_image-wrapper   vc_box_border_grey\"><img loading=\"lazy\" decoding=\"async\" class=\"vc_single_image-img \" src=\"https:\/\/www.rchv.lv\/web\/wp-content\/uploads\/2020\/03\/ico-skolotaja-110x110.png\" width=\"110\" height=\"110\" alt=\"ico-skolotaja\" title=\"ico-skolotaja\" \/><\/div>\n\t\t<\/figure>\n\t<\/div>\n<\/div><\/div><\/div><div class=\"wpb_column vc_column_container vc_col-sm-8\"><div class=\"vc_column-inner vc_custom_1490187174041\"><div class=\"wpb_wrapper\"><h6 style=\"font-size: 18px;color: #000000;text-align: left\" class=\"vc_custom_heading wh-title-with-label vc_custom_1581889401354\" >Ineta Rudz\u012bte<\/h6><h6 style=\"font-size: 13px;color: #000000;line-height: 20px;text-align: left\" class=\"vc_custom_heading vc_custom_1581889857938\" >skolas direktore<\/h6>\n\t<div class=\"wpb_text_column wpb_content_element \" >\n\t\t<div class=\"wpb_wrapper\">\n\t\t\t<p>67474239<\/p>\n\n\t\t<\/div>\n\t<\/div>\n<\/div><\/div><\/div><\/div><\/div><\/div><\/div><div class=\"wpb_column vc_column_container vc_col-sm-4 vc_col-xs-6\"><div class=\"vc_column-inner vc_custom_1491479547935\"><div class=\"wpb_wrapper\"><div class=\"vc_row wpb_row vc_inner vc_row-fluid vc_custom_1490186653832 vc_row-has-fill\"><div class=\"wpb_column vc_column_container vc_col-sm-4\"><div class=\"vc_column-inner vc_custom_1490186663129\"><div class=\"wpb_wrapper\">\n\t<div  class=\"wpb_single_image wpb_content_element vc_align_left  vc_custom_1583154579006\">\n\t\t\n\t\t<figure class=\"wpb_wrapper vc_figure\">\n\t\t\t<div class=\"vc_single_image-wrapper   vc_box_border_grey\"><img loading=\"lazy\" decoding=\"async\" class=\"vc_single_image-img \" src=\"https:\/\/www.rchv.lv\/web\/wp-content\/uploads\/2020\/03\/ico-skolotaja-110x110.png\" width=\"110\" height=\"110\" alt=\"ico-skolotaja\" title=\"ico-skolotaja\" \/><\/div>\n\t\t<\/figure>\n\t<\/div>\n<\/div><\/div><\/div><div class=\"wpb_column vc_column_container vc_col-sm-8\"><div class=\"vc_column-inner vc_custom_1490187098205\"><div class=\"wpb_wrapper\"><h6 style=\"font-size: 18px;color: #000000;text-align: left\" class=\"vc_custom_heading wh-title-with-label vc_custom_1581890007752\" >Irita Skirmante<\/h6><h6 style=\"font-size: 13px;color: #000000;line-height: 20px;text-align: left\" class=\"vc_custom_heading vc_custom_1581889996017\" >direktores vietniece \u0101rpusklases darb\u0101<\/h6>\n\t<div class=\"wpb_text_column wpb_content_element \" >\n\t\t<div class=\"wpb_wrapper\">\n\t\t\t<p>67474242<\/p>\n\n\t\t<\/div>\n\t<\/div>\n<\/div><\/div><\/div><\/div><\/div><\/div><\/div><div class=\"wpb_column vc_column_container vc_col-sm-4 vc_col-xs-6\"><div class=\"vc_column-inner vc_custom_1491479552692\"><div class=\"wpb_wrapper\"><div class=\"vc_row wpb_row vc_inner vc_row-fluid vc_custom_1490186694007 vc_row-has-fill\"><div class=\"wpb_column vc_column_container vc_col-sm-4\"><div class=\"vc_column-inner vc_custom_1490186698311\"><div class=\"wpb_wrapper\">\n\t<div  class=\"wpb_single_image wpb_content_element vc_align_left  vc_custom_1583154596259\">\n\t\t\n\t\t<figure class=\"wpb_wrapper vc_figure\">\n\t\t\t<div class=\"vc_single_image-wrapper   vc_box_border_grey\"><img loading=\"lazy\" decoding=\"async\" class=\"vc_single_image-img \" src=\"https:\/\/www.rchv.lv\/web\/wp-content\/uploads\/2020\/03\/ico-skolotaja-110x110.png\" width=\"110\" height=\"110\" alt=\"ico-skolotaja\" title=\"ico-skolotaja\" \/><\/div>\n\t\t<\/figure>\n\t<\/div>\n<\/div><\/div><\/div><div class=\"wpb_column vc_column_container vc_col-sm-8\"><div class=\"vc_column-inner vc_custom_1490187169851\"><div class=\"wpb_wrapper\"><h6 style=\"font-size: 18px;color: #000000;text-align: left\" class=\"vc_custom_heading wh-title-with-label vc_custom_1581889911616\" >Zanda Z\u012ble - Save\u013cjeva<\/h6><h6 style=\"font-size: 13px;color: #000000;line-height: 20px;text-align: left\" class=\"vc_custom_heading vc_custom_1581889868369\" >direktores vietniece 1.- 4. klas\u0113m<\/h6>\n\t<div class=\"wpb_text_column wpb_content_element \" >\n\t\t<div class=\"wpb_wrapper\">\n\t\t\t<p>67037572<\/p>\n\n\t\t<\/div>\n\t<\/div>\n<\/div><\/div><\/div><\/div><\/div><\/div><\/div><\/div><div class=\"vc_row wpb_row vc_row-fluid vc_custom_1491473481758\"><div class=\"wpb_column vc_column_container vc_col-sm-4 vc_col-xs-6\"><div class=\"vc_column-inner vc_custom_1491479563861\"><div class=\"wpb_wrapper\"><div class=\"vc_row wpb_row vc_inner vc_row-fluid vc_custom_1490186703066 vc_row-has-fill\"><div class=\"wpb_column vc_column_container vc_col-sm-4\"><div class=\"vc_column-inner vc_custom_1490186707224\"><div class=\"wpb_wrapper\">\n\t<div  class=\"wpb_single_image wpb_content_element vc_align_left  vc_custom_1583154607147\">\n\t\t\n\t\t<figure class=\"wpb_wrapper vc_figure\">\n\t\t\t<div class=\"vc_single_image-wrapper   vc_box_border_grey\"><img loading=\"lazy\" decoding=\"async\" class=\"vc_single_image-img \" src=\"https:\/\/www.rchv.lv\/web\/wp-content\/uploads\/2020\/03\/ico-skolotaja-110x110.png\" width=\"110\" height=\"110\" alt=\"ico-skolotaja\" title=\"ico-skolotaja\" \/><\/div>\n\t\t<\/figure>\n\t<\/div>\n<\/div><\/div><\/div><div class=\"wpb_column vc_column_container vc_col-sm-8\"><div class=\"vc_column-inner vc_custom_1490187165132\"><div class=\"wpb_wrapper\"><h6 style=\"font-size: 18px;color: #000000;text-align: left\" class=\"vc_custom_heading wh-title-with-label vc_custom_1585219237489\" >Zane \u0160\u0146epste<\/h6><h6 style=\"font-size: 13px;color: #000000;line-height: 20px;text-align: left\" class=\"vc_custom_heading vc_custom_1581889876377\" >direktores vietniece 5.- 12. klas\u0113m<\/h6>\n\t<div class=\"wpb_text_column wpb_content_element \" >\n\t\t<div class=\"wpb_wrapper\">\n\t\t\t<p>67474241<\/p>\n\n\t\t<\/div>\n\t<\/div>\n<\/div><\/div><\/div><\/div><\/div><\/div><\/div><div class=\"wpb_column vc_column_container vc_col-sm-4 vc_col-xs-6\"><div class=\"vc_column-inner vc_custom_1491479568743\"><div class=\"wpb_wrapper\"><div class=\"vc_row wpb_row vc_inner vc_row-fluid vc_custom_1490186703066 vc_row-has-fill\"><div class=\"wpb_column vc_column_container vc_col-sm-4\"><div class=\"vc_column-inner vc_custom_1490186707224\"><div class=\"wpb_wrapper\">\n\t<div  class=\"wpb_single_image wpb_content_element vc_align_left  vc_custom_1583154641981\">\n\t\t\n\t\t<figure class=\"wpb_wrapper vc_figure\">\n\t\t\t<div class=\"vc_single_image-wrapper   vc_box_border_grey\"><img loading=\"lazy\" decoding=\"async\" class=\"vc_single_image-img \" src=\"https:\/\/www.rchv.lv\/web\/wp-content\/uploads\/2020\/03\/ico-skolotaja-110x110.png\" width=\"110\" height=\"110\" alt=\"ico-skolotaja\" title=\"ico-skolotaja\" \/><\/div>\n\t\t<\/figure>\n\t<\/div>\n<\/div><\/div><\/div><div class=\"wpb_column vc_column_container vc_col-sm-8\"><div class=\"vc_column-inner vc_custom_1490187165132\"><div class=\"wpb_wrapper\"><h6 style=\"font-size: 18px;color: #000000;text-align: left\" class=\"vc_custom_heading wh-title-with-label vc_custom_1581890637765\" >Baiba Zei\u013caka<\/h6><h6 style=\"font-size: 13px;color: #000000;line-height: 20px;text-align: left\" class=\"vc_custom_heading vc_custom_1581889876377\" >direktores vietniece 5.- 12. klas\u0113m<\/h6>\n\t<div class=\"wpb_text_column wpb_content_element \" >\n\t\t<div class=\"wpb_wrapper\">\n\t\t\t<p>67474241<\/p>\n\n\t\t<\/div>\n\t<\/div>\n<\/div><\/div><\/div><\/div><\/div><\/div><\/div><div class=\"wpb_column vc_column_container vc_col-sm-4 vc_col-xs-6\"><div class=\"vc_column-inner vc_custom_1491479573261\"><div class=\"wpb_wrapper\"><div class=\"vc_row wpb_row vc_inner vc_row-fluid vc_custom_1490186645218 vc_row-has-fill\"><div class=\"wpb_column vc_column_container vc_col-sm-4\"><div class=\"vc_column-inner vc_custom_1490186638158\"><div class=\"wpb_wrapper\">\n\t<div  class=\"wpb_single_image wpb_content_element vc_align_left  vc_custom_1583154561811\">\n\t\t\n\t\t<figure class=\"wpb_wrapper vc_figure\">\n\t\t\t<div class=\"vc_single_image-wrapper   vc_box_border_grey\"><img loading=\"lazy\" decoding=\"async\" class=\"vc_single_image-img \" src=\"https:\/\/www.rchv.lv\/web\/wp-content\/uploads\/2020\/03\/ico-skolotajs-110x110.png\" width=\"110\" height=\"110\" alt=\"ico-skolotajs\" title=\"ico-skolotajs\" \/><\/div>\n\t\t<\/figure>\n\t<\/div>\n<\/div><\/div><\/div><div class=\"wpb_column vc_column_container vc_col-sm-8\"><div class=\"vc_column-inner vc_custom_1490187093693\"><div class=\"wpb_wrapper\"><h6 style=\"font-size: 18px;color: #000000;text-align: left\" class=\"vc_custom_heading wh-title-with-label vc_custom_1775643653109\" >Reg\u012bna \u0122\u0113rmane<\/h6><h6 style=\"font-size: 13px;color: #000000;line-height: 20px;text-align: left\" class=\"vc_custom_heading vc_custom_1775643623414\" >direktores vietniece saimniec\u012bbas jaut\u0101jumos<\/h6>\n\t<div class=\"wpb_text_column wpb_content_element \" >\n\t\t<div class=\"wpb_wrapper\">\n\t\t\t<p>67474240<\/p>\n\n\t\t<\/div>\n\t<\/div>\n<\/div><\/div><\/div><\/div><\/div><\/div><\/div><\/div><div class=\"vc_row wpb_row vc_row-fluid vc_custom_1491473481758\"><div class=\"wpb_column vc_column_container vc_col-sm-4 vc_col-xs-6\"><div class=\"vc_column-inner vc_custom_1491479573261\"><div class=\"wpb_wrapper\"><div class=\"vc_row wpb_row vc_inner vc_row-fluid vc_custom_1490186684025 vc_row-has-fill\"><div class=\"wpb_column vc_column_container vc_col-sm-4\"><div class=\"vc_column-inner vc_custom_1490186688808\"><div class=\"wpb_wrapper\">\n\t<div  class=\"wpb_single_image wpb_content_element vc_align_left  vc_custom_1583154561811\">\n\t\t\n\t\t<figure class=\"wpb_wrapper vc_figure\">\n\t\t\t<div class=\"vc_single_image-wrapper   vc_box_border_grey\"><img loading=\"lazy\" decoding=\"async\" class=\"vc_single_image-img \" src=\"https:\/\/www.rchv.lv\/web\/wp-content\/uploads\/2020\/03\/ico-skolotajs-110x110.png\" width=\"110\" height=\"110\" alt=\"ico-skolotajs\" title=\"ico-skolotajs\" \/><\/div>\n\t\t<\/figure>\n\t<\/div>\n<\/div><\/div><\/div><div class=\"wpb_column vc_column_container vc_col-sm-8\"><div class=\"vc_column-inner vc_custom_1490187174041\"><div class=\"wpb_wrapper\"><h6 style=\"font-size: 18px;color: #000000;text-align: left\" class=\"vc_custom_heading wh-title-with-label vc_custom_1583238042676\" >de\u017eurants<\/h6><h6 style=\"font-size: 13px;color: #000000;line-height: 20px;text-align: left\" class=\"vc_custom_heading vc_custom_1583238051732\" >Kr. Barona iel\u0101 116<\/h6>\n\t<div class=\"wpb_text_column wpb_content_element \" >\n\t\t<div class=\"wpb_wrapper\">\n\t\t\t<p>67026137<\/p>\n\n\t\t<\/div>\n\t<\/div>\n<\/div><\/div><\/div><\/div><\/div><\/div><\/div><div class=\"wpb_column vc_column_container vc_col-sm-4\"><div class=\"vc_column-inner\"><div class=\"wpb_wrapper\"><div class=\"vc_row wpb_row vc_inner vc_row-fluid vc_custom_1490186684025 vc_row-has-fill\"><div class=\"wpb_column vc_column_container vc_col-sm-4\"><div class=\"vc_column-inner vc_custom_1490186688808\"><div class=\"wpb_wrapper\">\n\t<div  class=\"wpb_single_image wpb_content_element vc_align_left  vc_custom_1583154570269\">\n\t\t\n\t\t<figure class=\"wpb_wrapper vc_figure\">\n\t\t\t<div class=\"vc_single_image-wrapper   vc_box_border_grey\"><img loading=\"lazy\" decoding=\"async\" class=\"vc_single_image-img \" src=\"https:\/\/www.rchv.lv\/web\/wp-content\/uploads\/2020\/03\/ico-skolotaja-110x110.png\" width=\"110\" height=\"110\" alt=\"ico-skolotaja\" title=\"ico-skolotaja\" \/><\/div>\n\t\t<\/figure>\n\t<\/div>\n<\/div><\/div><\/div><div class=\"wpb_column vc_column_container vc_col-sm-8\"><div class=\"vc_column-inner vc_custom_1490187174041\"><div class=\"wpb_wrapper\"><h6 style=\"font-size: 18px;color: #000000;text-align: left\" class=\"vc_custom_heading wh-title-with-label vc_custom_1581890363014\" >Centra Sporta kvart\u0101ls<\/h6><h6 style=\"font-size: 13px;color: #000000;line-height: 20px;text-align: left\" class=\"vc_custom_heading vc_custom_1581890357822\" >Centra Sporta kvart\u0101ls<\/h6>\n\t<div class=\"wpb_text_column wpb_content_element \" >\n\t\t<div class=\"wpb_wrapper\">\n\t\t\t<p>67474041<\/p>\n\n\t\t<\/div>\n\t<\/div>\n<\/div><\/div><\/div><\/div><\/div><\/div><\/div><div class=\"wpb_column vc_column_container vc_col-sm-4\"><div class=\"vc_column-inner\"><div class=\"wpb_wrapper\"><\/div><\/div><\/div><\/div>\n","protected":false},"excerpt":{"rendered":"R\u012bgas Centra humanit\u0101r\u0101 vidusskola 67474239 chvs@riga.lvSkolas kancelejas (lietved\u012bba) darba laiks laiks vasaras period\u0101 no plkst. 9:00 l\u012bdz 13:00. https:\/\/www.latvija.lv\/lv\/Eaddress\/write?address=_default@40900010383 R\u012bgas&nbsp;<a href=\"https:\/\/www.rchv.lv\/web\/par-mums\/kontakti\">&hellip;<\/a>","protected":false},"author":4,"featured_media":0,"parent":2758,"menu_order":10,"comment_status":"closed","ping_status":"closed","template":"template-sidebar-right-childpages.php","meta":{"inline_featured_image":false,"footnotes":""},"class_list":["post-9371","page","type-page","status-publish","hentry","odd"],"_links":{"self":[{"href":"https:\/\/www.rchv.lv\/web\/wp-json\/wp\/v2\/pages\/9371","targetHints":{"allow":["GET"]}}],"collection":[{"href":"https:\/\/www.rchv.lv\/web\/wp-json\/wp\/v2\/pages"}],"about":[{"href":"https:\/\/www.rchv.lv\/web\/wp-json\/wp\/v2\/types\/page"}],"author":[{"embeddable":true,"href":"https:\/\/www.rchv.lv\/web\/wp-json\/wp\/v2\/users\/4"}],"replies":[{"embeddable":true,"href":"https:\/\/www.rchv.lv\/web\/wp-json\/wp\/v2\/comments?post=9371"}],"version-history":[{"count":7,"href":"https:\/\/www.rchv.lv\/web\/wp-json\/wp\/v2\/pages\/9371\/revisions"}],"predecessor-version":[{"id":13480,"href":"https:\/\/www.rchv.lv\/web\/wp-json\/wp\/v2\/pages\/9371\/revisions\/13480"}],"up":[{"embeddable":true,"href":"https:\/\/www.rchv.lv\/web\/wp-json\/wp\/v2\/pages\/2758"}],"wp:attachment":[{"href":"https:\/\/www.rchv.lv\/web\/wp-json\/wp\/v2\/media?parent=9371"}],"curies":[{"name":"wp","href":"https:\/\/api.w.org\/{rel}","templated":true}]}}